{"id":14473,"date":"2023-08-21T09:18:05","date_gmt":"2023-08-21T09:18:05","guid":{"rendered":"https:\/\/france-gastronomie.shop\/?post_type=product&#038;p=14473"},"modified":"2023-12-20T00:17:30","modified_gmt":"2023-12-20T00:17:30","slug":"cremant-reserve-de-labbaye-cuvee-arthur-metz","status":"publish","type":"product","link":"https:\/\/france-gastronomie.shop\/en\/produit\/cremant-reserve-de-labbaye-cuvee-arthur-metz\/","title":{"rendered":"Cr\u00e9mant R\u00e9serve de l&#8217;Abbaye Cuv\u00e9e <br\/> Arthur Metz"},"content":{"rendered":"<h5 class=\"h1\">Cr\u00e9mant R\u00e9serve de l&#8217;Abbaye Cuv\u00e9e<\/h5>\n<h5>AOP Cr\u00e9mant d&#8217;Alsace<br \/>\nArthur Metz<\/h5>\n<p>This 1904 cuv\u00e9e celebrates the beginning of the Metz family&#8217;s winegrowing history. A Cr\u00e9mant with fine bubbles and full-bodied aromas.<\/p>\n<p>Grapes harvested by hand when perfectly ripe<br \/>\nTraditional method<br \/>\nAged on laths<br \/>\nFine and regular bubbles<\/p>\n<p>Grape variety<br \/>\nAuxerrois, Pinot Blanc, Pinot Gris, Pinot Noir, Chardonnay<\/p>\n<p>Tasting notes<br \/>\nTo the eye: light yellow with golden highlights, fine mousse<br \/>\nNose: delicate, floral with notes of white fruit<br \/>\nPalate: fine, pleasant bubbles, elegant palate with a fruity finish<\/p>\n<p>Food and wine pairing<br \/>\nIndividual savoury bites, mignardises, white fish (sea bass, sea bream, etc.), fresh cheeses (with garlic, chives, etc.), mature goat&#8217;s cheeses, summer fruit salad.<\/p>\n<p>Serving temperature: 8-10\u00b0C<br \/>\nAlcohol content: 12\u00b0<br \/>\nSweetness: brut<br \/>\nCellaring: 1-3 years<\/p>\n","protected":false},"excerpt":{"rendered":"<h5>Arthur Metz<\/h5>\n<p>Since 1904, we&#8217;ve been working to bring you top-quality vintages. Our ranges, combining tradition and modernity, accessibility and prestige, offer a wide choice for all lovers of fine bubbles.<\/p>\n","protected":false},"featured_media":14476,"comment_status":"open","ping_status":"closed","template":"","meta":[],"product_brand":[],"product_cat":[322,328,333,334,329,332,324,325],"product_tag":[],"class_list":{"0":"post-14473","1":"product","2":"type-product","3":"status-publish","4":"has-post-thumbnail","6":"product_cat-wines","7":"product_cat-great-wines","8":"product_cat-regions-en","9":"product_cat-alsace-en","10":"product_cat-sparkling","11":"product_cat-cremant-en","12":"product_cat-color","13":"product_cat-white-wine","15":"first","16":"instock","17":"taxable","18":"shipping-taxable","19":"purchasable","20":"product-type-simple"},"jetpack_sharing_enabled":true,"_links":{"self":[{"href":"https:\/\/france-gastronomie.shop\/en\/wp-json\/wp\/v2\/product\/14473","targetHints":{"allow":["GET"]}}],"collection":[{"href":"https:\/\/france-gastronomie.shop\/en\/wp-json\/wp\/v2\/product"}],"about":[{"href":"https:\/\/france-gastronomie.shop\/en\/wp-json\/wp\/v2\/types\/product"}],"replies":[{"embeddable":true,"href":"https:\/\/france-gastronomie.shop\/en\/wp-json\/wp\/v2\/comments?post=14473"}],"wp:featuredmedia":[{"embeddable":true,"href":"https:\/\/france-gastronomie.shop\/en\/wp-json\/wp\/v2\/media\/14476"}],"wp:attachment":[{"href":"https:\/\/france-gastronomie.shop\/en\/wp-json\/wp\/v2\/media?parent=14473"}],"wp:term":[{"taxonomy":"product_brand","embeddable":true,"href":"https:\/\/france-gastronomie.shop\/en\/wp-json\/wp\/v2\/product_brand?post=14473"},{"taxonomy":"product_cat","embeddable":true,"href":"https:\/\/france-gastronomie.shop\/en\/wp-json\/wp\/v2\/product_cat?post=14473"},{"taxonomy":"product_tag","embeddable":true,"href":"https:\/\/france-gastronomie.shop\/en\/wp-json\/wp\/v2\/product_tag?post=14473"}],"curies":[{"name":"wp","href":"https:\/\/api.w.org\/{rel}","templated":true}]}}