{"id":14467,"date":"2023-08-21T08:56:37","date_gmt":"2023-08-21T08:56:37","guid":{"rendered":"https:\/\/france-gastronomie.shop\/?post_type=product&#038;p=14467"},"modified":"2024-01-17T12:17:11","modified_gmt":"2024-01-17T12:17:11","slug":"cremant-reserve-de-labbaye-rose-arthur-metz","status":"publish","type":"product","link":"https:\/\/france-gastronomie.shop\/en\/produit\/cremant-reserve-de-labbaye-rose-arthur-metz\/","title":{"rendered":"Cr\u00e9mant R\u00e9serve de l&#8217;Abbaye Ros\u00e9 <br\/> Arthur Metz"},"content":{"rendered":"<h5 class=\"h1\">Cr\u00e9mant R\u00e9serve de l&#8217;Abbaye Ros\u00e9<\/h5>\n<h5>AOP Cr\u00e9mant d&#8217;Alsace<br \/>\nArthur Metz<\/h5>\n<p>The finesse of this Cr\u00e9mant is mainly achieved through a strict selection of grapes. Made exclusively from Pinot Noir grapes, this Cr\u00e9mant d&#8217;Alsace is made from the best grapes of the harvest.<\/p>\n<p>Grapes harvested by hand when perfectly ripe<br \/>\nTraditional method<br \/>\nAged on laths<br \/>\nSoft bubbles<\/p>\n<p>Grape variety<br \/>\nPinot Noir<\/p>\n<p>Tasting notes<br \/>\nTo the eye: peachy pink<br \/>\nNose: delicate notes of red berries<br \/>\nPalate: Round and delicious, good length and harmonious balance, with a spicy finish<\/p>\n<p>Food and wine pairing<br \/>\nIndividual savoury bites, blopignon, tapas, grilled vegetables, couscous, spicy dishes, flavoured cheeses, strawberry charlotte.<\/p>\n<p>Serving temperature: 8-10\u00b0C<br \/>\nAlcohol content: 12\u00b0<br \/>\nSweetness: sec<br \/>\nCellaring: 1-3 years<\/p>\n","protected":false},"excerpt":{"rendered":"<h5>Arthur Metz<\/h5>\n<p>Since 1904, we&#8217;ve been working to bring you top-quality vintages. Our ranges, combining tradition and modernity, accessibility and prestige, offer a wide choice for all lovers of fine bubbles.<\/p>\n","protected":false},"featured_media":14470,"comment_status":"open","ping_status":"closed","template":"","meta":[],"product_brand":[],"product_cat":[322,328,333,334,329,332,324,326],"product_tag":[],"class_list":{"0":"post-14467","1":"product","2":"type-product","3":"status-publish","4":"has-post-thumbnail","6":"product_cat-wines","7":"product_cat-great-wines","8":"product_cat-regions-en","9":"product_cat-alsace-en","10":"product_cat-sparkling","11":"product_cat-cremant-en","12":"product_cat-color","13":"product_cat-rose-wine","15":"first","16":"instock","17":"taxable","18":"shipping-taxable","19":"purchasable","20":"product-type-simple"},"jetpack_sharing_enabled":true,"_links":{"self":[{"href":"https:\/\/france-gastronomie.shop\/en\/wp-json\/wp\/v2\/product\/14467","targetHints":{"allow":["GET"]}}],"collection":[{"href":"https:\/\/france-gastronomie.shop\/en\/wp-json\/wp\/v2\/product"}],"about":[{"href":"https:\/\/france-gastronomie.shop\/en\/wp-json\/wp\/v2\/types\/product"}],"replies":[{"embeddable":true,"href":"https:\/\/france-gastronomie.shop\/en\/wp-json\/wp\/v2\/comments?post=14467"}],"wp:featuredmedia":[{"embeddable":true,"href":"https:\/\/france-gastronomie.shop\/en\/wp-json\/wp\/v2\/media\/14470"}],"wp:attachment":[{"href":"https:\/\/france-gastronomie.shop\/en\/wp-json\/wp\/v2\/media?parent=14467"}],"wp:term":[{"taxonomy":"product_brand","embeddable":true,"href":"https:\/\/france-gastronomie.shop\/en\/wp-json\/wp\/v2\/product_brand?post=14467"},{"taxonomy":"product_cat","embeddable":true,"href":"https:\/\/france-gastronomie.shop\/en\/wp-json\/wp\/v2\/product_cat?post=14467"},{"taxonomy":"product_tag","embeddable":true,"href":"https:\/\/france-gastronomie.shop\/en\/wp-json\/wp\/v2\/product_tag?post=14467"}],"curies":[{"name":"wp","href":"https:\/\/api.w.org\/{rel}","templated":true}]}}