{"id":13105,"date":"2022-01-18T11:36:05","date_gmt":"2022-01-18T11:36:05","guid":{"rendered":"https:\/\/france-gastronomie.shop\/?post_type=product&#038;p=13105"},"modified":"2025-10-20T09:38:03","modified_gmt":"2025-10-20T09:38:03","slug":"cremant-chateau-cazeau-cremant-de-bordeaux","status":"publish","type":"product","link":"https:\/\/france-gastronomie.shop\/en\/produit\/cremant-chateau-cazeau-cremant-de-bordeaux\/","title":{"rendered":"Cr\u00e9mant Ch\u00e2teau Cazeau <br\/> Cr\u00e9mant de Bordeaux"},"content":{"rendered":"<h5>Cr\u00e9mant Ch\u00e2teau Cazeau<br \/>\nCr\u00e9mant de Bordeaux &#8211; Brut<\/h5>\n<p>Terroir<br \/>\nCh\u00e2teau Cazeau is a magnificent Gironde chartreuse whose origins date back to the 16th century. It is ideally situated in Gornac, on one of the oldest roads in the Entre-Deux-Mers region, just a few kilometres east of Sauveterre de Guyenne.<br \/>\nIts vineyard of more than 300 hectares benefits from an exceptional situation on slopes at an altitude of 110 metres and mainly facing south. Planted all around the<br \/>\nch\u00e2teau, the vines are judiciously distributed between red and white grape varieties according to the terroirs. With an average age of 35 years, they are carefully cultivated in a traditional way and with respect for their environment. The vast cellar is equipped with all the modern facilities (temperature control, pneumatic presses, micro-oxygenation) necessary to produce great wines.<\/p>\n<p>Cultivation<br \/>\nSustainable cultivation<br \/>\nManual pruning<br \/>\nSoils enriched with organic compost<\/p>\n<p>Vinification<br \/>\nLimitation of yields<br \/>\nPicking by hand<br \/>\nGentle pressing<br \/>\nTaking of foam in the bottle for the second fermentation<br \/>\nAging, riddling, disgorging and drawing<br \/>\nAgeing for at least 12 months on slats<\/p>\n<p>Grape varieties<br \/>\nCabernet Franc, Muscadelle, S\u00e9millon<\/p>\n<p>Tasting notes<br \/>\nWith its golden colour and fine bubbles, Ch\u00e2teau Cazeau reveals delicious notes of citrus and acacia,<br \/>\nmingled with spices and torrefied aromas. The palate is elegant, well balanced and and persistent on a long and fruity finish.<\/p>\n<p>Food &amp; wine pairing<br \/>\nThe Cr\u00e9mant Ch\u00e2teau Cazeau will be perfect with smoked salmon toast, a shellfish platter or with desserts.<br \/>\nEnjoy served at 8\u00b0C<\/p>\n","protected":false},"excerpt":{"rendered":"<h5>Cr\u00e9mant Ch\u00e2teau Cazeau<br \/>\nCr\u00e9mant de Bordeaux &#8211; Brut<\/h5>\n<p>Maison Le Star is the fulfilment of a dream and the expression of a deep passion.<br \/>\nWith the help of our team of wine professionals, oenologists and sommeliers who strive to ensure the quality of the wines we produce and select, my aim is to give future wine lovers and connaisseurs throughout the world the opportunity to discover exceptional French wines at accessible prices.<\/p>\n<p>Grape varieties<br \/>\n56% S\u00e9millon, 25% Merlot, 9% Cabernet Franc, 9% Muscadelle, 1% Ugni blanc<\/p>\n","protected":false},"featured_media":9741,"comment_status":"closed","ping_status":"closed","template":"","meta":[],"product_brand":[],"product_cat":[322,333,340,329,332,324,325],"product_tag":[],"class_list":{"0":"post-13105","1":"product","2":"type-product","3":"status-publish","4":"has-post-thumbnail","6":"product_cat-wines","7":"product_cat-regions-en","8":"product_cat-bordeaux-en","9":"product_cat-sparkling","10":"product_cat-cremant-en","11":"product_cat-color","12":"product_cat-white-wine","14":"first","15":"instock","16":"taxable","17":"shipping-taxable","18":"purchasable","19":"product-type-simple"},"jetpack_sharing_enabled":true,"_links":{"self":[{"href":"https:\/\/france-gastronomie.shop\/en\/wp-json\/wp\/v2\/product\/13105","targetHints":{"allow":["GET"]}}],"collection":[{"href":"https:\/\/france-gastronomie.shop\/en\/wp-json\/wp\/v2\/product"}],"about":[{"href":"https:\/\/france-gastronomie.shop\/en\/wp-json\/wp\/v2\/types\/product"}],"replies":[{"embeddable":true,"href":"https:\/\/france-gastronomie.shop\/en\/wp-json\/wp\/v2\/comments?post=13105"}],"wp:featuredmedia":[{"embeddable":true,"href":"https:\/\/france-gastronomie.shop\/en\/wp-json\/wp\/v2\/media\/9741"}],"wp:attachment":[{"href":"https:\/\/france-gastronomie.shop\/en\/wp-json\/wp\/v2\/media?parent=13105"}],"wp:term":[{"taxonomy":"product_brand","embeddable":true,"href":"https:\/\/france-gastronomie.shop\/en\/wp-json\/wp\/v2\/product_brand?post=13105"},{"taxonomy":"product_cat","embeddable":true,"href":"https:\/\/france-gastronomie.shop\/en\/wp-json\/wp\/v2\/product_cat?post=13105"},{"taxonomy":"product_tag","embeddable":true,"href":"https:\/\/france-gastronomie.shop\/en\/wp-json\/wp\/v2\/product_tag?post=13105"}],"curies":[{"name":"wp","href":"https:\/\/api.w.org\/{rel}","templated":true}]}}