{"id":13098,"date":"2022-01-17T09:05:41","date_gmt":"2022-01-17T09:05:41","guid":{"rendered":"https:\/\/france-gastronomie.shop\/?post_type=product&#038;p=13098"},"modified":"2025-10-31T10:52:01","modified_gmt":"2025-10-31T10:52:01","slug":"entre-parentheses-vin-de-bordeaux-2","status":"publish","type":"product","link":"https:\/\/france-gastronomie.shop\/en\/produit\/entre-parentheses-vin-de-bordeaux-2\/","title":{"rendered":"Entre-Parenth\u00e8ses <br\/> Vin de Bordeaux"},"content":{"rendered":"<h5>Entre-Parenth\u00e8ses<\/h5>\n<h5>AOC Vin de Bordeaux<\/h5>\n<p><span class=\"markedContent\"><span dir=\"ltr\" role=\"presentation\">TERROIR<\/span><\/span><br \/>\nThe result of our winemakers\u2019 rigorous selection work, Entre Parenth\u00e8ses represents the quintessence of the finest clay-limestone terroirs of the Bordeaux wine region. These terroirs have been specially selected for<br \/>\ntheir ability to produce distinguished wines of lovely aromatic intensity.<\/p>\n<p>VINIFICATION<br \/>\nThe grapes are fermented in stainless steel vats at a controlled temperature of 20\u00b0C., with regular pumping-over to obtain a deep color and concentrated aromas.<\/p>\n<p>GRAPE VARIETY<br \/>\nMerlot (92%), Cabernet Franc (4%), Cabernet Sauvignon (2%), Malbec (2%)<\/p>\n<p>TASTING NOTES<br \/>\nEntre Parenth\u00e8ses Bordeaux has a deep and limpid color with shades of red ruby. It reveals a pleasant bouquet ripe small red fruit and a hint of soft spices.<br \/>\nThe palate is round and well-balanced, surrounded by structured and well-blended tannins. A modern and straightforward Bordeaux.<\/p>\n<p>FOOD &amp; WINE PAIRING<br \/>\nEntre Parenth\u00e8ses is perfect for relaxed drinking occasions, whether served as an aperitif , with simple<br \/>\ndishes (burgers, p\u00e2tes) or more refined (duck breast, entrec\u00f4te). It will also accompany well some cheese, such as Comt\u00e9.<br \/>\nServe between 16 and 18\u00b0C.<\/p>\n","protected":false},"excerpt":{"rendered":"<h2><span style=\"color: #ff0000;\"><strong>Attention!!<\/strong><\/span><br \/>\n<span style=\"color: #ff0000;\"><strong>You can take advantage of an exceptional promotional offer\u00a0<a style=\"color: #ff0000;\" href=\"https:\/\/france-gastronomie.shop\/en\/category\/our-advice\/\">HERE<\/a><\/strong><\/span><\/h2>\n<h5>AOC Vin de Bordeaux<\/h5>\n<p>Maison Le Star is the fulfilment of a dream and the expression of a deep passion.<br \/>\nWith the help of our team of wine professionals, oenologists and sommeliers who strive to ensure the quality of the wines we produce and select, my aim is to give future wine lovers and connaisseurs throughout the world the opportunity to discover exceptional French wines at accessible prices.<\/p>\n<p>Grapes varieties<br \/>\nMerlot (92%), Cabernet Franc (4%), Cabernet Sauvignon (2%), Malbec (2%)<\/p>\n","protected":false},"featured_media":9771,"comment_status":"open","ping_status":"closed","template":"","meta":[],"product_brand":[],"product_cat":[322,340,358,324,327],"product_tag":[],"class_list":{"0":"post-13098","1":"product","2":"type-product","3":"status-publish","4":"has-post-thumbnail","6":"product_cat-wines","7":"product_cat-bordeaux-en","8":"product_cat-vins-de-bordeaux-en","9":"product_cat-color","10":"product_cat-red-wine","12":"first","13":"instock","14":"sale","15":"taxable","16":"shipping-taxable","17":"purchasable","18":"product-type-simple"},"jetpack_sharing_enabled":true,"_links":{"self":[{"href":"https:\/\/france-gastronomie.shop\/en\/wp-json\/wp\/v2\/product\/13098","targetHints":{"allow":["GET"]}}],"collection":[{"href":"https:\/\/france-gastronomie.shop\/en\/wp-json\/wp\/v2\/product"}],"about":[{"href":"https:\/\/france-gastronomie.shop\/en\/wp-json\/wp\/v2\/types\/product"}],"replies":[{"embeddable":true,"href":"https:\/\/france-gastronomie.shop\/en\/wp-json\/wp\/v2\/comments?post=13098"}],"wp:featuredmedia":[{"embeddable":true,"href":"https:\/\/france-gastronomie.shop\/en\/wp-json\/wp\/v2\/media\/9771"}],"wp:attachment":[{"href":"https:\/\/france-gastronomie.shop\/en\/wp-json\/wp\/v2\/media?parent=13098"}],"wp:term":[{"taxonomy":"product_brand","embeddable":true,"href":"https:\/\/france-gastronomie.shop\/en\/wp-json\/wp\/v2\/product_brand?post=13098"},{"taxonomy":"product_cat","embeddable":true,"href":"https:\/\/france-gastronomie.shop\/en\/wp-json\/wp\/v2\/product_cat?post=13098"},{"taxonomy":"product_tag","embeddable":true,"href":"https:\/\/france-gastronomie.shop\/en\/wp-json\/wp\/v2\/product_tag?post=13098"}],"curies":[{"name":"wp","href":"https:\/\/api.w.org\/{rel}","templated":true}]}}