{"id":12741,"date":"2021-10-29T06:55:13","date_gmt":"2021-10-29T06:55:13","guid":{"rendered":"https:\/\/france-gastronomie.shop\/produit\/jean-francois-protheau-bourgogne-chardonnay\/"},"modified":"2025-12-12T08:52:39","modified_gmt":"2025-12-12T08:52:39","slug":"jean-francois-protheau-bourgogne-chardonnay","status":"publish","type":"product","link":"https:\/\/france-gastronomie.shop\/en\/produit\/jean-francois-protheau-bourgogne-chardonnay\/","title":{"rendered":"AOP Bourgogne <br\/> JF Protheau 2023"},"content":{"rendered":"<h5>Jean-Francois Protheau<br \/>\nAOP Bourgogne &#8211; Chardonnay<\/h5>\n<p>Grape varieties<br \/>\nChardonnay<\/p>\n<p>Origin<br \/>\nBurgundy is a specialist of chardonnay, with a perfect terroir to make expressive wines.<\/p>\n<p>Vinification<br \/>\nTraditional vinification: the grapes are pressed immediately upon arrival at the winery in pneumatic presses. Settling, cold storing for 48h.<br \/>\nFermentation in stainless steel vats thermo-regulated at 16\/20\u00b0C to preserve the aromas.<br \/>\nA part of the wine is aged in oak barrel and the other part on on total lies between 8 to 16 months with regular stirring to gain depth and complexity.<\/p>\n<p>Soil<br \/>\nClay and limestone soil.<\/p>\n<p>Sensory characteristic<br \/>\nColour: clear yellow color<br \/>\nNose: fresh and elegant aromas of white flowers, lime and hazelnut.<br \/>\nPalate: beautiful acidity balanced with some toasty and dry fruits notes.<\/p>\n<p>Accords<br \/>\nPerfect with fresh fish, seafood and poultry.<\/p>\n<p>Serving condition in C\u00b0: 11-13\u00b0C<\/p>\n<p>Alcohol content: 13<br \/>\nCellar potential: Drink within 2 years.<br \/>\nAcidity G\/L: 0<\/p>\n","protected":false},"excerpt":{"rendered":"<h5>Jean-Francois Protheau<br \/>\nAOP Bourgogne &#8211; Chardonnay<\/h5>\n<p>It was in 1720 that the Protheau family, owners of Ch\u00e2teau d&#8217;Etroyes, began to cultivate vines on the Mercurey soils.<br \/>\nIt was from these years onwards that the estate began to expand, from generation to generation.<\/p>\n<p>A unique signature<br \/>\nOur wines are made from the best qualities of each terroir of the vineyard, from the Chablisien to the Beaujolais crus, via the C\u00f4te de Nuits,<br \/>\nC\u00f4te de Beaune, C\u00f4te Ch\u00e2lonnaise and M\u00e2connais, showcasing the finest expressions of the vineyard&#8217;s emblematic varieties:<br \/>\nPinot Noir, Chardonnay and Gamay.<\/p>\n","protected":false},"featured_media":12740,"comment_status":"open","ping_status":"closed","template":"","meta":[],"product_brand":[],"product_cat":[322,333,359,324,325],"product_tag":[],"class_list":{"0":"post-12741","1":"product","2":"type-product","3":"status-publish","4":"has-post-thumbnail","6":"product_cat-wines","7":"product_cat-regions-en","8":"product_cat-bourgogne-en","9":"product_cat-color","10":"product_cat-white-wine","12":"first","13":"instock","14":"taxable","15":"shipping-taxable","16":"purchasable","17":"product-type-simple"},"jetpack_sharing_enabled":true,"_links":{"self":[{"href":"https:\/\/france-gastronomie.shop\/en\/wp-json\/wp\/v2\/product\/12741","targetHints":{"allow":["GET"]}}],"collection":[{"href":"https:\/\/france-gastronomie.shop\/en\/wp-json\/wp\/v2\/product"}],"about":[{"href":"https:\/\/france-gastronomie.shop\/en\/wp-json\/wp\/v2\/types\/product"}],"replies":[{"embeddable":true,"href":"https:\/\/france-gastronomie.shop\/en\/wp-json\/wp\/v2\/comments?post=12741"}],"wp:featuredmedia":[{"embeddable":true,"href":"https:\/\/france-gastronomie.shop\/en\/wp-json\/wp\/v2\/media\/12740"}],"wp:attachment":[{"href":"https:\/\/france-gastronomie.shop\/en\/wp-json\/wp\/v2\/media?parent=12741"}],"wp:term":[{"taxonomy":"product_brand","embeddable":true,"href":"https:\/\/france-gastronomie.shop\/en\/wp-json\/wp\/v2\/product_brand?post=12741"},{"taxonomy":"product_cat","embeddable":true,"href":"https:\/\/france-gastronomie.shop\/en\/wp-json\/wp\/v2\/product_cat?post=12741"},{"taxonomy":"product_tag","embeddable":true,"href":"https:\/\/france-gastronomie.shop\/en\/wp-json\/wp\/v2\/product_tag?post=12741"}],"curies":[{"name":"wp","href":"https:\/\/api.w.org\/{rel}","templated":true}]}}