{"id":12735,"date":"2021-10-29T06:31:22","date_gmt":"2021-10-29T06:31:22","guid":{"rendered":"https:\/\/france-gastronomie.shop\/produit\/jean-francois-protheau-moulin-a-vent\/"},"modified":"2025-11-22T16:05:59","modified_gmt":"2025-11-22T16:05:59","slug":"jean-francois-protheau-moulin-a-vent","status":"publish","type":"product","link":"https:\/\/france-gastronomie.shop\/en\/produit\/jean-francois-protheau-moulin-a-vent\/","title":{"rendered":"AOP Moulin-\u00e0-Vent <br\/> JF Protheau 2022"},"content":{"rendered":"<h5>Jean-Francois Protheau<br \/>\nAOP Moulin-\u00e0-Vent<\/h5>\n<p>Grape varieties<br \/>\nGamay<\/p>\n<p>Origin<br \/>\nThe name Moulin \u00e0 Vent owes its name to the emblematic mill at the top of the hill that dominates the vineyards of the oldest AOP of Beaujolais. The Moulin \u00e0 Vent appellatio n covers the best slopes of Roman\u00e8che-Thorins and Ch\u00e9nas.<\/p>\n<p>Vinification<br \/>\nTraditional vinification. Maceration in open, temperaturecontrolled stainless steel tanks. Long fermentation during which pumping over is performed. The wines are aged on fine lees for 10 months in stainless steel.<\/p>\n<p>Soil<br \/>\nThe soil is granitic with shale and clay veins.<\/p>\n<p>Sensory characteristic<br \/>\nColour: purple red. Over time it will develop a deep garnet color.<br \/>\nNose: in its youth, fruity and floral notes dominate such as ripe cherry and violet. With ageing the bouquet becomes more spicy and complex, with aromas of truffl or musk.<br \/>\nPalate: the finesse of its tannins and the persistence of its aromas provide unparalleled pleasure. Fleshy, velvety, often mineral, this wine offers oaked notes due to barrel ageing.<\/p>\n<p>Accords<br \/>\nExcellent with grilled meat.<\/p>\n<p>Serving condition in C\u00b0: 14-16\u00b0C<\/p>\n<p>Alcohol content: 13,5<br \/>\nCellar potential: Drink within 3-5 years.<br \/>\nAcidity G\/L: 0<\/p>\n","protected":false},"excerpt":{"rendered":"<h5>Jean-Francois Protheau<br \/>\nAOP Moulin-\u00e0-Vent<\/h5>\n<p>It was in 1720 that the Protheau family, owners of Ch\u00e2teau d&#8217;Etroyes, began to cultivate vines on the Mercurey soils.<br \/>\nIt was from these years onwards that the estate began to expand, from generation to generation.<\/p>\n<p>A unique signature<br \/>\nOur wines are made from the best qualities of each terroir of the vineyard, from the Chablisien to the Beaujolais crus, via the C\u00f4te de Nuits,<br \/>\nC\u00f4te de Beaune, C\u00f4te Ch\u00e2lonnaise and M\u00e2connais, showcasing the finest expressions of the vineyard&#8217;s emblematic varieties:<br \/>\nPinot Noir, Chardonnay and Gamay.<\/p>\n","protected":false},"featured_media":12734,"comment_status":"open","ping_status":"closed","template":"","meta":[],"product_brand":[],"product_cat":[322,333,359,324,327],"product_tag":[],"class_list":{"0":"post-12735","1":"product","2":"type-product","3":"status-publish","4":"has-post-thumbnail","6":"product_cat-wines","7":"product_cat-regions-en","8":"product_cat-bourgogne-en","9":"product_cat-color","10":"product_cat-red-wine","12":"first","13":"instock","14":"taxable","15":"shipping-taxable","16":"purchasable","17":"product-type-simple"},"jetpack_sharing_enabled":true,"_links":{"self":[{"href":"https:\/\/france-gastronomie.shop\/en\/wp-json\/wp\/v2\/product\/12735","targetHints":{"allow":["GET"]}}],"collection":[{"href":"https:\/\/france-gastronomie.shop\/en\/wp-json\/wp\/v2\/product"}],"about":[{"href":"https:\/\/france-gastronomie.shop\/en\/wp-json\/wp\/v2\/types\/product"}],"replies":[{"embeddable":true,"href":"https:\/\/france-gastronomie.shop\/en\/wp-json\/wp\/v2\/comments?post=12735"}],"wp:featuredmedia":[{"embeddable":true,"href":"https:\/\/france-gastronomie.shop\/en\/wp-json\/wp\/v2\/media\/12734"}],"wp:attachment":[{"href":"https:\/\/france-gastronomie.shop\/en\/wp-json\/wp\/v2\/media?parent=12735"}],"wp:term":[{"taxonomy":"product_brand","embeddable":true,"href":"https:\/\/france-gastronomie.shop\/en\/wp-json\/wp\/v2\/product_brand?post=12735"},{"taxonomy":"product_cat","embeddable":true,"href":"https:\/\/france-gastronomie.shop\/en\/wp-json\/wp\/v2\/product_cat?post=12735"},{"taxonomy":"product_tag","embeddable":true,"href":"https:\/\/france-gastronomie.shop\/en\/wp-json\/wp\/v2\/product_tag?post=12735"}],"curies":[{"name":"wp","href":"https:\/\/api.w.org\/{rel}","templated":true}]}}