{"id":12726,"date":"2021-10-29T05:18:03","date_gmt":"2021-10-29T05:18:03","guid":{"rendered":"https:\/\/france-gastronomie.shop\/produit\/jean-francois-protheau-saint-amour\/"},"modified":"2025-11-22T15:48:38","modified_gmt":"2025-11-22T15:48:38","slug":"jean-francois-protheau-saint-amour","status":"publish","type":"product","link":"https:\/\/france-gastronomie.shop\/en\/produit\/jean-francois-protheau-saint-amour\/","title":{"rendered":"AOP Saint-Amour <br\/> JF Protheau 2023"},"content":{"rendered":"<h5>Jean-Francois Protheau<br \/>\nAOP Saint Amour<\/h5>\n<p>Grape varieties<br \/>\nGamay<\/p>\n<p>Origin<br \/>\nSaint-Amour covers the commune of Saint-Amour-Bellevue, in the Sa\u00f4ne-et-Loire, at the northern end of the Beaujolais vineyards. It is one of the ten Beaujolais Crus.<\/p>\n<p>Vinification<br \/>\nManual harvest. Whole harvest vatting, so-called semicarbonic vinification, maceration of 7 to 9 days. Aging in vats to keep the maximum of freshness and fruits.<\/p>\n<p>Soil<br \/>\nSandy granite slopes, gravel and colluvium silty clay.<\/p>\n<p>Sensory characteristic<br \/>\nColour: intense garnet color with purple reflections.<br \/>\nNose: Floral notes of poppy, violet, and peony are fully expressed in the first nose. More fruity aromas of cherry and red currant then complicate this expressive and<br \/>\ncharming bouquet.<br \/>\nPalate: On the palate it is a rich wine, full with beautiful notes of wild strawberry, with a soft and generous structure. A tangy touch arrives to waken the finish and brings crunch and indulgence.<\/p>\n<p>Accords<br \/>\nExcellent with grilled meat (lamb chops or pork), delicate white meat (rabbit, chicken), chicken terrine.<\/p>\n<p>Serving condition in C\u00b0: 14-156\u00b0C<\/p>\n<p>Alcohol content: 13,5<br \/>\nCellar potential: Drink within 2 years.<br \/>\nAcidity G\/L: 0<\/p>\n","protected":false},"excerpt":{"rendered":"<h5>Jean-Francois Protheau<br \/>\nAOP Saint Amour<\/h5>\n<p>It was in 1720 that the Protheau family, owners of Ch\u00e2teau d&#8217;Etroyes, began to cultivate vines on the Mercurey soils.<br \/>\nIt was from these years onwards that the estate began to expand, from generation to generation.<\/p>\n<p>A unique signature<br \/>\nOur wines are made from the best qualities of each terroir of the vineyard, from the Chablisien to the Beaujolais crus, via the C\u00f4te de Nuits,<br \/>\nC\u00f4te de Beaune, C\u00f4te Ch\u00e2lonnaise and M\u00e2connais, showcasing the finest expressions of the vineyard&#8217;s emblematic varieties:<br \/>\nPinot Noir, Chardonnay and Gamay.<\/p>\n","protected":false},"featured_media":12724,"comment_status":"open","ping_status":"closed","template":"","meta":[],"product_brand":[],"product_cat":[322,333,359,324,327],"product_tag":[],"class_list":{"0":"post-12726","1":"product","2":"type-product","3":"status-publish","4":"has-post-thumbnail","6":"product_cat-wines","7":"product_cat-regions-en","8":"product_cat-bourgogne-en","9":"product_cat-color","10":"product_cat-red-wine","12":"first","13":"instock","14":"taxable","15":"shipping-taxable","16":"purchasable","17":"product-type-simple"},"jetpack_sharing_enabled":true,"_links":{"self":[{"href":"https:\/\/france-gastronomie.shop\/en\/wp-json\/wp\/v2\/product\/12726","targetHints":{"allow":["GET"]}}],"collection":[{"href":"https:\/\/france-gastronomie.shop\/en\/wp-json\/wp\/v2\/product"}],"about":[{"href":"https:\/\/france-gastronomie.shop\/en\/wp-json\/wp\/v2\/types\/product"}],"replies":[{"embeddable":true,"href":"https:\/\/france-gastronomie.shop\/en\/wp-json\/wp\/v2\/comments?post=12726"}],"wp:featuredmedia":[{"embeddable":true,"href":"https:\/\/france-gastronomie.shop\/en\/wp-json\/wp\/v2\/media\/12724"}],"wp:attachment":[{"href":"https:\/\/france-gastronomie.shop\/en\/wp-json\/wp\/v2\/media?parent=12726"}],"wp:term":[{"taxonomy":"product_brand","embeddable":true,"href":"https:\/\/france-gastronomie.shop\/en\/wp-json\/wp\/v2\/product_brand?post=12726"},{"taxonomy":"product_cat","embeddable":true,"href":"https:\/\/france-gastronomie.shop\/en\/wp-json\/wp\/v2\/product_cat?post=12726"},{"taxonomy":"product_tag","embeddable":true,"href":"https:\/\/france-gastronomie.shop\/en\/wp-json\/wp\/v2\/product_tag?post=12726"}],"curies":[{"name":"wp","href":"https:\/\/api.w.org\/{rel}","templated":true}]}}