{"id":12702,"date":"2021-10-27T07:55:51","date_gmt":"2021-10-27T07:55:51","guid":{"rendered":"https:\/\/france-gastronomie.shop\/produit\/jean-francois-protheau-saint-veran\/"},"modified":"2024-05-13T07:17:24","modified_gmt":"2024-05-13T07:17:24","slug":"jean-francois-protheau-saint-veran","status":"publish","type":"product","link":"https:\/\/france-gastronomie.shop\/en\/produit\/jean-francois-protheau-saint-veran\/","title":{"rendered":"AOP Saint-V\u00e9ran <br\/> JF Protheau"},"content":{"rendered":"<h5>Jean-Francois Protheau<br \/>\nAOP Saint-V\u00e9ran<\/h5>\n<p>Grape varieties<br \/>\nChardonnay<\/p>\n<p>Origin<br \/>\nAt the southern tip of the M\u00e2connais, this vineyard brings together several villages in the North (Priss\u00e9 and Davay\u00e9) and in the South (Leynes, Chasselas, Ch\u00e2nes, part of Solutr\u00e9-Pouilly and of course Saint-V\u00e9ran) of the Roche de Solutr\u00e9.<\/p>\n<p>Vinification<br \/>\nTraditional vinification. The grapes are pressed on arrival at the winery using pneumatic presses.<br \/>\nThe fermentation takes place in stainless steel tanks thermo-regulated at 16\u00b0C.<br \/>\nThe wines are aged on fine lees for 10 months in stainless steel.<\/p>\n<p>Soil<br \/>\nStony boulders and a soil of clay and limestone from the Jurassic era.<\/p>\n<p>Sensory characteristic<br \/>\nColour: clear yellow in colour.<br \/>\nNose: subtle aromas of white fruits (peach, pear), fern and almond.<br \/>\nPalate: the minerality dominates the palate with a lot of freshness. A well-balanced wine.<\/p>\n<p>Accords<br \/>\nPerfect with noble seafood (gambas, lobsters, crayfish\u2026) but also with foie gras and white meats with a creamy sauce (veal or poultry).<br \/>\nSushi pairs perfectly with its minerality. Ideal with Goat cheese.<\/p>\n<p>Serving condition in C\u00b0: 10-12\u00b0C<\/p>\n<p>Alcohol content: 13<br \/>\nCellar potential: Drink within 2 years.<br \/>\nAcidity G\/L: 0<\/p>\n","protected":false},"excerpt":{"rendered":"<h5>Jean-Francois Protheau<br \/>\nAOP Saint-V\u00e9ran<\/h5>\n<p>It was in 1720 that the Protheau family, owners of Ch\u00e2teau d&#8217;Etroyes, began to cultivate vines on the Mercurey soils.<br \/>\nIt was from these years onwards that the estate began to expand, from generation to generation.<\/p>\n<p>A unique signature<br \/>\nOur wines are made from the best qualities of each terroir of the vineyard, from the Chablisien to the Beaujolais crus, via the C\u00f4te de Nuits,<br \/>\nC\u00f4te de Beaune, C\u00f4te Ch\u00e2lonnaise and M\u00e2connais, showcasing the finest expressions of the vineyard&#8217;s emblematic varieties:<br \/>\nPinot Noir, Chardonnay and Gamay.<\/p>\n","protected":false},"featured_media":12701,"comment_status":"open","ping_status":"closed","template":"","meta":[],"product_brand":[],"product_cat":[322,333,359,372,324,325],"product_tag":[],"class_list":{"0":"post-12702","1":"product","2":"type-product","3":"status-publish","4":"has-post-thumbnail","6":"product_cat-wines","7":"product_cat-regions-en","8":"product_cat-bourgogne-en","9":"product_cat-saint-veran-en","10":"product_cat-color","11":"product_cat-white-wine","13":"first","14":"outofstock","15":"taxable","16":"shipping-taxable","17":"purchasable","18":"product-type-simple"},"jetpack_sharing_enabled":true,"_links":{"self":[{"href":"https:\/\/france-gastronomie.shop\/en\/wp-json\/wp\/v2\/product\/12702","targetHints":{"allow":["GET"]}}],"collection":[{"href":"https:\/\/france-gastronomie.shop\/en\/wp-json\/wp\/v2\/product"}],"about":[{"href":"https:\/\/france-gastronomie.shop\/en\/wp-json\/wp\/v2\/types\/product"}],"replies":[{"embeddable":true,"href":"https:\/\/france-gastronomie.shop\/en\/wp-json\/wp\/v2\/comments?post=12702"}],"wp:featuredmedia":[{"embeddable":true,"href":"https:\/\/france-gastronomie.shop\/en\/wp-json\/wp\/v2\/media\/12701"}],"wp:attachment":[{"href":"https:\/\/france-gastronomie.shop\/en\/wp-json\/wp\/v2\/media?parent=12702"}],"wp:term":[{"taxonomy":"product_brand","embeddable":true,"href":"https:\/\/france-gastronomie.shop\/en\/wp-json\/wp\/v2\/product_brand?post=12702"},{"taxonomy":"product_cat","embeddable":true,"href":"https:\/\/france-gastronomie.shop\/en\/wp-json\/wp\/v2\/product_cat?post=12702"},{"taxonomy":"product_tag","embeddable":true,"href":"https:\/\/france-gastronomie.shop\/en\/wp-json\/wp\/v2\/product_tag?post=12702"}],"curies":[{"name":"wp","href":"https:\/\/api.w.org\/{rel}","templated":true}]}}