{"id":1256,"date":"2020-08-18T04:31:30","date_gmt":"2020-08-18T04:31:30","guid":{"rendered":"https:\/\/france-gastronomie.shop\/produit\/la-couronne-du-prince-cotes-du-rhone\/"},"modified":"2024-11-04T11:29:40","modified_gmt":"2024-11-04T11:29:40","slug":"la-couronne-du-prince-cotes-du-rhone","status":"publish","type":"product","link":"https:\/\/france-gastronomie.shop\/en\/produit\/la-couronne-du-prince-cotes-du-rhone\/","title":{"rendered":"La Couronne <br\/> AOC C\u00f4tes du Rh\u00f4ne"},"content":{"rendered":"<h5>La Couronne du Prince<\/h5>\n<h5>AOC C\u00f4tes du Rh\u00f4ne<\/h5>\n<p>Soil<br \/>\nHillside or mourres clay, silicious and alpine deposits (Round pebbles).<\/p>\n<p>Winemaking<br \/>\nTotal destemming, 10 to 15 days traditional maceration in concrete tanks.<br \/>\nClassic pressing in pneumatic press and daily releases and pumping over.<br \/>\nControlled temperature of 27 to 32\u00b0 C.<\/p>\n<p>Aging<br \/>\n12 months in oak barrel (1\/3 New Oak)<\/p>\n<p>Varietals<br \/>\nGrenache 55%, Syrah 40%, Mourv\u00e8dre 5%<\/p>\n<p>Tasting notes<br \/>\nThis wine has been selected from the best parcels just outside of the Cheateauneuf du Pape area of appellation based on their soil, age and grape varieties with small yield. This wine is a blend of three classic grape varieties from the Chateauneuf du Pape area: Grenache, Syrah and Mourv\u00e8dre. Grenache brings strengh, fatness and softness. Syrah brings the structure, the spices with aromas of violets and a deep ruby colour. Mourv\u00e8dre brings tannins and body. Thanks to the oak barrel aging,<br \/>\nthe wine is very complex, showing ooasted notes of vanilla, grilled spices and liquorice perfume. This top Cuv\u00e9e of C\u00f4tes du Rh\u00f4ne is very sophisticated, well balanced and shows a lot of elegance and finesse.<\/p>\n<p>Mise en bouteille<br \/>\nEstate bottled<\/p>\n<p>Tasting advices<br \/>\nFrom now and can be kept 5 to 10 years.<br \/>\nServe at 16-18 \u00b0C.<\/p>\n<p>Food accompaniment<br \/>\nIt will perfectly match meat dishes cooked in sauce as well as game (Venison, wild boar\u2026) and ribeye steaks.<\/p>\n","protected":false},"excerpt":{"rendered":"<h5>AOC C\u00f4tes du Rh\u00f4ne<\/h5>\n<p>In 1925, a group of winegrowers convinced by the values of solidarity and mutual aid joined forces. Eleven years later, these visionary winegrowers participated in the construction of the first appellation in France: CH\u00c2TEAUNEUF-DU-PAPE.<br \/>\nThe 189 winegrowers of the CELLIER DES PRINCES, united as they were in the beginning, are proud to share their wines on all five continents and to transmit their values of conviviality and excellence.<\/p>\n<p>Varietals<br \/>\nGrenache 55%, Syrah 40%, Mourv\u00e8dre 5%<\/p>\n","protected":false},"featured_media":25140,"comment_status":"closed","ping_status":"closed","template":"","meta":[],"product_brand":[],"product_cat":[322,333,374,377,324,327],"product_tag":[],"class_list":{"0":"post-1256","1":"product","2":"type-product","3":"status-publish","4":"has-post-thumbnail","6":"product_cat-wines","7":"product_cat-regions-en","8":"product_cat-vallee-du-rhone-en","9":"product_cat-cotes-du-rhone-en","10":"product_cat-color","11":"product_cat-red-wine","13":"first","14":"instock","15":"taxable","16":"shipping-taxable","17":"purchasable","18":"product-type-simple"},"jetpack_sharing_enabled":true,"_links":{"self":[{"href":"https:\/\/france-gastronomie.shop\/en\/wp-json\/wp\/v2\/product\/1256","targetHints":{"allow":["GET"]}}],"collection":[{"href":"https:\/\/france-gastronomie.shop\/en\/wp-json\/wp\/v2\/product"}],"about":[{"href":"https:\/\/france-gastronomie.shop\/en\/wp-json\/wp\/v2\/types\/product"}],"replies":[{"embeddable":true,"href":"https:\/\/france-gastronomie.shop\/en\/wp-json\/wp\/v2\/comments?post=1256"}],"wp:featuredmedia":[{"embeddable":true,"href":"https:\/\/france-gastronomie.shop\/en\/wp-json\/wp\/v2\/media\/25140"}],"wp:attachment":[{"href":"https:\/\/france-gastronomie.shop\/en\/wp-json\/wp\/v2\/media?parent=1256"}],"wp:term":[{"taxonomy":"product_brand","embeddable":true,"href":"https:\/\/france-gastronomie.shop\/en\/wp-json\/wp\/v2\/product_brand?post=1256"},{"taxonomy":"product_cat","embeddable":true,"href":"https:\/\/france-gastronomie.shop\/en\/wp-json\/wp\/v2\/product_cat?post=1256"},{"taxonomy":"product_tag","embeddable":true,"href":"https:\/\/france-gastronomie.shop\/en\/wp-json\/wp\/v2\/product_tag?post=1256"}],"curies":[{"name":"wp","href":"https:\/\/api.w.org\/{rel}","templated":true}]}}