{"id":10390,"date":"2021-05-20T08:57:08","date_gmt":"2021-05-20T08:57:08","guid":{"rendered":"https:\/\/france-gastronomie.shop\/produit\/chateau-de-laumerade-cru-classe-sully\/"},"modified":"2024-05-13T10:24:56","modified_gmt":"2024-05-13T10:24:56","slug":"chateau-de-laumerade-cru-classe-sully","status":"publish","type":"product","link":"https:\/\/france-gastronomie.shop\/en\/produit\/chateau-de-laumerade-cru-classe-sully\/","title":{"rendered":"Cuv\u00e9e Sully <br\/> Cru Class\u00e9"},"content":{"rendered":"<h5>Ch\u00e2teau de l&#8217;Aum\u00e9rade Cru Class\u00e9<br \/>\nCuv\u00e9e Sully<\/h5>\n<h5>AOP C\u00f4tes de Provence\u00a0Cru Class\u00e9<\/h5>\n<p>Grape varieties<br \/>\n100% Rolle (Vermentino)<\/p>\n<p>Vintage: 2020<\/p>\n<p>Degree: 13% Vol.<\/p>\n<p>Terroir<br \/>\nProperty of 300 ha including 80 in Cru Class\u00e9, extended in the golden triangle of the C\u00f4tes de Provence, on a vast plain endowed with a clay-limestone, spicy and mineral soil. A favorite terroir for rolle.<\/p>\n<p>Vinification<br \/>\nPlot selection.<br \/>\nNight harvest at the end of August to preserve all the aromatic freshness.<br \/>\nCooling of the harvest to 15\u00b0 C by passing through a tubular exchanger before cold skin maceration.<br \/>\nThis is followed by pressing and selection of juices, static settling at 13\u00b0 C, and long fermentation in stainless steel vats and in concrete tanks at controlled temperature between 15 and 18\u00b0 C. Aging on fine lees with stirring at the end of fermentation to bring roundness to the wine. Racking, filtration by tangential filter, assembly at the end of the year, stabilization by bonding with bentonite.<br \/>\nTransfer and storage under nitrogen to preserve the aromas and preserve the wines from oxidation. This cuv\u00e9e is bottled in one go.<\/p>\n<p>History<br \/>\nThis cuv\u00e9e was created in homage to the Duke of Sully, Prime Minister of King Henri IV, who planted the first mulberry tree in France at the Ch\u00e2teau in 1594 as well as magnificent plane trees that adorn the gardens.<\/p>\n<p>Tasting<br \/>\nYellow, pale gold color. The nose is generous and elegant. It gives off subtle aromas of white peaches and pink pomelo.<br \/>\nThe attack on the palate is round and suave. A very nice length, all in freshness.<br \/>\nThis gastronomic blanc de blancs is to be tasted between 12\u00b0 and 13\u00b0 C.<\/p>\n<p>Accords<br \/>\nBlanc de Blancs for gastronomy to drink from aperitif to dessert. With its delicate aromas, it will successfully accompany meals with grilled fresh fish, goat cheese and will be greatly appreciated as an aperitif.<\/p>\n<p>Awards<br \/>\nSince its creation in the 1940s, this cuv\u00e9e has obtained gold and silver medals in Paris, M\u00e2con, Saint -Tropez, Brignoles, as well as favorites and quotes in the Guide Hachette &#8230;<br \/>\n2019: Silver Medal at the Concours des Vinalies<br \/>\n2018: Award of Excellence at the Concours des Vinalies<br \/>\n2016: Bronze medal at the Paris general agricultural competition<br \/>\n2015: Silver medal at the Saint Tropez wine competition and the M\u00e2con wine competition<\/p>\n","protected":false},"excerpt":{"rendered":"<h5>Sully<br \/>\nAOP C\u00f4tes de Provence\u00a0Cru Class\u00e9<\/h5>\n<div>\n<h5>Domaine &amp; Ch\u00e2teaux Fabre wines<\/h5>\n<\/div>\n<p>Fabre in Provence, since 1920, ambassador of the six Domaines &amp; Ch\u00e2teaux of our family.<br \/>\n550 hectares of vines in AOP C\u00f4tes de Provence, including 112 hectares in &#8220;Cru Class\u00e9&#8221; since 1955.<\/p>\n<p>Grape varieties<br \/>\n100% Rolle (Vermentino)<\/p>\n","protected":false},"featured_media":10388,"comment_status":"open","ping_status":"closed","template":"","meta":[],"product_brand":[],"product_cat":[682,322,333,339,324,325],"product_tag":[],"class_list":{"0":"post-10390","1":"product","2":"type-product","3":"status-publish","4":"has-post-thumbnail","6":"product_cat-cotesdeprovence-en","7":"product_cat-wines","8":"product_cat-regions-en","9":"product_cat-other-regions","10":"product_cat-color","11":"product_cat-white-wine","13":"first","14":"instock","15":"taxable","16":"shipping-taxable","17":"purchasable","18":"product-type-simple"},"jetpack_sharing_enabled":true,"_links":{"self":[{"href":"https:\/\/france-gastronomie.shop\/en\/wp-json\/wp\/v2\/product\/10390","targetHints":{"allow":["GET"]}}],"collection":[{"href":"https:\/\/france-gastronomie.shop\/en\/wp-json\/wp\/v2\/product"}],"about":[{"href":"https:\/\/france-gastronomie.shop\/en\/wp-json\/wp\/v2\/types\/product"}],"replies":[{"embeddable":true,"href":"https:\/\/france-gastronomie.shop\/en\/wp-json\/wp\/v2\/comments?post=10390"}],"wp:featuredmedia":[{"embeddable":true,"href":"https:\/\/france-gastronomie.shop\/en\/wp-json\/wp\/v2\/media\/10388"}],"wp:attachment":[{"href":"https:\/\/france-gastronomie.shop\/en\/wp-json\/wp\/v2\/media?parent=10390"}],"wp:term":[{"taxonomy":"product_brand","embeddable":true,"href":"https:\/\/france-gastronomie.shop\/en\/wp-json\/wp\/v2\/product_brand?post=10390"},{"taxonomy":"product_cat","embeddable":true,"href":"https:\/\/france-gastronomie.shop\/en\/wp-json\/wp\/v2\/product_cat?post=10390"},{"taxonomy":"product_tag","embeddable":true,"href":"https:\/\/france-gastronomie.shop\/en\/wp-json\/wp\/v2\/product_tag?post=10390"}],"curies":[{"name":"wp","href":"https:\/\/api.w.org\/{rel}","templated":true}]}}