{"id":10383,"date":"2021-05-20T07:47:34","date_gmt":"2021-05-20T07:47:34","guid":{"rendered":"https:\/\/france-gastronomie.shop\/produit\/chateau-de-laumerade-cru-classe-louis-fabre\/"},"modified":"2024-05-22T08:42:42","modified_gmt":"2024-05-22T08:42:42","slug":"chateau-de-laumerade-cru-classe-louis-fabre","status":"publish","type":"product","link":"https:\/\/france-gastronomie.shop\/en\/produit\/chateau-de-laumerade-cru-classe-louis-fabre\/","title":{"rendered":"Louis Fabre <br\/> Cru Class\u00e9 <br\/> Ch\u00e2teau de l&#8217;Aum\u00e9rade"},"content":{"rendered":"<h5>Ch\u00e2teau de l&#8217;Aum\u00e9rade Cru Class\u00e9<br \/>\nLouis Fabre<\/h5>\n<h5>AOP C\u00f4tes de Provence\u00a0Cru Class\u00e9<\/h5>\n<p>Grape varieties<br \/>\n90% Syrah, 10% Grenache<\/p>\n<p>Vintage: 2016<\/p>\n<p>Degree: 14,5 % Vol.<\/p>\n<p>Terroir<br \/>\nClay and limestone<\/p>\n<p>Vinification<br \/>\nManual harvesting.<br \/>\nDestemming before placing in vats to be vinified in a traditional way between 25\u00b0 and 30\u00b0 C for 20 to 30 days.<br \/>\nDaily reassembly. Malolactic fermentation in vats. Aging 100% in barrels for 12 to 18 months.<\/p>\n<p>History<br \/>\nThe Louis Fabre cuv\u00e9e, presented in an Exception Bordeaux bottle, is housed in a wooden case (6 bottles lying down).<br \/>\nThis cuv\u00e9e is reserved for the gastronomic elite and great exceptional amateurs.<\/p>\n<p>Tasting<br \/>\nGarnet red color.<br \/>\nOn the nose, it seduces with the intensity of its aromas and expresses itself on notes of red fruits and spices.<br \/>\nOn the palate, harmony reigns supreme with superb tannic expression.<br \/>\nVolume and peppery touches accompany a length in the mouth with character.<\/p>\n<p>Accords<br \/>\nWith this remarkable vintage, we will choose a fine gastronomy of simmered meats (game, beef bourguignon, terrines &#8230;) and cheeses with character.<br \/>\nA passage in a carafe of a few hours is recommended.<\/p>\n<p>Awards<br \/>\nGold medal at the Concours des vins de la foire de Brignoles 2006.<br \/>\nSeal of international quality at the S\u00e9lection Mondiale des Vins du Canada 2007.<\/p>\n","protected":false},"excerpt":{"rendered":"<h5>Louis Fabre<br \/>\nAOP C\u00f4tes de Provence\u00a0Cru Class\u00e9<\/h5>\n<h5>Domaine &amp; Ch\u00e2teaux Fabre wines<\/h5>\n<p>Fabre in Provence, since 1920, ambassador of the six Domaines &amp; Ch\u00e2teaux of our family.<br \/>\n550 hectares of vines in AOP C\u00f4tes de Provence, including 112 hectares in &#8220;Cru Class\u00e9&#8221; since 1955.<\/p>\n<p>Grape varieties<br \/>\n90% Syrah, 10% Grenache<\/p>\n","protected":false},"featured_media":10378,"comment_status":"open","ping_status":"closed","template":"","meta":[],"product_brand":[],"product_cat":[682,322,333,339,324,327],"product_tag":[],"class_list":{"0":"post-10383","1":"product","2":"type-product","3":"status-publish","4":"has-post-thumbnail","6":"product_cat-cotesdeprovence-en","7":"product_cat-wines","8":"product_cat-regions-en","9":"product_cat-other-regions","10":"product_cat-color","11":"product_cat-red-wine","13":"first","14":"instock","15":"taxable","16":"shipping-taxable","17":"purchasable","18":"product-type-simple"},"jetpack_sharing_enabled":true,"_links":{"self":[{"href":"https:\/\/france-gastronomie.shop\/en\/wp-json\/wp\/v2\/product\/10383","targetHints":{"allow":["GET"]}}],"collection":[{"href":"https:\/\/france-gastronomie.shop\/en\/wp-json\/wp\/v2\/product"}],"about":[{"href":"https:\/\/france-gastronomie.shop\/en\/wp-json\/wp\/v2\/types\/product"}],"replies":[{"embeddable":true,"href":"https:\/\/france-gastronomie.shop\/en\/wp-json\/wp\/v2\/comments?post=10383"}],"wp:featuredmedia":[{"embeddable":true,"href":"https:\/\/france-gastronomie.shop\/en\/wp-json\/wp\/v2\/media\/10378"}],"wp:attachment":[{"href":"https:\/\/france-gastronomie.shop\/en\/wp-json\/wp\/v2\/media?parent=10383"}],"wp:term":[{"taxonomy":"product_brand","embeddable":true,"href":"https:\/\/france-gastronomie.shop\/en\/wp-json\/wp\/v2\/product_brand?post=10383"},{"taxonomy":"product_cat","embeddable":true,"href":"https:\/\/france-gastronomie.shop\/en\/wp-json\/wp\/v2\/product_cat?post=10383"},{"taxonomy":"product_tag","embeddable":true,"href":"https:\/\/france-gastronomie.shop\/en\/wp-json\/wp\/v2\/product_tag?post=10383"}],"curies":[{"name":"wp","href":"https:\/\/api.w.org\/{rel}","templated":true}]}}