{"id":9965,"date":"2021-05-05T19:56:27","date_gmt":"2021-05-05T19:56:27","guid":{"rendered":"https:\/\/france-gastronomie.shop\/produit\/chateau-baret-2\/"},"modified":"2024-05-13T10:27:59","modified_gmt":"2024-05-13T10:27:59","slug":"chateau-baret-2","status":"publish","type":"product","link":"https:\/\/france-gastronomie.shop\/cs\/produit\/chateau-baret-2\/","title":{"rendered":"Ch\u00e2teau Baret <br\/> AOC Pessac-L\u00e9ognan"},"content":{"rendered":"<h5>Ch\u00e2teau Baret<\/h5>\n<h5>AOC Pessac-L\u00e9ognan<\/h5>\n<p>Terroir<br \/>\nCh\u00e2teau Baret se nach\u00e1z\u00ed ve Villenave d\u00b4Ornon pobl\u00ed\u017e Bordeaux a je zcela obklopen vinic\u00ed. Vinice je v pr\u016fm\u011bru v\u00edce ne\u017e 25 let star\u00e1 a zauj\u00edm\u00e1 plochu 25 hektar\u016f, z nich\u017e 4 produkuj\u00ed b\u00edl\u00e1 v\u00edna.<br \/>\nP\u016fda se skl\u00e1d\u00e1 ze \u0161t\u011brk\u016f z \u0159eky Garonne, j\u00edlu a v\u00e1pence.<\/p>\n<p>Vinifikace<br \/>\nRu\u010dn\u00ed sb\u011br od 5. &#8211; 12. z\u00e1\u0159\u00ed 2016 V\u00fdnos 54hl\/ha<br \/>\nMacerace s kontaktem s k\u016f\u017e\u00ed v dubov\u00fdch sudech<br \/>\nSt\u00e1rnut\u00ed 12 m\u011bs\u00edc\u016f v dubov\u00fdch sudech z 20% obnoven\u00fdch, na kalech, kter\u00e9 se odstra\u0148uj\u00ed dvakr\u00e1t t\u00fddn\u011b po dobu 2 m\u011bs\u00edc\u016f<\/p>\n<p>Odr\u016fdy<br \/>\n90% Sauvignon, 10% S\u00e9millon<\/p>\n<p>Degustace<br \/>\nCh\u00e2teau Baret m\u00e1 sv\u011btle \u017elut\u00fd odst\u00edn se zelen\u00fdmi odlesky.<br \/>\nOdhaluje jemnou v\u016fni citrus\u016f (grapefruitu) a \u017elut\u00e9ho ovoce.<br \/>\nChu\u0165 je intenzivn\u00ed, vyv\u00e1\u017een\u00e1 s n\u00e1dechem exotick\u00e9ho ovoce a d\u0159evit\u00fdch t\u00f3n\u016f.<\/p>\n<p>P\u00e1rov\u00e1n\u00ed v\u00edna a j\u00eddla<br \/>\nCh\u00e2teau Baret bude ide\u00e1ln\u00ed ke grilovan\u00fdm ryb\u00e1m nebo sofistikovan\u00fdm s\u00fdr\u016fm.<br \/>\nPod\u00e1vejte mezi 9\u00b0 C a 11\u00b0 C.<\/p>\n<p>Ocen\u011bn\u00ed<br \/>\n2016: 91-92\/100 James Suckling<br \/>\n17\/20 Jancis Robinson<br \/>\nZlat\u00e1 medaile Paris 2018<br \/>\n2015: 90\/100 James Suckling<br \/>\n17\/20 Jancis Robinson<br \/>\n14,50\/50 Le Point J. Dupont<\/p>\n","protected":false},"excerpt":{"rendered":"<h5>AOC Pessac-L\u00e9ognan<\/h5>\n<p>Maison Le Star je realizac\u00ed snu a vyj\u00e1d\u0159en\u00edm v\u00e1\u0161n\u011b.<br \/>\nObklopeni t\u00fdmem profesion\u00e1l\u016f, enolog\u016f a sommelier\u016f, kte\u0159\u00ed zaru\u010duj\u00ed kvalitu n\u00e1mi vyr\u00e1b\u011bn\u00fdch a vybran\u00fdch v\u00edn, nab\u00edz\u00edme budouc\u00edm milovn\u00edk\u016fm a znalc\u016fm v\u00edna z cel\u00e9ho sv\u011bta kvalitn\u00ed francouzsk\u00e1 v\u00edna za odpov\u00eddaj\u00edc\u00ed cenu.<\/p>\n<p>Odr\u016fdy<br \/>\n90% Sauvignon, 10% S\u00e9millon<\/p>\n","protected":false},"featured_media":9962,"comment_status":"open","ping_status":"closed","template":"","meta":[],"product_brand":[],"product_cat":[383,389,394,400,412,385,386],"product_tag":[],"class_list":{"0":"post-9965","1":"product","2":"type-product","3":"status-publish","4":"has-post-thumbnail","6":"product_cat-vina","7":"product_cat-spickova-vina","8":"product_cat-regiony","9":"product_cat-bordeaux-cs","10":"product_cat-pessac-leognan-cs","11":"product_cat-barva","12":"product_cat-bila-vina","14":"first","15":"outofstock","16":"taxable","17":"shipping-taxable","18":"purchasable","19":"product-type-simple"},"jetpack_sharing_enabled":true,"_links":{"self":[{"href":"https:\/\/france-gastronomie.shop\/cs\/wp-json\/wp\/v2\/product\/9965","targetHints":{"allow":["GET"]}}],"collection":[{"href":"https:\/\/france-gastronomie.shop\/cs\/wp-json\/wp\/v2\/product"}],"about":[{"href":"https:\/\/france-gastronomie.shop\/cs\/wp-json\/wp\/v2\/types\/product"}],"replies":[{"embeddable":true,"href":"https:\/\/france-gastronomie.shop\/cs\/wp-json\/wp\/v2\/comments?post=9965"}],"wp:featuredmedia":[{"embeddable":true,"href":"https:\/\/france-gastronomie.shop\/cs\/wp-json\/wp\/v2\/media\/9962"}],"wp:attachment":[{"href":"https:\/\/france-gastronomie.shop\/cs\/wp-json\/wp\/v2\/media?parent=9965"}],"wp:term":[{"taxonomy":"product_brand","embeddable":true,"href":"https:\/\/france-gastronomie.shop\/cs\/wp-json\/wp\/v2\/product_brand?post=9965"},{"taxonomy":"product_cat","embeddable":true,"href":"https:\/\/france-gastronomie.shop\/cs\/wp-json\/wp\/v2\/product_cat?post=9965"},{"taxonomy":"product_tag","embeddable":true,"href":"https:\/\/france-gastronomie.shop\/cs\/wp-json\/wp\/v2\/product_tag?post=9965"}],"curies":[{"name":"wp","href":"https:\/\/api.w.org\/{rel}","templated":true}]}}