{"id":9959,"date":"2021-05-05T19:40:11","date_gmt":"2021-05-05T19:40:11","guid":{"rendered":"https:\/\/france-gastronomie.shop\/produit\/chateau-baret\/"},"modified":"2024-05-21T11:18:02","modified_gmt":"2024-05-21T11:18:02","slug":"chateau-baret","status":"publish","type":"product","link":"https:\/\/france-gastronomie.shop\/cs\/produit\/chateau-baret\/","title":{"rendered":"Ch\u00e2teau Baret <br\/> Pessac-L\u00e9ognan"},"content":{"rendered":"<h5>Ch\u00e2teau Baret<\/h5>\n<h5>AOC Pessac-L\u00e9ognan<\/h5>\n<p>Terroir<br \/>\nCh\u00e2teau Baret se nach\u00e1z\u00ed ve Villenave d\u00b4Ornon pobl\u00ed\u017e Bordeaux a je zcela obklopen vinic\u00ed. Vinice pokr\u00fdvaj\u00ed asi dvacet hektar\u016f a jsou pr\u016fm\u011brn\u011b star\u00e9 25 let.<\/p>\n<p>Vinifikace<br \/>\nHrozny se skl\u00edzej\u00ed ru\u010dn\u011b nebo strojov\u011b v z\u00e1vislosti na pozemc\u00edch.<br \/>\nPot\u00e9 se tradi\u010dn\u011b vinifikuj\u00ed v n\u00e1dr\u017e\u00edch z nerezov\u00e9 oceli a zraj\u00ed v dubov\u00fdch sudech po dobu 14 m\u011bs\u00edc\u016f.<\/p>\n<p>Odr\u016fdy<br \/>\n53% Merlot, 41% Cabernet Sauvignon, 6% Cabernet Sauvignon<\/p>\n<p>Degustace<br \/>\nM\u00e1 brilantn\u00ed barvu, je velmi aromatick\u00fd, prol\u00ednaj\u00ed se t\u00f3ny zral\u00e9ho \u010dern\u00e9ho ovoce a pra\u017een\u00fdch k\u00e1vov\u00fdch zrn. Na pat\u0159e je smysln\u00e9, t\u011blo strukturovan\u00e9, bohat\u00e9, s jemn\u00fdmi t\u0159\u00edslovinami.<br \/>\nDlouh\u00fd z\u00e1v\u011br, s t\u00f3ny \u010dern\u00e9 t\u0159e\u0161n\u011b.<\/p>\n<p>P\u00e1rov\u00e1n\u00ed v\u00edna a j\u00eddla<br \/>\nCh\u00e2teau Baret, pod\u00e1van\u00fd p\u0159i teplot\u011b 17 \u00b0, bude perfektn\u00ed s jehn\u011b\u010d\u00edm stehnem, grilovan\u00fdm kouskem hov\u011bz\u00edho masa nebo s\u00fdry. L\u00e1hev otev\u0159ete jednu hodinu p\u0159ed pod\u00e1v\u00e1n\u00edm.<br \/>\nD\u00e1 se p\u00edt hned nebo uchov\u00e1vat a\u017e po dobu 10 let.<\/p>\n","protected":false},"excerpt":{"rendered":"<h5>AOC Pessac-L\u00e9ognan<\/h5>\n<p>Maison Le Star je realizac\u00ed snu a vyj\u00e1d\u0159en\u00edm v\u00e1\u0161n\u011b.<br \/>\nObklopeni t\u00fdmem profesion\u00e1l\u016f, enolog\u016f a sommelier\u016f, kte\u0159\u00ed zaru\u010duj\u00ed kvalitu n\u00e1mi vyr\u00e1b\u011bn\u00fdch a vybran\u00fdch v\u00edn, nab\u00edz\u00edme budouc\u00edm milovn\u00edk\u016fm a znalc\u016fm v\u00edna z cel\u00e9ho sv\u011bta kvalitn\u00ed francouzsk\u00e1 v\u00edna za odpov\u00eddaj\u00edc\u00ed cenu.<\/p>\n<p>Odr\u016fdy<br \/>\n53% Merlot, 41% Cabernet Sauvignon, 6% Cabernet Sauvignon<\/p>\n","protected":false},"featured_media":9956,"comment_status":"open","ping_status":"closed","template":"","meta":[],"product_brand":[],"product_cat":[383,389,400,412,385,388],"product_tag":[],"class_list":{"0":"post-9959","1":"product","2":"type-product","3":"status-publish","4":"has-post-thumbnail","6":"product_cat-vina","7":"product_cat-spickova-vina","8":"product_cat-bordeaux-cs","9":"product_cat-pessac-leognan-cs","10":"product_cat-barva","11":"product_cat-cervena-vina","13":"first","14":"instock","15":"taxable","16":"shipping-taxable","17":"purchasable","18":"product-type-simple"},"jetpack_sharing_enabled":true,"_links":{"self":[{"href":"https:\/\/france-gastronomie.shop\/cs\/wp-json\/wp\/v2\/product\/9959","targetHints":{"allow":["GET"]}}],"collection":[{"href":"https:\/\/france-gastronomie.shop\/cs\/wp-json\/wp\/v2\/product"}],"about":[{"href":"https:\/\/france-gastronomie.shop\/cs\/wp-json\/wp\/v2\/types\/product"}],"replies":[{"embeddable":true,"href":"https:\/\/france-gastronomie.shop\/cs\/wp-json\/wp\/v2\/comments?post=9959"}],"wp:featuredmedia":[{"embeddable":true,"href":"https:\/\/france-gastronomie.shop\/cs\/wp-json\/wp\/v2\/media\/9956"}],"wp:attachment":[{"href":"https:\/\/france-gastronomie.shop\/cs\/wp-json\/wp\/v2\/media?parent=9959"}],"wp:term":[{"taxonomy":"product_brand","embeddable":true,"href":"https:\/\/france-gastronomie.shop\/cs\/wp-json\/wp\/v2\/product_brand?post=9959"},{"taxonomy":"product_cat","embeddable":true,"href":"https:\/\/france-gastronomie.shop\/cs\/wp-json\/wp\/v2\/product_cat?post=9959"},{"taxonomy":"product_tag","embeddable":true,"href":"https:\/\/france-gastronomie.shop\/cs\/wp-json\/wp\/v2\/product_tag?post=9959"}],"curies":[{"name":"wp","href":"https:\/\/api.w.org\/{rel}","templated":true}]}}