{"id":9937,"date":"2021-05-05T11:25:07","date_gmt":"2021-05-05T11:25:07","guid":{"rendered":"https:\/\/france-gastronomie.shop\/produit\/chateau-changrolle\/"},"modified":"2024-05-21T11:33:29","modified_gmt":"2024-05-21T11:33:29","slug":"chateau-changrolle","status":"publish","type":"product","link":"https:\/\/france-gastronomie.shop\/cs\/produit\/chateau-changrolle\/","title":{"rendered":"Ch\u00e2teau Changrolle <br\/> Lalande de Pomerol"},"content":{"rendered":"<h5>Ch\u00e2teau Changrolle<\/h5>\n<h5>AOC Lalande De Pomerol<\/h5>\n<p>Terroir<br \/>\nCh\u00e2teau Changrolle pat\u0159\u00ed rodin\u011b Courty po mnoho generac\u00ed. Sou\u010dasn\u00e1 vinice o rozloze 15 hektar\u016f byla v pr\u016fb\u011bhu let roz\u0161\u00ed\u0159ena a v roce 1956 po hrozn\u00e9m mrazu, kter\u00fd zas\u00e1hl region, byla zcela obnovena.<br \/>\nP\u016fda je p\u00eds\u010dito-\u0161t\u011brkovit\u00e1.<\/p>\n<p>Vinifikace<br \/>\nMechanicky sklizen\u00e9 hrozny se t\u0159\u00edd\u00ed na vibra\u010dn\u00edm stole a pot\u00e9 se fermentuj\u00ed v k\u00e1d\u00edch po dobu 3 t\u00fddn\u016f.<\/p>\n<p>Odr\u016fdy<br \/>\n80% Merlot, 20% Cabernet Sauvignon<\/p>\n<p>Degustace<br \/>\nCh\u00e2teau Changrolle m\u00e1 intenzivn\u00ed \u010dervenou barvu s fialov\u00fdmi odlesky. Jeho v\u016fn\u011b nab\u00edz\u00ed p\u0159\u00edjemn\u00e9 t\u00f3ny zral\u00e9ho \u010derven\u00e9ho ovoce a kv\u011btinov\u00e9 v\u016fn\u011b. Chu\u0165 je bohat\u00e1, velmi ovocn\u00e1 a p\u0159etrv\u00e1v\u00e1 na ko\u0159en\u011bn\u00e9m konci.<\/p>\n<p>P\u00e1rov\u00e1n\u00ed v\u00edna a j\u00eddla<br \/>\nCh\u00e2teau Changrolle, pod\u00e1van\u00fd p\u0159i 17 \u00b0, bude perfektn\u011b ladit s jehn\u011b\u010d\u00ed pe\u010d\u00ednkou, zv\u011b\u0159inou v om\u00e1\u010dce nebo s\u00fdry, jako je Rocamadour.<\/p>\n","protected":false},"excerpt":{"rendered":"<h5>AOC Lalande De Pomerol<\/h5>\n<p>Maison Le Star je realizac\u00ed snu a vyj\u00e1d\u0159en\u00edm v\u00e1\u0161n\u011b.<br \/>\nObklopeni t\u00fdmem profesion\u00e1l\u016f, enolog\u016f a sommelier\u016f, kte\u0159\u00ed zaru\u010duj\u00ed kvalitu n\u00e1mi vyr\u00e1b\u011bn\u00fdch a vybran\u00fdch v\u00edn, nab\u00edz\u00edme budouc\u00edm milovn\u00edk\u016fm a znalc\u016fm v\u00edna z cel\u00e9ho sv\u011bta kvalitn\u00ed francouzsk\u00e1 v\u00edna za odpov\u00eddaj\u00edc\u00ed cenu.<\/p>\n<p>Odr\u016fdy<br \/>\n80% Merlot, 20% Cabernet Sauvignon<\/p>\n","protected":false},"featured_media":9934,"comment_status":"open","ping_status":"closed","template":"","meta":[],"product_brand":[],"product_cat":[383,394,400,406,385,388],"product_tag":[],"class_list":{"0":"post-9937","1":"product","2":"type-product","3":"status-publish","4":"has-post-thumbnail","6":"product_cat-vina","7":"product_cat-regiony","8":"product_cat-bordeaux-cs","9":"product_cat-lalande-de-pomerol-cs","10":"product_cat-barva","11":"product_cat-cervena-vina","13":"first","14":"instock","15":"taxable","16":"shipping-taxable","17":"purchasable","18":"product-type-simple"},"jetpack_sharing_enabled":true,"_links":{"self":[{"href":"https:\/\/france-gastronomie.shop\/cs\/wp-json\/wp\/v2\/product\/9937","targetHints":{"allow":["GET"]}}],"collection":[{"href":"https:\/\/france-gastronomie.shop\/cs\/wp-json\/wp\/v2\/product"}],"about":[{"href":"https:\/\/france-gastronomie.shop\/cs\/wp-json\/wp\/v2\/types\/product"}],"replies":[{"embeddable":true,"href":"https:\/\/france-gastronomie.shop\/cs\/wp-json\/wp\/v2\/comments?post=9937"}],"wp:featuredmedia":[{"embeddable":true,"href":"https:\/\/france-gastronomie.shop\/cs\/wp-json\/wp\/v2\/media\/9934"}],"wp:attachment":[{"href":"https:\/\/france-gastronomie.shop\/cs\/wp-json\/wp\/v2\/media?parent=9937"}],"wp:term":[{"taxonomy":"product_brand","embeddable":true,"href":"https:\/\/france-gastronomie.shop\/cs\/wp-json\/wp\/v2\/product_brand?post=9937"},{"taxonomy":"product_cat","embeddable":true,"href":"https:\/\/france-gastronomie.shop\/cs\/wp-json\/wp\/v2\/product_cat?post=9937"},{"taxonomy":"product_tag","embeddable":true,"href":"https:\/\/france-gastronomie.shop\/cs\/wp-json\/wp\/v2\/product_tag?post=9937"}],"curies":[{"name":"wp","href":"https:\/\/api.w.org\/{rel}","templated":true}]}}