{"id":9907,"date":"2021-05-05T10:09:27","date_gmt":"2021-05-05T10:09:27","guid":{"rendered":"https:\/\/france-gastronomie.shop\/produit\/chateau-la-goviniere\/"},"modified":"2024-05-21T11:35:28","modified_gmt":"2024-05-21T11:35:28","slug":"chateau-la-goviniere","status":"publish","type":"product","link":"https:\/\/france-gastronomie.shop\/cs\/produit\/chateau-la-goviniere\/","title":{"rendered":"Ch\u00e2teau La Govini\u00e8re <br\/> Lussac Saint-Emilion"},"content":{"rendered":"<h5>Ch\u00e2teau La Govini\u00e8re<\/h5>\n<h5>AOC Lussac Saint-\u00c9milion<\/h5>\n<p>Terroir<br \/>\nCh\u00e2teau La Govini\u00e8re se nach\u00e1z\u00ed v srdci apelace Lussac, co by kamenem dohodil od presti\u017en\u00edho m\u011bsta Saint-\u00c9milion. Tuto malou rodinnou vinici o rozloze 12 hektar\u016f rozd\u011blenou mezi \u00fadol\u00edmi a n\u00e1horn\u00edmi plo\u0161inami a j\u00edlovito-v\u00e1pencov\u00fdmi, j\u00edlovit\u00fdmi bahny a \u010derven\u00fdmi p\u016fdami obhospoda\u0159uj\u00ed Olivier a Carine Charpentierovi, dnes ji\u017e \u010dtvrt\u00e1 generace ve veden\u00ed vinice.<\/p>\n<p>Vinifikace<br \/>\nUdr\u017eiteln\u00e9 vina\u0159stv\u00ed.<br \/>\nTradi\u010dn\u00ed vinifikace bez p\u0159id\u00e1n\u00ed si\u0159i\u010ditan\u016f.<br \/>\nDlouh\u00e1 macerace.<br \/>\nSt\u00e1rnut\u00ed v k\u00e1d\u00edch.<\/p>\n<p>Odr\u016fdy<br \/>\nMerlot, Cabernet Franc, Cabernet Sauvignon<\/p>\n<p>Degustace<br \/>\nCh\u00e2teau La Govini\u00e8re s kr\u00e1snou pr\u016fzra\u010dnou rub\u00ednovou barvou, odhaluje lahodn\u00e9 aroma \u010derstv\u00fdch \u010derven\u00fdch bobul\u00ed.<br \/>\nNa pat\u0159e m\u00e1 dobrou rovnov\u00e1hu, jemnost a p\u0159\u00edjemnou sv\u011b\u017eest, kter\u00e1 p\u0159etrv\u00e1v\u00e1 v z\u00e1v\u011bru.<\/p>\n<p>P\u00e1rov\u00e1n\u00ed v\u00edna a j\u00eddla<br \/>\nCh\u00e2teau La Govini\u00e8re bude ide\u00e1ln\u00ed k jehn\u011b\u010d\u00edmu stehnu, kachn\u00edmu prsu a sma\u017een\u00fdm houb\u00e1m nebo k sal\u00e1tu z konfitovan\u00fdch \u017ealudk\u016f.<br \/>\nPod\u00e1vejte mezi 16 \u00b0 a 18 \u00b0 C.<\/p>\n","protected":false},"excerpt":{"rendered":"<h5>AOC Lussac Saint-\u00c9milion<\/h5>\n<p>Maison Le Star je realizac\u00ed snu a vyj\u00e1d\u0159en\u00edm v\u00e1\u0161n\u011b.<br \/>\nObklopeni t\u00fdmem profesion\u00e1l\u016f, enolog\u016f a sommelier\u016f, kte\u0159\u00ed zaru\u010duj\u00ed kvalitu n\u00e1mi vyr\u00e1b\u011bn\u00fdch a vybran\u00fdch v\u00edn, nab\u00edz\u00edme budouc\u00edm milovn\u00edk\u016fm a znalc\u016fm v\u00edna z cel\u00e9ho sv\u011bta kvalitn\u00ed francouzsk\u00e1 v\u00edna za odpov\u00eddaj\u00edc\u00ed cenu.<\/p>\n<p>Odr\u016fdy<br \/>\nMerlot, Cabernet Franc, Cabernet Sauvignon<\/p>\n","protected":false},"featured_media":9903,"comment_status":"open","ping_status":"closed","template":"","meta":[],"product_brand":[],"product_cat":[383,394,400,407,385,388],"product_tag":[],"class_list":{"0":"post-9907","1":"product","2":"type-product","3":"status-publish","4":"has-post-thumbnail","6":"product_cat-vina","7":"product_cat-regiony","8":"product_cat-bordeaux-cs","9":"product_cat-lussac-saint-emilion-cs","10":"product_cat-barva","11":"product_cat-cervena-vina","13":"first","14":"outofstock","15":"taxable","16":"shipping-taxable","17":"purchasable","18":"product-type-simple"},"jetpack_sharing_enabled":true,"_links":{"self":[{"href":"https:\/\/france-gastronomie.shop\/cs\/wp-json\/wp\/v2\/product\/9907","targetHints":{"allow":["GET"]}}],"collection":[{"href":"https:\/\/france-gastronomie.shop\/cs\/wp-json\/wp\/v2\/product"}],"about":[{"href":"https:\/\/france-gastronomie.shop\/cs\/wp-json\/wp\/v2\/types\/product"}],"replies":[{"embeddable":true,"href":"https:\/\/france-gastronomie.shop\/cs\/wp-json\/wp\/v2\/comments?post=9907"}],"wp:featuredmedia":[{"embeddable":true,"href":"https:\/\/france-gastronomie.shop\/cs\/wp-json\/wp\/v2\/media\/9903"}],"wp:attachment":[{"href":"https:\/\/france-gastronomie.shop\/cs\/wp-json\/wp\/v2\/media?parent=9907"}],"wp:term":[{"taxonomy":"product_brand","embeddable":true,"href":"https:\/\/france-gastronomie.shop\/cs\/wp-json\/wp\/v2\/product_brand?post=9907"},{"taxonomy":"product_cat","embeddable":true,"href":"https:\/\/france-gastronomie.shop\/cs\/wp-json\/wp\/v2\/product_cat?post=9907"},{"taxonomy":"product_tag","embeddable":true,"href":"https:\/\/france-gastronomie.shop\/cs\/wp-json\/wp\/v2\/product_tag?post=9907"}],"curies":[{"name":"wp","href":"https:\/\/api.w.org\/{rel}","templated":true}]}}