{"id":9894,"date":"2021-05-05T09:17:41","date_gmt":"2021-05-05T09:17:41","guid":{"rendered":"https:\/\/france-gastronomie.shop\/produit\/p-de-puisseguin-puisseguin-saint-emilion\/"},"modified":"2024-05-22T09:16:25","modified_gmt":"2024-05-22T09:16:25","slug":"p-de-puisseguin","status":"publish","type":"product","link":"https:\/\/france-gastronomie.shop\/cs\/produit\/p-de-puisseguin\/","title":{"rendered":"P de Puisseguin <br\/> Puisseguin Saint-Emilion"},"content":{"rendered":"<h5>P de Puisseguin<\/h5>\n<h5>AOC Puisseguin Saint-\u00c9milion<\/h5>\n<p>Terroir<br \/>\nApelace Lussac Saint-\u00c9milion se nach\u00e1z\u00ed severn\u011b od slavn\u00e9 vesnice Saint-\u00c9milion. Tato historick\u00e1 vinice se rozprost\u00edr\u00e1 v kopcovit\u00e9 oblasti, kde vinice t\u011b\u017e\u00ed z kr\u00e1sn\u00e9ho slune\u010dn\u00edho svitu a chladn\u00fdch noc\u00ed up\u0159ednost\u0148uj\u00edc\u00edch dokonalou zralost hrozn\u016f. P de Puisseguin, vybran\u00fd na\u0161\u00edm enologem, \u010derp\u00e1 z j\u00edlovito-v\u00e1pencov\u00e9 p\u016fdy, aby v\u00e1m nab\u00eddl pln\u00e9 a du\u017enat\u00e9 v\u00edno, p\u0159edstavuj\u00edc\u00ed presti\u017e na\u0161ich v\u00edn z Bordeaux.<\/p>\n<p>Vinifikace<br \/>\nTradi\u010dn\u00ed v nerezov\u00fdch k\u00e1d\u00edch.<\/p>\n<p>Odr\u016fdy<br \/>\nMerlot, Cabernet Franc, Cabernet Sauvignon<\/p>\n<p>Degustace<br \/>\nZ\u00e1\u0159iv\u00e1 tmav\u00e1 gran\u00e1tov\u00e1 barva.<br \/>\nOvocn\u00e1 v\u016fn\u011b s v\u016fn\u00ed \u010dern\u00e9ho ryb\u00edzu, ostru\u017ein a vi\u0161n\u00ed.<br \/>\nChu\u0165 kulat\u00e1, vyv\u00e1\u017een\u00e1 a vytrval\u00e1 se zral\u00fdmi a tepl\u00fdmi t\u0159\u00edslovinami.<\/p>\n<p>P\u00e1rov\u00e1n\u00ed v\u00edna a j\u00eddla<br \/>\nIde\u00e1ln\u00ed k fale\u0161n\u00e9 hov\u011bz\u00ed sv\u00ed\u010dkov\u00e9, vep\u0159ov\u00e9 pe\u010deni se su\u0161en\u00fdmi \u0161vestkami nebo s vyzr\u00e1l\u00fdm s\u00fdrem.<br \/>\n18\u00b0 C<\/p>\n<p>Ocen\u011bn\u00ed<br \/>\n2012: Bronzov\u00e1 medaile \u2013 IWC 2013<\/p>\n","protected":false},"excerpt":{"rendered":"<h5>AOC Puisseguin Saint-\u00c9milion<\/h5>\n<p>Maison Le Star je realizac\u00ed snu a vyj\u00e1d\u0159en\u00edm v\u00e1\u0161n\u011b.<br \/>\nObklopeni t\u00fdmem profesion\u00e1l\u016f, enolog\u016f a sommelier\u016f, kte\u0159\u00ed zaru\u010duj\u00ed kvalitu n\u00e1mi vyr\u00e1b\u011bn\u00fdch a vybran\u00fdch v\u00edn, nab\u00edz\u00edme budouc\u00edm milovn\u00edk\u016fm a znalc\u016fm v\u00edna z cel\u00e9ho sv\u011bta kvalitn\u00ed francouzsk\u00e1 v\u00edna za odpov\u00eddaj\u00edc\u00ed cenu.<\/p>\n<p>Odr\u016fdy<br \/>\nMerlot, Cabernet Franc, Cabernet Sauvignon<\/p>\n","protected":false},"featured_media":9890,"comment_status":"open","ping_status":"closed","template":"","meta":[],"product_brand":[],"product_cat":[383,394,400,385,388],"product_tag":[],"class_list":{"0":"post-9894","1":"product","2":"type-product","3":"status-publish","4":"has-post-thumbnail","6":"product_cat-vina","7":"product_cat-regiony","8":"product_cat-bordeaux-cs","9":"product_cat-barva","10":"product_cat-cervena-vina","12":"first","13":"instock","14":"taxable","15":"shipping-taxable","16":"purchasable","17":"product-type-simple"},"jetpack_sharing_enabled":true,"_links":{"self":[{"href":"https:\/\/france-gastronomie.shop\/cs\/wp-json\/wp\/v2\/product\/9894","targetHints":{"allow":["GET"]}}],"collection":[{"href":"https:\/\/france-gastronomie.shop\/cs\/wp-json\/wp\/v2\/product"}],"about":[{"href":"https:\/\/france-gastronomie.shop\/cs\/wp-json\/wp\/v2\/types\/product"}],"replies":[{"embeddable":true,"href":"https:\/\/france-gastronomie.shop\/cs\/wp-json\/wp\/v2\/comments?post=9894"}],"wp:featuredmedia":[{"embeddable":true,"href":"https:\/\/france-gastronomie.shop\/cs\/wp-json\/wp\/v2\/media\/9890"}],"wp:attachment":[{"href":"https:\/\/france-gastronomie.shop\/cs\/wp-json\/wp\/v2\/media?parent=9894"}],"wp:term":[{"taxonomy":"product_brand","embeddable":true,"href":"https:\/\/france-gastronomie.shop\/cs\/wp-json\/wp\/v2\/product_brand?post=9894"},{"taxonomy":"product_cat","embeddable":true,"href":"https:\/\/france-gastronomie.shop\/cs\/wp-json\/wp\/v2\/product_cat?post=9894"},{"taxonomy":"product_tag","embeddable":true,"href":"https:\/\/france-gastronomie.shop\/cs\/wp-json\/wp\/v2\/product_tag?post=9894"}],"curies":[{"name":"wp","href":"https:\/\/api.w.org\/{rel}","templated":true}]}}