{"id":9887,"date":"2021-05-05T08:44:21","date_gmt":"2021-05-05T08:44:21","guid":{"rendered":"https:\/\/france-gastronomie.shop\/produit\/l-de-lussac-lussac-saint-emilion\/"},"modified":"2024-05-21T13:46:31","modified_gmt":"2024-05-21T13:46:31","slug":"l-de-lussac-lussac-saint-emilion","status":"publish","type":"product","link":"https:\/\/france-gastronomie.shop\/cs\/produit\/l-de-lussac-lussac-saint-emilion\/","title":{"rendered":"L de Lussac <br\/> Lussac Saint-Emilion"},"content":{"rendered":"<h5>L de Lussac<\/h5>\n<h5>AOC Lussac Saint-\u00c9milion<\/h5>\n<p>Terroir<br \/>\nApelace Lussac Saint-\u00c9milion se nach\u00e1z\u00ed severn\u011b od slavn\u00e9 vesnice Saint-\u00c9milion. Tato historick\u00e1 vinice se rozprost\u00edr\u00e1 v kopcovit\u00e9 oblasti, kde vinice t\u011b\u017e\u00ed z kr\u00e1sn\u00e9ho slune\u010dn\u00edho svitu a chladn\u00fdch noc\u00ed up\u0159ednost\u0148uj\u00edc\u00edch dokonalou zralost hrozn\u016f. L de Lussac, vybran\u00fd na\u0161\u00edm enologem, \u010derp\u00e1 z j\u00edlovito-v\u00e1pencov\u00e9 a p\u00eds\u010dit\u00e9 p\u016fdy, aby v\u00e1m nab\u00eddl elegantn\u00ed a siln\u00e9 v\u00edno, p\u0159edstavuj\u00edc\u00ed presti\u017e na\u0161ich v\u00edn z Bordeaux.<\/p>\n<p>Vinifikace<br \/>\nTradi\u010dn\u00ed v nerezov\u00fdch k\u00e1d\u00edch.<\/p>\n<p>Odr\u016fdy<br \/>\nMerlot, Cabernet Franc, Cabernet Sauvignon<\/p>\n<p>Degustace<br \/>\nTmav\u011b \u010derven\u00e1 barva.<br \/>\nElegantn\u00ed a strukturovan\u00e1 v\u016fn\u011b s intenzivn\u00ed stopou \u010derven\u00fdch plod\u016f.<br \/>\nVyv\u00e1\u017een\u00e1 a okouzluj\u00edc\u00ed chu\u0165 s t\u00f3ny dozr\u00e1l\u00e9ho ovoce, jemn\u00e9ho ko\u0159en\u00ed a strouhan\u00fdch lan\u00fd\u017e\u016f, podpo\u0159en\u00e1 dlouh\u00fdmi a hedv\u00e1bn\u00fdmi t\u0159\u00edslovinami.<\/p>\n<p>P\u00e1rov\u00e1n\u00ed v\u00edna a j\u00eddla<br \/>\nIde\u00e1ln\u00ed, kdy\u017e se pod\u00e1v\u00e1 s du\u0161en\u00fdm telec\u00edm masem, kachn\u00edmi prs\u00ed\u010dky nebo vyzr\u00e1l\u00fdm s\u00fdrem.<br \/>\n18 \u00b0 C<\/p>\n<p>Ocen\u011bn\u00ed<br \/>\n2013: Zlat\u00e1 medaile \u2013 Gilbert et Gaillard 2014<br \/>\n2012: Comment\u00e9 \u00e0 IWC 2013<br \/>\n2010: Zlat\u00e1 medaile &#8211; Concours de Blaye 2011<br \/>\nComment\u00e9 \u00e0 DECANTER 2013<br \/>\n2009: Bronzov\u00e1 medaile \u2013 Concours de Blaye 2010<\/p>\n","protected":false},"excerpt":{"rendered":"<h5>AOC Lussac Saint-\u00c9milion<\/h5>\n<p>Maison Le Star je realizac\u00ed snu a vyj\u00e1d\u0159en\u00edm v\u00e1\u0161n\u011b.<br \/>\nObklopeni t\u00fdmem profesion\u00e1l\u016f, enolog\u016f a sommelier\u016f, kte\u0159\u00ed zaru\u010duj\u00ed kvalitu n\u00e1mi vyr\u00e1b\u011bn\u00fdch a vybran\u00fdch v\u00edn, nab\u00edz\u00edme budouc\u00edm milovn\u00edk\u016fm a znalc\u016fm v\u00edna z cel\u00e9ho sv\u011bta kvalitn\u00ed francouzsk\u00e1 v\u00edna za odpov\u00eddaj\u00edc\u00ed cenu.<\/p>\n<p>Odr\u016fdy<br \/>\nMerlot, Cabernet Franc, Cabernet Sauvignon<\/p>\n","protected":false},"featured_media":9883,"comment_status":"open","ping_status":"closed","template":"","meta":[],"product_brand":[],"product_cat":[383,394,400,407,385,388],"product_tag":[],"class_list":{"0":"post-9887","1":"product","2":"type-product","3":"status-publish","4":"has-post-thumbnail","6":"product_cat-vina","7":"product_cat-regiony","8":"product_cat-bordeaux-cs","9":"product_cat-lussac-saint-emilion-cs","10":"product_cat-barva","11":"product_cat-cervena-vina","13":"first","14":"instock","15":"taxable","16":"shipping-taxable","17":"purchasable","18":"product-type-simple"},"jetpack_sharing_enabled":true,"_links":{"self":[{"href":"https:\/\/france-gastronomie.shop\/cs\/wp-json\/wp\/v2\/product\/9887","targetHints":{"allow":["GET"]}}],"collection":[{"href":"https:\/\/france-gastronomie.shop\/cs\/wp-json\/wp\/v2\/product"}],"about":[{"href":"https:\/\/france-gastronomie.shop\/cs\/wp-json\/wp\/v2\/types\/product"}],"replies":[{"embeddable":true,"href":"https:\/\/france-gastronomie.shop\/cs\/wp-json\/wp\/v2\/comments?post=9887"}],"wp:featuredmedia":[{"embeddable":true,"href":"https:\/\/france-gastronomie.shop\/cs\/wp-json\/wp\/v2\/media\/9883"}],"wp:attachment":[{"href":"https:\/\/france-gastronomie.shop\/cs\/wp-json\/wp\/v2\/media?parent=9887"}],"wp:term":[{"taxonomy":"product_brand","embeddable":true,"href":"https:\/\/france-gastronomie.shop\/cs\/wp-json\/wp\/v2\/product_brand?post=9887"},{"taxonomy":"product_cat","embeddable":true,"href":"https:\/\/france-gastronomie.shop\/cs\/wp-json\/wp\/v2\/product_cat?post=9887"},{"taxonomy":"product_tag","embeddable":true,"href":"https:\/\/france-gastronomie.shop\/cs\/wp-json\/wp\/v2\/product_tag?post=9887"}],"curies":[{"name":"wp","href":"https:\/\/api.w.org\/{rel}","templated":true}]}}