{"id":9873,"date":"2021-05-05T07:45:18","date_gmt":"2021-05-05T07:45:18","guid":{"rendered":"https:\/\/france-gastronomie.shop\/produit\/chateau-haut-methee-cuvee-prestige\/"},"modified":"2024-05-20T11:30:02","modified_gmt":"2024-05-20T11:30:02","slug":"chateau-haut-methee-cuvee-prestige","status":"publish","type":"product","link":"https:\/\/france-gastronomie.shop\/cs\/produit\/chateau-haut-methee-cuvee-prestige\/","title":{"rendered":"Ch. Haut M\u00e9th\u00e9e <br\/> Cuv\u00e9e Prestige"},"content":{"rendered":"<h5>Ch\u00e2teau Haut M\u00e9th\u00e9e<br \/>\nCuv\u00e9e Prestige<\/h5>\n<h5>AOC Vin de Bordeaux<\/h5>\n<p>Terroir<br \/>\nCh\u00e2teau Haut M\u00e9th\u00e9e je rodinn\u00e9 panstv\u00ed ve vlastnictv\u00ed stejn\u00e9 rodiny ji\u017e po 4 generace. Eric Masse, sou\u010dasn\u00fd majitel p\u0159evzal vinici v roce 1996, ale pracoval na n\u00ed s rodi\u010di od roku 1983. V pr\u016fb\u011bhu let roz\u0161i\u0159oval vlastnictv\u00ed a nyn\u00ed pokr\u00fdv\u00e1 55 hektar\u016f v C\u00e9zacu, mal\u00e9 vesnici mezi Blaye a Libourne. 20 let star\u00e1 vinice produkuje p\u0159ibli\u017en\u011b 2600 hektolitr\u016f v\u00edna ro\u010dn\u011b a je vysazena na j\u00edlovito-v\u00e1pencov\u00fdch kopc\u00edch, ide\u00e1ln\u011b vystaven\u00fdch slunci.<\/p>\n<p>Vinifikace<br \/>\nSb\u00edr\u00e1n\u00ed v optim\u00e1ln\u00ed zralosti.<br \/>\nV\u00fdroba v\u00edna v termoregula\u010dn\u00edch n\u00e1dr\u017e\u00edch.<br \/>\nFermentace v cementov\u00fdch a nerezov\u00fdch n\u00e1dr\u017e\u00edch.<br \/>\nSt\u00e1rnut\u00ed v cementov\u00fdch n\u00e1dr\u017e\u00edch.<\/p>\n<p>Odr\u016fdy<br \/>\n60% Cabernet Sauvignon, 35% Merlot, 5% Cabernet Franc<\/p>\n<p>Degustace<br \/>\nCh\u00e2teau Haut-M\u00e9th\u00e9e m\u00e1 jasn\u011b \u010dervenou barvu s fialov\u00fdmi odlesky.<br \/>\nV\u016fn\u011b je intenzivn\u00ed a okouzluj\u00edc\u00ed t\u00f3ny koncentrovan\u00e9ho \u010dern\u00e9ho ovoce, jako jsou ostru\u017einy a \u010dern\u00fd ryb\u00edz.<br \/>\nChu\u0165 je vl\u00e1\u010dn\u00e1, kulat\u00e1 a du\u017enat\u00e1 s dob\u0159e nam\u00edchan\u00fdmi t\u0159\u00edslovinami a p\u0159etrv\u00e1vaj\u00edc\u00edm z\u00e1v\u011brem ovocn\u00fdch v\u016fn\u00ed.<\/p>\n<p>P\u00e1rov\u00e1n\u00ed v\u00edna a j\u00eddla<br \/>\nCh\u00e2teau Haut M\u00e9th\u00e9e bude ide\u00e1ln\u00ed s grilovanou ro\u0161t\u011bnou, pe\u010den\u00fdm vep\u0159ov\u00fdm masem v om\u00e1\u010dce, s\u00fdrov\u00fdm tal\u00ed\u0159em nebo s \u010dokol\u00e1dov\u00fdmi dezerty.<br \/>\nPod\u00e1vejte mezi 16 \u00b0 a 18 \u00b0 C.<\/p>\n<p>Ocen\u011bn\u00ed<br \/>\n2018: Zlat\u00e1 medaile \u2013 Concours de Lyon 2019<br \/>\n2018: St\u0159\u00edbrn\u00e1 medaile \u2013 Concours de Bruxelles 2019<\/p>\n","protected":false},"excerpt":{"rendered":"<h5>AOC Vin de Bordeaux<\/h5>\n<p>Maison Le Star je realizac\u00ed snu a vyj\u00e1d\u0159en\u00edm v\u00e1\u0161n\u011b.<br \/>\nObklopeni t\u00fdmem profesion\u00e1l\u016f, enolog\u016f a sommelier\u016f, kte\u0159\u00ed zaru\u010duj\u00ed kvalitu n\u00e1mi vyr\u00e1b\u011bn\u00fdch a vybran\u00fdch v\u00edn, nab\u00edz\u00edme budouc\u00edm milovn\u00edk\u016fm a znalc\u016fm v\u00edna z cel\u00e9ho sv\u011bta kvalitn\u00ed francouzsk\u00e1 v\u00edna za odpov\u00eddaj\u00edc\u00ed cenu.<\/p>\n<p>Odr\u016fdy<br \/>\n60% Cabernet Sauvignon, 35% Merlot, 5% Cabernet Franc<\/p>\n","protected":false},"featured_media":9870,"comment_status":"open","ping_status":"closed","template":"","meta":[],"product_brand":[],"product_cat":[383,394,400,419,385,388],"product_tag":[],"class_list":{"0":"post-9873","1":"product","2":"type-product","3":"status-publish","4":"has-post-thumbnail","6":"product_cat-vina","7":"product_cat-regiony","8":"product_cat-bordeaux-cs","9":"product_cat-vins-de-bordeaux-cs","10":"product_cat-barva","11":"product_cat-cervena-vina","13":"first","14":"outofstock","15":"taxable","16":"shipping-taxable","17":"purchasable","18":"product-type-simple"},"jetpack_sharing_enabled":true,"_links":{"self":[{"href":"https:\/\/france-gastronomie.shop\/cs\/wp-json\/wp\/v2\/product\/9873","targetHints":{"allow":["GET"]}}],"collection":[{"href":"https:\/\/france-gastronomie.shop\/cs\/wp-json\/wp\/v2\/product"}],"about":[{"href":"https:\/\/france-gastronomie.shop\/cs\/wp-json\/wp\/v2\/types\/product"}],"replies":[{"embeddable":true,"href":"https:\/\/france-gastronomie.shop\/cs\/wp-json\/wp\/v2\/comments?post=9873"}],"wp:featuredmedia":[{"embeddable":true,"href":"https:\/\/france-gastronomie.shop\/cs\/wp-json\/wp\/v2\/media\/9870"}],"wp:attachment":[{"href":"https:\/\/france-gastronomie.shop\/cs\/wp-json\/wp\/v2\/media?parent=9873"}],"wp:term":[{"taxonomy":"product_brand","embeddable":true,"href":"https:\/\/france-gastronomie.shop\/cs\/wp-json\/wp\/v2\/product_brand?post=9873"},{"taxonomy":"product_cat","embeddable":true,"href":"https:\/\/france-gastronomie.shop\/cs\/wp-json\/wp\/v2\/product_cat?post=9873"},{"taxonomy":"product_tag","embeddable":true,"href":"https:\/\/france-gastronomie.shop\/cs\/wp-json\/wp\/v2\/product_tag?post=9873"}],"curies":[{"name":"wp","href":"https:\/\/api.w.org\/{rel}","templated":true}]}}