{"id":987,"date":"2020-08-05T04:45:26","date_gmt":"2020-08-05T04:45:26","guid":{"rendered":"https:\/\/france-gastronomie.shop\/produit\/la-chasse-des-princes-cote-du-rhone-villages-2\/"},"modified":"2024-11-04T11:18:00","modified_gmt":"2024-11-04T11:18:00","slug":"la-chasse-des-princes-cote-du-rhone-villages-2","status":"publish","type":"product","link":"https:\/\/france-gastronomie.shop\/cs\/produit\/la-chasse-des-princes-cote-du-rhone-villages-2\/","title":{"rendered":"La Chasse des Princes <br\/> AOC C\u00f4tes du Rh\u00f4ne Villages"},"content":{"rendered":"<h5>La Chasse des Princes<\/h5>\n<h5>AOC C\u00f4te du Rh\u00f4ne Villages<\/h5>\n<p>P\u016eVOD<br \/>\nJ\u00edlovo k\u0159emi\u010dit\u00e9 svahy nebo sk\u00e1ly.<\/p>\n<p>VINIFIKACE<br \/>\nObr\u00e1n\u00ed, nalo\u017een\u00ed 4 t\u00fddny, denn\u00ed odeb\u00edr\u00e1n\u00ed a p\u0159e\u010derp\u00e1v\u00e1n\u00ed. Teplota kva\u0161en\u00ed 28 a\u017e 30\u00b0 C.<br \/>\nSt\u00e1\u010deno do lahv\u00ed ve vina\u0159stv\u00ed.<\/p>\n<p>ZR\u00c1N\u00cd<br \/>\n10 m\u011bs\u00edc\u016f v n\u00e1dr\u017ei<\/p>\n<p>ODR\u016eDY<br \/>\nGrenache 70%, Syrah 15%, Mourv\u00e8dre 15%<\/p>\n<p>DEGUSTACE<br \/>\nHezk\u00e1 v\u00fdrazn\u00e1 \u010derven\u00e1 barva, siln\u011b dominantn\u00ed v\u016fn\u011b \u010derven\u00e9ho ovoce jako \u010dern\u00fd ryb\u00edz dopln\u011bn\u00e1 l\u00e9ko\u0159ic\u00ed a ko\u0159en\u00edm. Chu\u0165ov\u011b velmi vyrovnan\u00e9 s velk\u00fdm objemem a jemnou strukturou t\u0159\u00edslovin, ale t\u0159\u00edsloviny jsou jemn\u00e9 a rozpu\u0161t\u011bn\u00e9.<\/p>\n<p>RADY K DEGUSTACI<br \/>\nUchov\u00e1vat 3- 5 let. Teplota 14\u00b0-16\u00b0C.<\/p>\n<p>DOPORU\u010cEN\u00cd<br \/>\nToto v\u00edno ocen\u00edte dnes se v\u0161emi j\u00eddly st\u0159edomo\u0159sk\u00e9 kuchyn\u011b, dokonce i pikantn\u00edmi, a jako star\u0161\u00ed s om\u00e1\u010dkami nebo zv\u011b\u0159inou.<\/p>\n","protected":false},"excerpt":{"rendered":"<h5>AOC C\u00f4te du Rh\u00f4ne Villages<\/h5>\n<div>V roce 1925 se spojila skupina vina\u0159\u016f p\u0159esv\u011bd\u010den\u00fdch o hodnot\u00e1ch solidarity a vz\u00e1jemn\u00e9 pomoci. O jeden\u00e1ct let pozd\u011bji se tito vizion\u00e1\u0159\u0161t\u00ed vina\u0159i pod\u00edleli na vytvo\u0159en\u00ed prvn\u00ed apelace ve Francii: CH\u00c2TEAUNEUF-DU-PAPE.<br \/>\n189 vina\u0159\u016f z CELLIER DES PRINCES, kte\u0159\u00ed byli na po\u010d\u00e1tku sjednoceni, je hrd\u00fdch na to, \u017ee mohou sv\u00e1 v\u00edna prod\u00e1vat na v\u0161ech p\u011bti kontinentech a p\u0159ed\u00e1vat sv\u00e9 hodnoty, jako je pohostinnost a dokonalost.<\/div>\n<p>ODR\u016eDY<br \/>\nGrenache 70%, Syrah 15%, Mourv\u00e8dre 15%<\/p>\n","protected":false},"featured_media":9049,"comment_status":"closed","ping_status":"closed","template":"","meta":[],"product_brand":[],"product_cat":[383,394,435,437,385,388],"product_tag":[],"class_list":{"0":"post-987","1":"product","2":"type-product","3":"status-publish","4":"has-post-thumbnail","6":"product_cat-vina","7":"product_cat-regiony","8":"product_cat-vallee-du-rhone-cs","9":"product_cat-cotes-du-rhone-villages-cs","10":"product_cat-barva","11":"product_cat-cervena-vina","13":"first","14":"instock","15":"taxable","16":"shipping-taxable","17":"purchasable","18":"product-type-simple"},"jetpack_sharing_enabled":true,"_links":{"self":[{"href":"https:\/\/france-gastronomie.shop\/cs\/wp-json\/wp\/v2\/product\/987","targetHints":{"allow":["GET"]}}],"collection":[{"href":"https:\/\/france-gastronomie.shop\/cs\/wp-json\/wp\/v2\/product"}],"about":[{"href":"https:\/\/france-gastronomie.shop\/cs\/wp-json\/wp\/v2\/types\/product"}],"replies":[{"embeddable":true,"href":"https:\/\/france-gastronomie.shop\/cs\/wp-json\/wp\/v2\/comments?post=987"}],"wp:featuredmedia":[{"embeddable":true,"href":"https:\/\/france-gastronomie.shop\/cs\/wp-json\/wp\/v2\/media\/9049"}],"wp:attachment":[{"href":"https:\/\/france-gastronomie.shop\/cs\/wp-json\/wp\/v2\/media?parent=987"}],"wp:term":[{"taxonomy":"product_brand","embeddable":true,"href":"https:\/\/france-gastronomie.shop\/cs\/wp-json\/wp\/v2\/product_brand?post=987"},{"taxonomy":"product_cat","embeddable":true,"href":"https:\/\/france-gastronomie.shop\/cs\/wp-json\/wp\/v2\/product_cat?post=987"},{"taxonomy":"product_tag","embeddable":true,"href":"https:\/\/france-gastronomie.shop\/cs\/wp-json\/wp\/v2\/product_tag?post=987"}],"curies":[{"name":"wp","href":"https:\/\/api.w.org\/{rel}","templated":true}]}}