{"id":9851,"date":"2021-05-04T10:48:17","date_gmt":"2021-05-04T10:48:17","guid":{"rendered":"https:\/\/france-gastronomie.shop\/produit\/kompot-bio-boruvkovy\/"},"modified":"2024-08-28T13:04:09","modified_gmt":"2024-08-28T13:04:09","slug":"kompot-bio-boruvkovy","status":"publish","type":"product","link":"https:\/\/france-gastronomie.shop\/cs\/produit\/kompot-bio-boruvkovy\/","title":{"rendered":"Bor\u016fvkov\u00fd <br\/> Kompot"},"content":{"rendered":"<h5>Bor\u016fvkov\u00fd kompot<br \/>\nBIOLOKLOCK<\/h5>\n<p>Bor\u016fvky do na\u0161eho kompotu jsou ru\u010dn\u011b kr\u00e1jeny a d\u00e1v\u00e1ny do lehk\u00e9ho n\u00e1levu, kter\u00fd jim umo\u017e\u0148uje zachovat si svou v\u00fdbornou chu\u0165 a strukturu. Jsou ide\u00e1ln\u00ed do buchet nebo ovocn\u00e9ho sal\u00e1tu.<\/p>\n<p>N\u00e1\u0161 bor\u016fvkov\u00fd kompot je balen v recyklovateln\u00e9 sklenici o hmotnosti 360 g.<br \/>\nTento produkt je ide\u00e1ln\u00ed na ovocn\u00e9 sal\u00e1ty, do buchet, smoothies a tak\u00e9 k va\u0161im slan\u00fdm pokrm\u016fm.<br \/>\nVe\u0161ker\u00e9 na\u0161e kompoty jsou p\u0159ipravov\u00e1ny postaru (zal\u00e9v\u00e1n\u00ed se prov\u00e1d\u00ed ru\u010dn\u011b), v mal\u00e9m mno\u017estv\u00ed, nad\u0161enci ekologick\u00e9ho zem\u011bd\u011blstv\u00ed, s ohledem na \u017eivotn\u00ed prost\u0159ed\u00ed a zdrav\u00ed; rodinn\u00e9 d\u011bdictv\u00ed je p\u0159ed\u00e1van\u00e9 z generace na generaci.<\/p>\n<p>V\u00fdhody<br \/>\nNepochybn\u011b budete svedeni autentickou a sladkou chut\u00ed na\u0161eho BIO bor\u016fvkov\u00e9ho kompotu.<br \/>\nBlahod\u00e1rn\u00fd \u00fa\u010dinek maj\u00ed bor\u016fvky zejm\u00e9na pro o\u010di. Krom\u011b toho posiluj\u00ed odolnost kapil\u00e1r a sni\u017euj\u00ed jejich propustnost, co\u017e jim d\u00e1v\u00e1 ur\u010dit\u00e9 antihemoragick\u00e9 vlastnosti.<br \/>\nRovn\u011b\u017e maj\u00ed antiseptick\u00e9 a antioxida\u010dn\u00ed vlastnosti. (Tyto ctnosti, kter\u00e9 se p\u0159ipisuj\u00ed ka\u017ed\u00e9mu z t\u011bchto druh\u016f ovoce, jsou uzn\u00e1v\u00e1ny po cel\u00e9 generace, ale nemohou nahradit l\u00e9\u010dbu p\u0159edepsanou zdravotn\u00edkem).<br \/>\n\u0158\u00edk\u00e1 se, \u017ee b\u011bhem druh\u00e9 sv\u011btov\u00e9 v\u00e1lky piloti kr\u00e1lovsk\u00e9ho letectva v\u00fdrazn\u011b vylep\u0161ili sv\u00e9 no\u010dn\u00ed vid\u011bn\u00ed d\u00edky bor\u016fvkov\u00e9mu \u017eel\u00e9 &#8230; kter\u00e9 se rychle stalo jejich denn\u00ed pot\u0159ebou!<\/p>\n<p>Slo\u017een\u00ed<br \/>\nBor\u016fvky*, sv\u011btl\u00fd t\u0159tinov\u00fd cukr (fair-trade)*, voda. * Ingredience z ekologick\u00e9ho zem\u011bd\u011blstv\u00ed.<br \/>\nBez p\u0159\u00edsad.<\/p>\n<p>Skladov\u00e1n\u00ed<br \/>\nPo otev\u0159en\u00ed uchov\u00e1vejte v chladu.<\/p>\n<p>Nutri\u010dn\u00ed hodnoty na 100g<\/p>\n<table width=\"541\">\n<tbody>\n<tr>\n<td width=\"235\">Energie (kcal)<\/td>\n<td width=\"306\">69,9<\/td>\n<\/tr>\n<tr>\n<td>Energie (kJ)<\/td>\n<td>297,6<\/td>\n<\/tr>\n<tr>\n<td>Tuky<\/td>\n<td>0,1 g<\/td>\n<\/tr>\n<tr>\n<td>nasycen\u00e9 mastn\u00e9 kyseliny<\/td>\n<td>0,0 g<\/td>\n<\/tr>\n<tr>\n<td>Sacharidy<\/td>\n<td>17,0 g<\/td>\n<\/tr>\n<tr>\n<td>z toho cukry<\/td>\n<td>16,9 g<\/td>\n<\/tr>\n<tr>\n<td>Vl\u00e1knina<\/td>\n<td>0,4 g<\/td>\n<\/tr>\n<tr>\n<td>Proteiny<\/td>\n<td>0,1 g<\/td>\n<\/tr>\n<tr>\n<td>S\u016fl<\/td>\n<td>0,0 g<\/td>\n<\/tr>\n<\/tbody>\n<\/table>\n","protected":false},"excerpt":{"rendered":"<h5>BIOLOKLOCK<\/h5>\n<p>Bioloklock je rodinn\u00e1 \u0159emesln\u00e1 firma, jej\u00ed\u017e kvalitn\u00ed produkty jsou v\u00fdsledkem dlouhodob\u00e9ho zapojen\u00ed rodiny do ekologick\u00e9ho zem\u011bd\u011blstv\u00ed, a to ji\u017e od po\u010d\u00e1tku 60. let.<\/p>\n","protected":false},"featured_media":9849,"comment_status":"open","ping_status":"closed","template":"","meta":[],"product_brand":[],"product_cat":[585,441,384],"product_tag":[],"class_list":{"0":"post-9851","1":"product","2":"type-product","3":"status-publish","4":"has-post-thumbnail","6":"product_cat-dzemy","7":"product_cat-potraviny","8":"product_cat-bio-cs","10":"first","11":"outofstock","12":"taxable","13":"shipping-taxable","14":"purchasable","15":"product-type-simple"},"jetpack_sharing_enabled":true,"_links":{"self":[{"href":"https:\/\/france-gastronomie.shop\/cs\/wp-json\/wp\/v2\/product\/9851","targetHints":{"allow":["GET"]}}],"collection":[{"href":"https:\/\/france-gastronomie.shop\/cs\/wp-json\/wp\/v2\/product"}],"about":[{"href":"https:\/\/france-gastronomie.shop\/cs\/wp-json\/wp\/v2\/types\/product"}],"replies":[{"embeddable":true,"href":"https:\/\/france-gastronomie.shop\/cs\/wp-json\/wp\/v2\/comments?post=9851"}],"wp:featuredmedia":[{"embeddable":true,"href":"https:\/\/france-gastronomie.shop\/cs\/wp-json\/wp\/v2\/media\/9849"}],"wp:attachment":[{"href":"https:\/\/france-gastronomie.shop\/cs\/wp-json\/wp\/v2\/media?parent=9851"}],"wp:term":[{"taxonomy":"product_brand","embeddable":true,"href":"https:\/\/france-gastronomie.shop\/cs\/wp-json\/wp\/v2\/product_brand?post=9851"},{"taxonomy":"product_cat","embeddable":true,"href":"https:\/\/france-gastronomie.shop\/cs\/wp-json\/wp\/v2\/product_cat?post=9851"},{"taxonomy":"product_tag","embeddable":true,"href":"https:\/\/france-gastronomie.shop\/cs\/wp-json\/wp\/v2\/product_tag?post=9851"}],"curies":[{"name":"wp","href":"https:\/\/api.w.org\/{rel}","templated":true}]}}