{"id":975,"date":"2020-08-05T05:16:19","date_gmt":"2020-08-05T05:16:19","guid":{"rendered":"https:\/\/france-gastronomie.shop\/produit\/la-chasse-des-princes-vacqueyras-2\/"},"modified":"2024-11-04T11:17:52","modified_gmt":"2024-11-04T11:17:52","slug":"la-chasse-des-princes-vacqueyras-2","status":"publish","type":"product","link":"https:\/\/france-gastronomie.shop\/cs\/produit\/la-chasse-des-princes-vacqueyras-2\/","title":{"rendered":"La Chasse des Princes  <br\/> AOC Vacqueyras"},"content":{"rendered":"<h5>La Chasse des Princes<\/h5>\n<h5>AOC Vacqueyras<\/h5>\n<p>P\u016fvod<br \/>\nJ\u00edlovo v\u00e1penit\u00e9 podlo\u017e\u00ed vrcholk\u016f Garrigues.<\/p>\n<p>Vinifikace<br \/>\nObr\u00e1n\u00ed, rozma\u010dk\u00e1n\u00ed, nalo\u017een\u00ed 15 a\u017e 20 dn\u016f\u00a0; vyb\u00edr\u00e1n\u00ed a propichov\u00e1n\u00ed. Teplota vinifikacei 27 a\u017e 30\u00b0.<\/p>\n<p>Odr\u016fdy<br \/>\n65 % Grenache, 25 % Syrah, 10 % Mourv\u00e8dre<\/p>\n<p>Pozn\u00e1mky k degustaci<br \/>\nGran\u00e1tov\u00e1 barva. Jemn\u00e1 v\u016fn\u011b \u010derven\u00e9ho a \u010derven\u00e9ho zava\u0159en\u00e9ho ovoce, vanilky, l\u00e9ko\u0159ice, \u010dern\u00e9ho pep\u0159e, tymi\u00e1nu, bobkov\u00e9ho listu. Chu\u0165 je \u0161irok\u00e1 a spojit\u00e1, \u010derstv\u00e1, siln\u00e1 a elegantn\u00ed, kr\u00e1sn\u00e1 t\u0159\u00edslovinov\u00e1 struktura a vytrvalost po ovoci a kakau.<\/p>\n<p>Rady k degustaci<br \/>\nUchov\u00e1vat: 5-8 let, pod\u00e1vat p\u0159i pokojov\u00e9 teplot\u011b.<\/p>\n<p>Doporu\u010den\u00ed<br \/>\nBude perfektn\u00ed s pe\u010den\u00fdm ba\u017eantem, k\u0159upav\u00fdm hov\u011bz\u00edm steakem, terinou z divo\u010d\u00e1ka, houbov\u00fdm kol\u00e1\u010dem, steakem z kapouna na ka\u0161tanech, telec\u00edmi kotletkami po normandsku nebo s koz\u00edm s\u00fdrem v olivov\u00e9m oleji s tymi\u00e1nem a s cantalem.<\/p>\n","protected":false},"excerpt":{"rendered":"<h5>AOC Vacqueyras<\/h5>\n<div>V roce 1925 se spojila skupina vina\u0159\u016f p\u0159esv\u011bd\u010den\u00fdch o hodnot\u00e1ch solidarity a vz\u00e1jemn\u00e9 pomoci. O jeden\u00e1ct let pozd\u011bji se tito vizion\u00e1\u0159\u0161t\u00ed vina\u0159i pod\u00edleli na vytvo\u0159en\u00ed prvn\u00ed apelace ve Francii: CH\u00c2TEAUNEUF-DU-PAPE.<br \/>\n189 vina\u0159\u016f z CELLIER DES PRINCES, kte\u0159\u00ed byli na po\u010d\u00e1tku sjednoceni, je hrd\u00fdch na to, \u017ee mohou sv\u00e1 v\u00edna prod\u00e1vat na v\u0161ech p\u011bti kontinentech a p\u0159ed\u00e1vat sv\u00e9 hodnoty, jako je pohostinnost a dokonalost.<\/div>\n<p>Odr\u016fdy<br \/>\n65 % Grenache, 25 % Syrah, 10 % Mourv\u00e8dre<\/p>\n","protected":false},"featured_media":9053,"comment_status":"closed","ping_status":"closed","template":"","meta":[],"product_brand":[],"product_cat":[383,389,394,435,440,385,388],"product_tag":[],"class_list":{"0":"post-975","1":"product","2":"type-product","3":"status-publish","4":"has-post-thumbnail","6":"product_cat-vina","7":"product_cat-spickova-vina","8":"product_cat-regiony","9":"product_cat-vallee-du-rhone-cs","10":"product_cat-vacqueyras-cs","11":"product_cat-barva","12":"product_cat-cervena-vina","14":"first","15":"instock","16":"taxable","17":"shipping-taxable","18":"purchasable","19":"product-type-simple"},"jetpack_sharing_enabled":true,"_links":{"self":[{"href":"https:\/\/france-gastronomie.shop\/cs\/wp-json\/wp\/v2\/product\/975","targetHints":{"allow":["GET"]}}],"collection":[{"href":"https:\/\/france-gastronomie.shop\/cs\/wp-json\/wp\/v2\/product"}],"about":[{"href":"https:\/\/france-gastronomie.shop\/cs\/wp-json\/wp\/v2\/types\/product"}],"replies":[{"embeddable":true,"href":"https:\/\/france-gastronomie.shop\/cs\/wp-json\/wp\/v2\/comments?post=975"}],"wp:featuredmedia":[{"embeddable":true,"href":"https:\/\/france-gastronomie.shop\/cs\/wp-json\/wp\/v2\/media\/9053"}],"wp:attachment":[{"href":"https:\/\/france-gastronomie.shop\/cs\/wp-json\/wp\/v2\/media?parent=975"}],"wp:term":[{"taxonomy":"product_brand","embeddable":true,"href":"https:\/\/france-gastronomie.shop\/cs\/wp-json\/wp\/v2\/product_brand?post=975"},{"taxonomy":"product_cat","embeddable":true,"href":"https:\/\/france-gastronomie.shop\/cs\/wp-json\/wp\/v2\/product_cat?post=975"},{"taxonomy":"product_tag","embeddable":true,"href":"https:\/\/france-gastronomie.shop\/cs\/wp-json\/wp\/v2\/product_tag?post=975"}],"curies":[{"name":"wp","href":"https:\/\/api.w.org\/{rel}","templated":true}]}}