{"id":970,"date":"2020-08-05T05:36:57","date_gmt":"2020-08-05T05:36:57","guid":{"rendered":"https:\/\/france-gastronomie.shop\/produit\/la-chasse-des-princes-gigondas-2\/"},"modified":"2024-11-04T11:27:15","modified_gmt":"2024-11-04T11:27:15","slug":"la-chasse-des-princes-gigondas-2","status":"publish","type":"product","link":"https:\/\/france-gastronomie.shop\/cs\/produit\/la-chasse-des-princes-gigondas-2\/","title":{"rendered":"La Chasse des Princes <br\/> AOC Gigondas"},"content":{"rendered":"<h5>La Chasse des Princes<\/h5>\n<h5>AOC Gigondas<\/h5>\n<p>P\u016eVOD<br \/>\nJ\u00edlovo v\u00e1penit\u00e9 podlo\u017e\u00ed<\/p>\n<p>VINIFIKACE<br \/>\nPo obr\u00e1n\u00ed jsou hrozny rozma\u010dk\u00e1ny, nalo\u017eeny 20 a\u017e 25 dn\u00ed, pak jsou p\u0159e\u010derp\u00e1ny a vylisov\u00e1ny.<br \/>\nTeplota kva\u0161en\u00ed 27 a\u017e 30\u00b0 C.<\/p>\n<p>ZR\u00c1N\u00cd<br \/>\n8 m\u011bs\u00edc\u016f v n\u00e1dr\u017ei.<\/p>\n<p>ODR\u016eDY<br \/>\nGrenache 80%, Syrah 10%, Mourv\u00e8dre 5%, Cinsault 5%<\/p>\n<p>DEGUSTACE<br \/>\nToto v\u00edno m\u00e1 z\u00e1\u0159ivou, hlubokou rub\u00ednovou barvu. V\u016fn\u011b je komplexn\u00ed a gurm\u00e1nsk\u00e1<br \/>\ns p\u0159evl\u00e1daj\u00edc\u00edm \u010derven\u00fdm a \u010dern\u00fdm ovocem, pivo\u0148kov\u00fdmi kv\u011bty, sladk\u00fdm ko\u0159en\u00edm vanilkou a mu\u0161k\u00e1tem, kakaem, l\u00e9ko\u0159ic\u00ed, doutn\u00edky. Povzbudiv\u00e1 chu\u0165, \u0161irok\u00e1 a hust\u00e1,<br \/>\nt\u0159\u00edslovinami jsou jemn\u00e9 a hedv\u00e1bn\u00e9, dlouh\u00fd z\u00e1v\u011br po pep\u0159i a po ovoci.<\/p>\n<p>RADY K DEGUSTACI<br \/>\nUchov\u00e1vat: 5-8 let. Teplota 14\u00b0 &#8211; 16\u00b0C.<\/p>\n<p>DOPORU\u010cEN\u00cd<br \/>\nTerina z divo\u010d\u00e1ka, pe\u010den\u00e9 divok\u00e9 sele, vep\u0159ov\u00e1 pe\u010den\u011b na \u0161vestk\u00e1ch, nad\u00edvan\u00e1 perli\u010dka, s\u00fdr tomme, such\u00fd koz\u00ed s\u00fdr.<\/p>\n","protected":false},"excerpt":{"rendered":"<h5>AOC Gigondas<\/h5>\n<p>V roce 1925 se spojila skupina vina\u0159\u016f p\u0159esv\u011bd\u010den\u00fdch o hodnot\u00e1ch solidarity a vz\u00e1jemn\u00e9 pomoci. O jeden\u00e1ct let pozd\u011bji se tito vizion\u00e1\u0159\u0161t\u00ed vina\u0159i pod\u00edleli na vytvo\u0159en\u00ed prvn\u00ed apelace ve Francii: CH\u00c2TEAUNEUF-DU-PAPE.<br \/>\n189 vina\u0159\u016f z CELLIER DES PRINCES, kte\u0159\u00ed byli na po\u010d\u00e1tku sjednoceni, je hrd\u00fdch na to, \u017ee mohou sv\u00e1 v\u00edna prod\u00e1vat na v\u0161ech p\u011bti kontinentech a p\u0159ed\u00e1vat sv\u00e9 hodnoty, jako je pohostinnost a dokonalost.<\/p>\n<p>ODR\u016eDY<br \/>\nGrenache 80%, Syrah 10%, Mourv\u00e8dre 5%, Cinsault 5%<\/p>\n","protected":false},"featured_media":25143,"comment_status":"closed","ping_status":"closed","template":"","meta":[],"product_brand":[],"product_cat":[657,383,389,394,435,385,388],"product_tag":[],"class_list":{"0":"post-970","1":"product","2":"type-product","3":"status-publish","4":"has-post-thumbnail","6":"product_cat-gigondas-2","7":"product_cat-vina","8":"product_cat-spickova-vina","9":"product_cat-regiony","10":"product_cat-vallee-du-rhone-cs","11":"product_cat-barva","12":"product_cat-cervena-vina","14":"first","15":"instock","16":"taxable","17":"shipping-taxable","18":"purchasable","19":"product-type-simple"},"jetpack_sharing_enabled":true,"_links":{"self":[{"href":"https:\/\/france-gastronomie.shop\/cs\/wp-json\/wp\/v2\/product\/970","targetHints":{"allow":["GET"]}}],"collection":[{"href":"https:\/\/france-gastronomie.shop\/cs\/wp-json\/wp\/v2\/product"}],"about":[{"href":"https:\/\/france-gastronomie.shop\/cs\/wp-json\/wp\/v2\/types\/product"}],"replies":[{"embeddable":true,"href":"https:\/\/france-gastronomie.shop\/cs\/wp-json\/wp\/v2\/comments?post=970"}],"wp:featuredmedia":[{"embeddable":true,"href":"https:\/\/france-gastronomie.shop\/cs\/wp-json\/wp\/v2\/media\/25143"}],"wp:attachment":[{"href":"https:\/\/france-gastronomie.shop\/cs\/wp-json\/wp\/v2\/media?parent=970"}],"wp:term":[{"taxonomy":"product_brand","embeddable":true,"href":"https:\/\/france-gastronomie.shop\/cs\/wp-json\/wp\/v2\/product_brand?post=970"},{"taxonomy":"product_cat","embeddable":true,"href":"https:\/\/france-gastronomie.shop\/cs\/wp-json\/wp\/v2\/product_cat?post=970"},{"taxonomy":"product_tag","embeddable":true,"href":"https:\/\/france-gastronomie.shop\/cs\/wp-json\/wp\/v2\/product_tag?post=970"}],"curies":[{"name":"wp","href":"https:\/\/api.w.org\/{rel}","templated":true}]}}