{"id":965,"date":"2020-08-04T06:25:32","date_gmt":"2020-08-04T06:25:32","guid":{"rendered":"https:\/\/france-gastronomie.shop\/produit\/la-chasse-des-princes-chateauneuf-du-pape-2\/"},"modified":"2024-11-04T11:27:21","modified_gmt":"2024-11-04T11:27:21","slug":"la-chasse-des-princes-chateauneuf-du-pape-2","status":"publish","type":"product","link":"https:\/\/france-gastronomie.shop\/cs\/produit\/la-chasse-des-princes-chateauneuf-du-pape-2\/","title":{"rendered":"La Chasse des Princes <br\/> Ch\u00e2teauneuf du Pape"},"content":{"rendered":"<h5>La Chasse des Princes<\/h5>\n<h5>AOC Ch\u00e2teauneuf du Pape<\/h5>\n<p>P\u016eVOD<br \/>\nPodlo\u017e\u00ed j\u00edlovo k\u0159emi\u010dit\u00e9 s ov\u00e1ln\u00fdmi obl\u00e1zky.<\/p>\n<p>VINIFIKACE<br \/>\nPo obr\u00e1n\u00ed jsou hrozny ulo\u017eeny v n\u00e1dr\u017ei po dobu 20-25 dn\u00ed, denn\u011b jsou vyb\u00edr\u00e1ny a p\u0159e\u010derp\u00e1v\u00e1ny.<br \/>\nTeplota 28 a\u017e 30\u00b0C.<br \/>\nZr\u00e1n\u00ed: 10 a\u017e 12 m\u011bs\u00edc\u016f v n\u00e1dr\u017ei.<\/p>\n<p>ODR\u016eDY<br \/>\nGrenache 90%, Mourv\u00e8dre 5 %, Syrah 5%<\/p>\n<p>DEGUSTACE<br \/>\nGran\u00e1tov\u00e1 barva. Intenzivn\u00ed, komplexn\u00ed a \u010derstv\u00e1 v\u016fn\u011b, kter\u00e1 uvol\u0148ujearomata k\u0159ovin, m\u00e1ty, zral\u00e9ho \u010dern\u00e9ho ryb\u00edzu, su\u0161en\u00e9ho \u010dern\u00e9ho ovoce, o\u0159ech\u016f, l\u00edskov\u00fdch o\u0159\u00ed\u0161k\u016f, f\u00edk\u016f a ko\u0159en\u00ed s dotekem kari. Hlubok\u00e1 a v\u00fdrazn\u00e1 chu\u0165, p\u0159\u00edjemn\u011b vyv\u00e1\u017een\u00e1 jemn\u00fdmi a sv\u011b\u017e\u00edmi t\u0159\u00edslovinami a d\u00e9lka spo\u010d\u00edvaj\u00edc\u00ed na zava\u0159ovan\u00e9m ovoci. Jeho hloubka mu dovol\u00ed po\u010dkat, ne\u017e bude ochutn\u00e1v\u00e1no.<\/p>\n<p>RADY K DEGUSTACI<br \/>\nUchov\u00e1vat: 5-8 let<br \/>\nTeplota 16\u00b0-18\u00b0C<\/p>\n<p>DOPORU\u010cEN\u00cd<br \/>\nToto Chateauneuf-du-Pape se perfekn\u011b snoub\u00ed s pe\u010den\u00fdm masem a om\u00e1\u010dkami (hov\u011bz\u00ed bourguignon), kach\u00ed pa\u0161tikou, pudinkem, zv\u011b\u0159inou (srn\u010d\u00ed) a je vynikaj\u00edc\u00ed ke koz\u00edm s\u00fdr\u016fm, osso iraty.<\/p>\n","protected":false},"excerpt":{"rendered":"<h5>AOC Ch\u00e2teauneuf du Pape<\/h5>\n<div>V roce 1925 se spojila skupina vina\u0159\u016f p\u0159esv\u011bd\u010den\u00fdch o hodnot\u00e1ch solidarity a vz\u00e1jemn\u00e9 pomoci. O jeden\u00e1ct let pozd\u011bji se tito vizion\u00e1\u0159\u0161t\u00ed vina\u0159i pod\u00edleli na vytvo\u0159en\u00ed prvn\u00ed apelace ve Francii: CH\u00c2TEAUNEUF-DU-PAPE.<br \/>\n189 vina\u0159\u016f z CELLIER DES PRINCES, kte\u0159\u00ed byli na po\u010d\u00e1tku sjednoceni, je hrd\u00fdch na to, \u017ee mohou sv\u00e1 v\u00edna prod\u00e1vat na v\u0161ech p\u011bti kontinentech a p\u0159ed\u00e1vat sv\u00e9 hodnoty, jako je pohostinnost a dokonalost.<\/div>\n<p>ODR\u016eDY<br \/>\nGrenache 90%, Mourv\u00e8dre 5 %, Syrah 5%<\/p>\n","protected":false},"featured_media":9040,"comment_status":"closed","ping_status":"closed","template":"","meta":[],"product_brand":[],"product_cat":[383,389,394,435,436,385,388],"product_tag":[],"class_list":{"0":"post-965","1":"product","2":"type-product","3":"status-publish","4":"has-post-thumbnail","6":"product_cat-vina","7":"product_cat-spickova-vina","8":"product_cat-regiony","9":"product_cat-vallee-du-rhone-cs","10":"product_cat-chateauneuf-du-pape-cs","11":"product_cat-barva","12":"product_cat-cervena-vina","14":"first","15":"instock","16":"taxable","17":"shipping-taxable","18":"purchasable","19":"product-type-simple"},"jetpack_sharing_enabled":true,"_links":{"self":[{"href":"https:\/\/france-gastronomie.shop\/cs\/wp-json\/wp\/v2\/product\/965","targetHints":{"allow":["GET"]}}],"collection":[{"href":"https:\/\/france-gastronomie.shop\/cs\/wp-json\/wp\/v2\/product"}],"about":[{"href":"https:\/\/france-gastronomie.shop\/cs\/wp-json\/wp\/v2\/types\/product"}],"replies":[{"embeddable":true,"href":"https:\/\/france-gastronomie.shop\/cs\/wp-json\/wp\/v2\/comments?post=965"}],"wp:featuredmedia":[{"embeddable":true,"href":"https:\/\/france-gastronomie.shop\/cs\/wp-json\/wp\/v2\/media\/9040"}],"wp:attachment":[{"href":"https:\/\/france-gastronomie.shop\/cs\/wp-json\/wp\/v2\/media?parent=965"}],"wp:term":[{"taxonomy":"product_brand","embeddable":true,"href":"https:\/\/france-gastronomie.shop\/cs\/wp-json\/wp\/v2\/product_brand?post=965"},{"taxonomy":"product_cat","embeddable":true,"href":"https:\/\/france-gastronomie.shop\/cs\/wp-json\/wp\/v2\/product_cat?post=965"},{"taxonomy":"product_tag","embeddable":true,"href":"https:\/\/france-gastronomie.shop\/cs\/wp-json\/wp\/v2\/product_tag?post=965"}],"curies":[{"name":"wp","href":"https:\/\/api.w.org\/{rel}","templated":true}]}}