{"id":950,"date":"2020-08-05T09:25:05","date_gmt":"2020-08-05T09:25:05","guid":{"rendered":"https:\/\/france-gastronomie.shop\/produit\/domaine-de-ju-ventoux-5\/"},"modified":"2026-03-20T14:24:00","modified_gmt":"2026-03-20T13:24:00","slug":"domaine-de-ju-ventoux-5","status":"publish","type":"product","link":"https:\/\/france-gastronomie.shop\/cs\/produit\/domaine-de-ju-ventoux-5\/","title":{"rendered":"Domaine de JU <br\/> AOC Ventoux"},"content":{"rendered":"<h5>Domaine de JU<\/h5>\n<h5>AOC Ventoux<\/h5>\n<p>P\u016eVOD<br \/>\nVina\u0159 Julien Cornud je tak\u00e9 botanik a miluje sv\u016fj pozemek. Jeho vinice se nach\u00e1zej\u00ed v mal\u00e9 vesnici Caromb, na \u00fapat\u00ed hory Mont Ventoux. Jeho vinice m\u00e1 tu zvl\u00e1\u0161tnost, \u017ee obsahuje kousky pazourku, a proto Julien Cornud vtipkoval, \u017ee by mohl ud\u011blat velmi p\u011bkn\u00fd Sauvignon Blanc jako v oblasti Loiry. P\u016fda je j\u00edlovo v\u00e1penat\u00e1 s kousky pazourku jako v Sancerre.<\/p>\n<p>ZR\u00c1N\u00cd<br \/>\n6 m\u011bs\u00edc\u016f v betonov\u00fdch n\u00e1dr\u017e\u00edch<\/p>\n<p>ODR\u016eDY<br \/>\n60% Grenache, 35% Syrah, 5% Carignan<\/p>\n<p>DEGUSTACE<br \/>\nTmav\u00e1 rub\u00ednov\u011b \u010derven\u00e1 barva v\u00edna s purpurov\u00fdmi z\u00e1blesky. V\u016fn\u011b \u010derven\u00e9ho ovoce s t\u00f3ny ko\u0159en\u00ed, jako je \u010dern\u00fd pep\u0159. V \u00fastech je toto v\u00edno hladk\u00e9 a jeho poddajn\u00e1 struktura zd\u016fraz\u0148uje v\u016fn\u011b. Je dob\u0159e vyv\u00e1\u017een\u00e9, nab\u00edz\u00ed velmi zakulacen\u00e9 taniny a v\u016fn\u011b \u010derstv\u00fdch bobul\u00ed, s n\u011bkter\u00fdmi kv\u011btov\u00fdmi a ko\u0159en\u011bn\u00fdmi p\u0159\u00edchut\u011bmi.<\/p>\n<p>RADY K DEGUSTACI<br \/>\nUchov\u00e1vat po dobu 4 &#8211; 5 let.<\/p>\n<p>DOPORU\u010cEN\u00cd<br \/>\nVychutn\u00e1te si ho ke grilovan\u00fdm j\u00eddl\u016fm, nebo ke v\u0161em st\u0159edomo\u0159sk\u00fdm j\u00eddl\u016fm, du\u0161en\u00fdm mas\u016fm a s\u00fdr\u016fm.<\/p>\n<p>OCEN\u011aN\u00cd<br \/>\n2017: zlato<br \/>\n2016: zlato Gilbert &amp; Gaillard<\/p>\n","protected":false},"excerpt":{"rendered":"<h5>AOC Ventoux<\/h5>\n<p>V roce 1925 se spojila skupina vina\u0159\u016f p\u0159esv\u011bd\u010den\u00fdch o hodnot\u00e1ch solidarity a vz\u00e1jemn\u00e9 pomoci. O jeden\u00e1ct let pozd\u011bji se tito vizion\u00e1\u0159\u0161t\u00ed vina\u0159i pod\u00edleli na vytvo\u0159en\u00ed prvn\u00ed apelace ve Francii: CH\u00c2TEAUNEUF-DU-PAPE.<br \/>\n189 vina\u0159\u016f z CELLIER DES PRINCES, kte\u0159\u00ed byli na po\u010d\u00e1tku sjednoceni, je hrd\u00fdch na to, \u017ee mohou sv\u00e1 v\u00edna prod\u00e1vat na v\u0161ech p\u011bti kontinentech a p\u0159ed\u00e1vat sv\u00e9 hodnoty, jako je pohostinnost a dokonalost.<\/p>\n<p>ODR\u016eDY<br \/>\n60% Grenache, 35% Syrah, 5% Carignan<\/p>\n","protected":false},"featured_media":9030,"comment_status":"closed","ping_status":"closed","template":"","meta":[],"product_brand":[],"product_cat":[659,383,394,435,385,388],"product_tag":[],"class_list":{"0":"post-950","1":"product","2":"type-product","3":"status-publish","4":"has-post-thumbnail","6":"product_cat-ventoux-2","7":"product_cat-vina","8":"product_cat-regiony","9":"product_cat-vallee-du-rhone-cs","10":"product_cat-barva","11":"product_cat-cervena-vina","13":"first","14":"instock","15":"taxable","16":"shipping-taxable","17":"purchasable","18":"product-type-simple"},"jetpack_sharing_enabled":true,"_links":{"self":[{"href":"https:\/\/france-gastronomie.shop\/cs\/wp-json\/wp\/v2\/product\/950","targetHints":{"allow":["GET"]}}],"collection":[{"href":"https:\/\/france-gastronomie.shop\/cs\/wp-json\/wp\/v2\/product"}],"about":[{"href":"https:\/\/france-gastronomie.shop\/cs\/wp-json\/wp\/v2\/types\/product"}],"replies":[{"embeddable":true,"href":"https:\/\/france-gastronomie.shop\/cs\/wp-json\/wp\/v2\/comments?post=950"}],"wp:featuredmedia":[{"embeddable":true,"href":"https:\/\/france-gastronomie.shop\/cs\/wp-json\/wp\/v2\/media\/9030"}],"wp:attachment":[{"href":"https:\/\/france-gastronomie.shop\/cs\/wp-json\/wp\/v2\/media?parent=950"}],"wp:term":[{"taxonomy":"product_brand","embeddable":true,"href":"https:\/\/france-gastronomie.shop\/cs\/wp-json\/wp\/v2\/product_brand?post=950"},{"taxonomy":"product_cat","embeddable":true,"href":"https:\/\/france-gastronomie.shop\/cs\/wp-json\/wp\/v2\/product_cat?post=950"},{"taxonomy":"product_tag","embeddable":true,"href":"https:\/\/france-gastronomie.shop\/cs\/wp-json\/wp\/v2\/product_tag?post=950"}],"curies":[{"name":"wp","href":"https:\/\/api.w.org\/{rel}","templated":true}]}}