{"id":8226,"date":"2021-02-16T19:12:18","date_gmt":"2021-02-16T19:12:18","guid":{"rendered":"https:\/\/france-gastronomie.shop\/produit\/orechovy-dzem-bio\/"},"modified":"2025-12-22T06:54:32","modified_gmt":"2025-12-22T05:54:32","slug":"orechovy-dzem-bio","status":"publish","type":"product","link":"https:\/\/france-gastronomie.shop\/cs\/produit\/orechovy-dzem-bio\/","title":{"rendered":"O\u0159echy <br\/> d\u017eem"},"content":{"rendered":"<h5>O\u0159echov\u00fd d\u017eem<br \/>\nBIOLOKLOCK<\/h5>\n<p>N\u00e1\u0161 d\u017eem p\u0159ipraven\u00fd z francouzsk\u00fdch o\u0159ech\u016f bohat\u00fdch na vl\u00e1kninu v\u00e1s p\u0159ekvap\u00ed svou originalitou a mnoha ctnostmi.<\/p>\n<p>Tento p\u0159ekvapiv\u00fd d\u017eem je zabalen v hezk\u00e9 sklenici o 230 g.<br \/>\nV\u00fdborn\u00fd je na sn\u00eddani ke chlebu s m\u00e1slem nebo k ob\u011bdu jako dopln\u011bk k va\u0161im slan\u00fdm pokrm\u016fm. Ochut\u00ed tak\u00e9 va\u0161e dezerty.<br \/>\nV\u0161echny na\u0161e d\u017eemy jsou p\u0159ipravov\u00e1ny postaru, v mal\u00e9m mno\u017estv\u00ed, nad\u0161enci ekologick\u00e9ho zem\u011bd\u011blstv\u00ed, respektu k \u017eivotn\u00edmu prost\u0159ed\u00ed a zdrav\u00ed; rodinn\u00e9 d\u011bdictv\u00ed je p\u0159ed\u00e1van\u00e9 z generace na generaci s hlubok\u00fdm p\u0159esv\u011bd\u010den\u00edm.<\/p>\n<p>V\u00fdhody<br \/>\nTato origin\u00e1ln\u00ed dobrota je koncentr\u00e1tem energie. K pos\u00edlen\u00ed lze doporu\u010dit anemik\u016fm, rekonvalescent\u016fm, d\u011btem a star\u0161\u00edm lidem.<br \/>\n(Tyto ctnosti, kter\u00e9 se p\u0159ipisuj\u00ed ka\u017ed\u00e9mu z t\u011bchto druh\u016f ovoce, jsou uzn\u00e1v\u00e1ny po cel\u00e9 generace, ale nemohou nahradit l\u00e9\u010dbu p\u0159edepsanou zdravotn\u00edkem).<\/p>\n<p>Slo\u017een\u00ed<br \/>\nO\u0159echov\u00e9 pyr\u00e9 (nepra\u017een\u00e9 o\u0159echy * 58,8%, voda), sv\u011btl\u00fd t\u0159tinov\u00fd cukr *. * Ingredience z ekologick\u00e9ho zem\u011bd\u011blstv\u00ed.<br \/>\nP\u0159id\u00e1v\u00e1me pouze nezbytn\u00fd BIO cukr po\u017eadovan\u00fd francouzsk\u00fdmi pr\u00e1vn\u00edmi p\u0159edpisy, tj. alespo\u0148 55% celkov\u00e9ho cukru (v\u010detn\u011b ovocn\u00e9ho cukru).<br \/>\nV jin\u00e9m p\u0159\u00edpad\u011b se nejedn\u00e1 o d\u017eem. V\u011bt\u0161inu d\u017eem\u016f p\u0159ipravujeme s maximem ovoce: 55 &#8211; 65%. \u017d\u00e1dn\u00fd pektin. \u017d\u00e1dn\u00fd \u017eelatina\u010dn\u00ed p\u0159\u00edsada. \u017d\u00e1dn\u00e9 jin\u00e9 p\u0159\u00edsady.<br \/>\nN\u00e1\u0161 o\u0159echov\u00fd d\u017eem je p\u0159ipraven z 58,8 g ovoce na 100 g hotov\u00e9ho produktu. Celkov\u00fd obsah cukru cca. 56 g &#8211; 100 g.<br \/>\nI p\u0159es na\u0161i maxim\u00e1ln\u00ed snahu m\u016f\u017ee tento v\u00fdrobek obsahovat kousky sko\u0159\u00e1pek z o\u0159ech\u016f.<\/p>\n<p>Skladov\u00e1n\u00ed<br \/>\nPo otev\u0159en\u00ed uchov\u00e1vejte v chladu.<\/p>\n<p>Nutri\u010dn\u00ed hodnoty na 100 g<\/p>\n<table width=\"541\">\n<tbody>\n<tr>\n<td width=\"235\">Energie (kcal)<\/td>\n<td width=\"306\">712,8<\/td>\n<\/tr>\n<tr>\n<td>Energie (kJ)<\/td>\n<td>2967,8<\/td>\n<\/tr>\n<tr>\n<td>Tuky<\/td>\n<td>49 g<\/td>\n<\/tr>\n<tr>\n<td>nasycen\u00e9 mastn\u00e9 kyseliny<\/td>\n<td>4,7 g<\/td>\n<\/tr>\n<tr>\n<td>Sacharidy<\/td>\n<td>56 g<\/td>\n<\/tr>\n<tr>\n<td>z toho cukry<\/td>\n<td>53,2 g<\/td>\n<\/tr>\n<tr>\n<td>Vl\u00e1knina<\/td>\n<td>4,1 g<\/td>\n<\/tr>\n<tr>\n<td>Proteiny<\/td>\n<td>11,4 g<\/td>\n<\/tr>\n<tr>\n<td>S\u016fl<\/td>\n<td>0 g<\/td>\n<\/tr>\n<\/tbody>\n<\/table>\n","protected":false},"excerpt":{"rendered":"<h5>BIOLOKLOCK<\/h5>\n<p>Bioloklock je rodinn\u00e1 \u0159emesln\u00e1 firma, jej\u00ed\u017e kvalitn\u00ed produkty jsou v\u00fdsledkem dlouhodob\u00e9ho zapojen\u00ed rodiny do ekologick\u00e9ho zem\u011bd\u011blstv\u00ed, a to ji\u017e od po\u010d\u00e1tku 60. let.<\/p>\n","protected":false},"featured_media":8224,"comment_status":"open","ping_status":"closed","template":"","meta":[],"product_brand":[],"product_cat":[585,441,384],"product_tag":[],"class_list":{"0":"post-8226","1":"product","2":"type-product","3":"status-publish","4":"has-post-thumbnail","6":"product_cat-dzemy","7":"product_cat-potraviny","8":"product_cat-bio-cs","10":"first","11":"outofstock","12":"taxable","13":"shipping-taxable","14":"purchasable","15":"product-type-simple"},"jetpack_sharing_enabled":true,"_links":{"self":[{"href":"https:\/\/france-gastronomie.shop\/cs\/wp-json\/wp\/v2\/product\/8226","targetHints":{"allow":["GET"]}}],"collection":[{"href":"https:\/\/france-gastronomie.shop\/cs\/wp-json\/wp\/v2\/product"}],"about":[{"href":"https:\/\/france-gastronomie.shop\/cs\/wp-json\/wp\/v2\/types\/product"}],"replies":[{"embeddable":true,"href":"https:\/\/france-gastronomie.shop\/cs\/wp-json\/wp\/v2\/comments?post=8226"}],"wp:featuredmedia":[{"embeddable":true,"href":"https:\/\/france-gastronomie.shop\/cs\/wp-json\/wp\/v2\/media\/8224"}],"wp:attachment":[{"href":"https:\/\/france-gastronomie.shop\/cs\/wp-json\/wp\/v2\/media?parent=8226"}],"wp:term":[{"taxonomy":"product_brand","embeddable":true,"href":"https:\/\/france-gastronomie.shop\/cs\/wp-json\/wp\/v2\/product_brand?post=8226"},{"taxonomy":"product_cat","embeddable":true,"href":"https:\/\/france-gastronomie.shop\/cs\/wp-json\/wp\/v2\/product_cat?post=8226"},{"taxonomy":"product_tag","embeddable":true,"href":"https:\/\/france-gastronomie.shop\/cs\/wp-json\/wp\/v2\/product_tag?post=8226"}],"curies":[{"name":"wp","href":"https:\/\/api.w.org\/{rel}","templated":true}]}}