{"id":820,"date":"2020-08-06T04:43:46","date_gmt":"2020-08-06T04:43:46","guid":{"rendered":"https:\/\/france-gastronomie.shop\/product\/entre-parentheses-vin-de-bordeaux\/"},"modified":"2025-11-25T10:53:57","modified_gmt":"2025-11-25T10:53:57","slug":"entre-parentheses-vin-de-bordeaux","status":"publish","type":"product","link":"https:\/\/france-gastronomie.shop\/cs\/produit\/entre-parentheses-vin-de-bordeaux\/","title":{"rendered":"Entre-Parenth\u00e8ses <br\/> Vin de Bordeaux"},"content":{"rendered":"<h5>Entre Parenth\u00e8ses<\/h5>\n<h5>AOC Vin de Bordeaux<\/h5>\n<p>P\u016eVOD<br \/>\nVze\u0161l\u00e9 z p\u0159\u00edsn\u00e9ho v\u00fdb\u011bru na\u0161ich enolog\u016f, Entre Parenth\u00e8ses p\u0159edstavuje j\u00e1dro nejlep\u0161\u00edch j\u00edlovo v\u00e1pencov\u00fdch p\u016fd bordeauxsk\u00fdch vinic. Byly speci\u00e1ln\u011b vybr\u00e1ny pro jejich schopnost poskytovat odr\u016fdov\u00e1 v\u00edna s\u00a0kr\u00e1snou aromatickou intenzitou.<\/p>\n<p>VINIFIKACE<br \/>\nHrozny jsou lisov\u00e1ny p\u0159\u00edmo, jakmile doraz\u00ed do vina\u0159stv\u00ed. Fermentace se prov\u00e1d\u00ed p\u0159i n\u00edzk\u00e9 teplot\u011b, aby se z\u00edskalo jemn\u011b ovocn\u00e9 v\u00edno.<\/p>\n<p>ODR\u016eDY<br \/>\nMerlot, Cabernet Franc, Cabernet Sauvignon<\/p>\n<p>DEGUSTACE<br \/>\nChu\u0165 je lahodn\u00e1, dob\u0159e vyv\u00e1\u017een\u00e1 mezi kulatost\u00ed, aromatickou intenzitou a p\u0159\u00edjemnou sv\u011b\u017eest\u00ed. Rafinovan\u00e9 a elegantn\u00ed v\u00edno.<\/p>\n<p>DOPORU\u010cEN\u00cd<br \/>\nBude doprov\u00e1zet va\u0161e chv\u00edle relaxace, a\u0165 u\u017e jako aperitiv s tapas, nebo k dobr\u00e9mu j\u00eddlu slo\u017een\u00e9mu z letn\u00edch sal\u00e1t\u016f, masa nebo grilovan\u00fdch ryb. M\u016f\u017ee b\u00fdt tak\u00e9 pod\u00e1v\u00e1no k\u00a0ovocn\u00fdm dezert\u016fm.<\/p>\n<p>TEPLOTA<br \/>\n10-12\u00b0C.<\/p>\n","protected":false},"excerpt":{"rendered":"<h2><strong><span style=\"color: #ff0000;\">Pozor!!<\/span><\/strong><br \/>\n<strong><span style=\"color: #ff0000;\">U tohoto produktu m\u016f\u017eete vyu\u017e\u00edt jedine\u010dnou nab\u00eddku <\/span><\/strong><span style=\"color: #ff0000;\"><strong><a style=\"color: #ff0000;\" href=\"https:\/\/france-gastronomie.shop\/cs\/category\/doporucujeme\/\">ZDE<\/a><\/strong><\/span><\/h2>\n<h5>AOC Vin de Bordeaux<\/h5>\n<p>Maison Le Star je realizac\u00ed snu a vyj\u00e1d\u0159en\u00edm v\u00e1\u0161n\u011b.<br \/>\nObklopeni t\u00fdmem profesion\u00e1l\u016f, enolog\u016f a sommelier\u016f, kte\u0159\u00ed zaru\u010duj\u00ed kvalitu n\u00e1mi vyr\u00e1b\u011bn\u00fdch a vybran\u00fdch v\u00edn, nab\u00edz\u00edme budouc\u00edm milovn\u00edk\u016fm a znalc\u016fm v\u00edna z cel\u00e9ho sv\u011bta kvalitn\u00ed francouzsk\u00e1 v\u00edna za odpov\u00eddaj\u00edc\u00ed cenu.<\/p>\n<p>ODR\u016eDY<br \/>\nMerlot, Cabernet Franc, Cabernet Sauvignon<\/p>\n","protected":false},"featured_media":9020,"comment_status":"closed","ping_status":"closed","template":"","meta":[],"product_brand":[],"product_cat":[383,394,400,419,385,387],"product_tag":[],"class_list":{"0":"post-820","1":"product","2":"type-product","3":"status-publish","4":"has-post-thumbnail","6":"product_cat-vina","7":"product_cat-regiony","8":"product_cat-bordeaux-cs","9":"product_cat-vins-de-bordeaux-cs","10":"product_cat-barva","11":"product_cat-ruzova-vina","13":"first","14":"instock","15":"sale","16":"taxable","17":"shipping-taxable","18":"purchasable","19":"product-type-simple"},"jetpack_sharing_enabled":true,"_links":{"self":[{"href":"https:\/\/france-gastronomie.shop\/cs\/wp-json\/wp\/v2\/product\/820","targetHints":{"allow":["GET"]}}],"collection":[{"href":"https:\/\/france-gastronomie.shop\/cs\/wp-json\/wp\/v2\/product"}],"about":[{"href":"https:\/\/france-gastronomie.shop\/cs\/wp-json\/wp\/v2\/types\/product"}],"replies":[{"embeddable":true,"href":"https:\/\/france-gastronomie.shop\/cs\/wp-json\/wp\/v2\/comments?post=820"}],"wp:featuredmedia":[{"embeddable":true,"href":"https:\/\/france-gastronomie.shop\/cs\/wp-json\/wp\/v2\/media\/9020"}],"wp:attachment":[{"href":"https:\/\/france-gastronomie.shop\/cs\/wp-json\/wp\/v2\/media?parent=820"}],"wp:term":[{"taxonomy":"product_brand","embeddable":true,"href":"https:\/\/france-gastronomie.shop\/cs\/wp-json\/wp\/v2\/product_brand?post=820"},{"taxonomy":"product_cat","embeddable":true,"href":"https:\/\/france-gastronomie.shop\/cs\/wp-json\/wp\/v2\/product_cat?post=820"},{"taxonomy":"product_tag","embeddable":true,"href":"https:\/\/france-gastronomie.shop\/cs\/wp-json\/wp\/v2\/product_tag?post=820"}],"curies":[{"name":"wp","href":"https:\/\/api.w.org\/{rel}","templated":true}]}}