{"id":810,"date":"2020-08-05T07:27:48","date_gmt":"2020-08-05T07:27:48","guid":{"rendered":"https:\/\/france-gastronomie.shop\/product\/le-sceau-du-prince-cotes-du-rhone-5\/"},"modified":"2024-12-06T15:42:21","modified_gmt":"2024-12-06T15:42:21","slug":"le-sceau-du-prince-cotes-du-rhone-5","status":"publish","type":"product","link":"https:\/\/france-gastronomie.shop\/cs\/produit\/le-sceau-du-prince-cotes-du-rhone-5\/","title":{"rendered":"Le Sceau du Prince <br\/> C\u00f4tes du Rh\u00f4ne"},"content":{"rendered":"<h5>Le Sceau du Prince<\/h5>\n<h5>AOC C\u00f4tes du Rh\u00f4ne r\u016f\u017eov\u00e9<\/h5>\n<p>P\u016eVOD<br \/>\nJ\u00edlovo v\u00e1penit\u00e9 podlo\u017e\u00ed<\/p>\n<p>VINIFIKACE<br \/>\nLisov\u00e1no hned po sebr\u00e1n\u00ed hrozn\u016f. Kva\u0161en\u00ed p\u0159i n\u00edzk\u00e9 teplot\u011b 14 a\u017e 16\u00b0 C.<br \/>\nSt\u00e1\u010deno do lahv\u00ed\u00a0&#8211; ve vina\u0159stv\u00ed<\/p>\n<p>ZR\u00c1N\u00cd<br \/>\n2 a\u017e 3 m\u011bs\u00edce v n\u00e1dr\u017ei<\/p>\n<p>ODR\u016eDY<br \/>\nGrenache, Syrah, Cinsault<\/p>\n<p>DEGUSTACE<br \/>\nToto sv\u011btle r\u016f\u017eov\u00e9 v\u00edno m\u00e1 velmi z\u00e1\u0159ivou barvu je velmi aromatick\u00e9 s v\u016fn\u00ed \u010derven\u00e9ho ovoce, t\u0159e\u0161n\u00ed, jahod a malin. V \u00fastech ocen\u00edte jeho kulatost a sv\u011b\u017eest.<\/p>\n<p>DOPORU\u010cEN\u00cd<br \/>\nHod\u00ed se k tepl\u00fdm p\u0159edkrm\u016fm, grilov\u00e1n\u00ed, uzenin\u00e1m a ryb\u00e1m.<\/p>\n<p>RADY K DEGUSTACI<br \/>\nUchov\u00e1vat: 2 &#8211; 3 roky. Teplota 10\u00b0-12\u00b0 C.<\/p>\n","protected":false},"excerpt":{"rendered":"<h5>AOC C\u00f4tes du Rh\u00f4ne r\u016f\u017eov\u00e9<\/h5>\n<p>V roce 1925 se spojila skupina vina\u0159\u016f p\u0159esv\u011bd\u010den\u00fdch o hodnot\u00e1ch solidarity a vz\u00e1jemn\u00e9 pomoci. O jeden\u00e1ct let pozd\u011bji se tito vizion\u00e1\u0159\u0161t\u00ed vina\u0159i pod\u00edleli na vytvo\u0159en\u00ed prvn\u00ed apelace ve Francii: CH\u00c2TEAUNEUF-DU-PAPE.<br \/>\n189 vina\u0159\u016f z CELLIER DES PRINCES, kte\u0159\u00ed byli na po\u010d\u00e1tku sjednoceni, je hrd\u00fdch na to, \u017ee mohou sv\u00e1 v\u00edna prod\u00e1vat na v\u0161ech p\u011bti kontinentech a p\u0159ed\u00e1vat sv\u00e9 hodnoty, jako je pohostinnost a dokonalost.<\/p>\n<p>ODR\u016eDY<br \/>\nGrenache, Syrah, Cinsault<\/p>\n","protected":false},"featured_media":21212,"comment_status":"closed","ping_status":"closed","template":"","meta":[],"product_brand":[],"product_cat":[383,394,435,438,385,387],"product_tag":[],"class_list":{"0":"post-810","1":"product","2":"type-product","3":"status-publish","4":"has-post-thumbnail","6":"product_cat-vina","7":"product_cat-regiony","8":"product_cat-vallee-du-rhone-cs","9":"product_cat-cotes-du-rhone-cs","10":"product_cat-barva","11":"product_cat-ruzova-vina","13":"first","14":"instock","15":"taxable","16":"shipping-taxable","17":"purchasable","18":"product-type-simple"},"jetpack_sharing_enabled":true,"_links":{"self":[{"href":"https:\/\/france-gastronomie.shop\/cs\/wp-json\/wp\/v2\/product\/810","targetHints":{"allow":["GET"]}}],"collection":[{"href":"https:\/\/france-gastronomie.shop\/cs\/wp-json\/wp\/v2\/product"}],"about":[{"href":"https:\/\/france-gastronomie.shop\/cs\/wp-json\/wp\/v2\/types\/product"}],"replies":[{"embeddable":true,"href":"https:\/\/france-gastronomie.shop\/cs\/wp-json\/wp\/v2\/comments?post=810"}],"wp:featuredmedia":[{"embeddable":true,"href":"https:\/\/france-gastronomie.shop\/cs\/wp-json\/wp\/v2\/media\/21212"}],"wp:attachment":[{"href":"https:\/\/france-gastronomie.shop\/cs\/wp-json\/wp\/v2\/media?parent=810"}],"wp:term":[{"taxonomy":"product_brand","embeddable":true,"href":"https:\/\/france-gastronomie.shop\/cs\/wp-json\/wp\/v2\/product_brand?post=810"},{"taxonomy":"product_cat","embeddable":true,"href":"https:\/\/france-gastronomie.shop\/cs\/wp-json\/wp\/v2\/product_cat?post=810"},{"taxonomy":"product_tag","embeddable":true,"href":"https:\/\/france-gastronomie.shop\/cs\/wp-json\/wp\/v2\/product_tag?post=810"}],"curies":[{"name":"wp","href":"https:\/\/api.w.org\/{rel}","templated":true}]}}