{"id":746,"date":"2020-08-07T12:53:26","date_gmt":"2020-08-07T12:53:26","guid":{"rendered":"https:\/\/france-gastronomie.shop\/product\/742\/"},"modified":"2024-11-04T11:11:32","modified_gmt":"2024-11-04T11:11:32","slug":"742","status":"publish","type":"product","link":"https:\/\/france-gastronomie.shop\/cs\/produit\/742\/","title":{"rendered":"Domaine Vaucroze <br\/> C\u00f4tes du Rh\u00f4ne"},"content":{"rendered":"<h5>Domaine Vaucroze<\/h5>\n<h5>AOC C\u00f4tes du Rh\u00f4ne<\/h5>\n<p>P\u016eVOD<br \/>\nSvahy s j\u00edlovo k\u0159emi\u010dit\u00fdm podlo\u017e\u00edm<\/p>\n<p>VINIFIKACE<br \/>\nPo obr\u00e1n\u00ed jsou hrozny nalo\u017eeny 15 a\u017e 20 dn\u00ed, pak jsou p\u0159e\u010derp\u00e1ny. Teplota kva\u0161en\u00ed 28 a\u017e 30\u00b0 C.<\/p>\n<p>ZR\u00c1N\u00cd<br \/>\n10 m\u011bs\u00edc\u016f v n\u00e1dr\u017ei.<\/p>\n<p>ODR\u016eDY<br \/>\nGrenache 90%, Carignan 10%<\/p>\n<p>DEGUSTACE<br \/>\nToto v\u00edno je vyrobeno ze star\u00e9ho Grenache a Carignan, dvou typick\u00fdch odr\u016fd pro C\u00f4tes du Rh\u00f4ne. Grenache dod\u00e1v\u00e1 s\u00edlu a poddajnost, Carignan sv\u011b\u017eest, strukturu a zast\u0159e\u0161en\u00ed.<\/p>\n<p>ST\u00c1\u010cENO DO LAHV\u00cd<br \/>\np\u0159\u00edmo ve vina\u0159stv\u00ed<\/p>\n<p>RADY K DEGUSTACI<br \/>\nUchov\u00e1vat 5 let. Teplota 14\u00b0 &#8211; 16\u00b0C.<\/p>\n<p>DOPORU\u010cEN\u00cd<br \/>\nM\u016f\u017ee se pod\u00e1vat se v\u0161emi j\u00eddly st\u0159edomo\u0159sk\u00e9 kuchyn\u011b, dokonce pikantn\u00edmi, perfektn\u011b se snoub\u00ed s om\u00e1\u010dkami a zv\u011b\u0159inou.<\/p>\n","protected":false},"excerpt":{"rendered":"<h5>AOC C\u00f4tes du Rh\u00f4ne<\/h5>\n<p>V roce 1925 se spojila skupina vina\u0159\u016f p\u0159esv\u011bd\u010den\u00fdch o hodnot\u00e1ch solidarity a vz\u00e1jemn\u00e9 pomoci. O jeden\u00e1ct let pozd\u011bji se tito vizion\u00e1\u0159\u0161t\u00ed vina\u0159i pod\u00edleli na vytvo\u0159en\u00ed prvn\u00ed apelace ve Francii: CH\u00c2TEAUNEUF-DU-PAPE.<br \/>\n189 vina\u0159\u016f z CELLIER DES PRINCES, kte\u0159\u00ed byli na po\u010d\u00e1tku sjednoceni, je hrd\u00fdch na to, \u017ee mohou sv\u00e1 v\u00edna prod\u00e1vat na v\u0161ech p\u011bti kontinentech a p\u0159ed\u00e1vat sv\u00e9 hodnoty, jako je pohostinnost a dokonalost.<\/p>\n<p>ODR\u016eDY &#8211; Grenache 90%, Carignan 10%<\/p>\n","protected":false},"featured_media":1418,"comment_status":"closed","ping_status":"closed","template":"","meta":[],"product_brand":[],"product_cat":[383,394,435,438,385,388,384],"product_tag":[],"class_list":{"0":"post-746","1":"product","2":"type-product","3":"status-publish","4":"has-post-thumbnail","6":"product_cat-vina","7":"product_cat-regiony","8":"product_cat-vallee-du-rhone-cs","9":"product_cat-cotes-du-rhone-cs","10":"product_cat-barva","11":"product_cat-cervena-vina","12":"product_cat-bio-cs","14":"first","15":"instock","16":"sale","17":"downloadable","18":"taxable","19":"shipping-taxable","20":"purchasable","21":"product-type-simple"},"jetpack_sharing_enabled":true,"_links":{"self":[{"href":"https:\/\/france-gastronomie.shop\/cs\/wp-json\/wp\/v2\/product\/746","targetHints":{"allow":["GET"]}}],"collection":[{"href":"https:\/\/france-gastronomie.shop\/cs\/wp-json\/wp\/v2\/product"}],"about":[{"href":"https:\/\/france-gastronomie.shop\/cs\/wp-json\/wp\/v2\/types\/product"}],"replies":[{"embeddable":true,"href":"https:\/\/france-gastronomie.shop\/cs\/wp-json\/wp\/v2\/comments?post=746"}],"wp:featuredmedia":[{"embeddable":true,"href":"https:\/\/france-gastronomie.shop\/cs\/wp-json\/wp\/v2\/media\/1418"}],"wp:attachment":[{"href":"https:\/\/france-gastronomie.shop\/cs\/wp-json\/wp\/v2\/media?parent=746"}],"wp:term":[{"taxonomy":"product_brand","embeddable":true,"href":"https:\/\/france-gastronomie.shop\/cs\/wp-json\/wp\/v2\/product_brand?post=746"},{"taxonomy":"product_cat","embeddable":true,"href":"https:\/\/france-gastronomie.shop\/cs\/wp-json\/wp\/v2\/product_cat?post=746"},{"taxonomy":"product_tag","embeddable":true,"href":"https:\/\/france-gastronomie.shop\/cs\/wp-json\/wp\/v2\/product_tag?post=746"}],"curies":[{"name":"wp","href":"https:\/\/api.w.org\/{rel}","templated":true}]}}