{"id":726,"date":"2020-08-07T12:00:16","date_gmt":"2020-08-07T12:00:16","guid":{"rendered":"https:\/\/france-gastronomie.shop\/product\/merlot-cellier-des-princes-vaucluse\/"},"modified":"2024-12-02T11:01:24","modified_gmt":"2024-12-02T11:01:24","slug":"merlot-cellier-des-princes-vaucluse","status":"publish","type":"product","link":"https:\/\/france-gastronomie.shop\/cs\/produit\/merlot-cellier-des-princes-vaucluse\/","title":{"rendered":"Cellier des Princes <br\/> IGP Vaucluse Merlot"},"content":{"rendered":"<h5>Cellier des Princes<\/h5>\n<h5>2015<br \/>\nIGP Vaucluse Merlot<\/h5>\n<p>P\u016eVOD<br \/>\nJ\u00edlovo k\u0159emi\u010dit\u00e9 podlo\u017e\u00ed.<\/p>\n<p>VINIFIKACE<br \/>\nObr\u00e1n\u00ed hrozn\u016f a uchov\u00e1n\u00ed 8 a\u017e 10 dn\u00ed, pak p\u0159e\u010derp\u00e1n\u00ed. Teplota kva\u0161en\u00ed 26 a\u017e 28\u00b0 C.<\/p>\n<p>ZR\u00c1N\u00cd<br \/>\n6 m\u011bs\u00edc\u016f v n\u00e1dr\u017ei<\/p>\n<p>ODR\u016eDY<br \/>\nMerlot 100%<\/p>\n<p>DEGUSTACE<br \/>\nToto v\u00edno vykazuje tmav\u011b purpurovou barvu s odleskem fialov\u00e9 a velmi expresivn\u00ed a komplexn\u00ed v\u016fni ostru\u017ein s n\u00e1dechem lesa.<br \/>\nJe jemn\u00e9 a prozrazuje chu\u0165 \u010derven\u00e9ho ovoce s ko\u0159en\u011bn\u00fdm zakon\u010den\u00edm.<\/p>\n<p>ST\u00c1\u010cENO DO LAHV\u00cd<br \/>\nVe vina\u0159stv\u00ed<\/p>\n<p>RADY K DEGUSTACI<br \/>\nUchov\u00e1vat: 2 &#8211; 3 roky. Teplota 14\u00b0-16\u00b0C<\/p>\n<p>DOPORU\u010cEN\u00cd<br \/>\nHod\u00ed se ke grilov\u00e1n\u00ed, k pe\u010den\u00e9mu masu a k s\u00fdr\u016fm.<\/p>\n","protected":false},"excerpt":{"rendered":"<h5>2015<br \/>\nIGP Vaucluse Merlot<\/h5>\n<p>V roce 1925 se spojila skupina vina\u0159\u016f p\u0159esv\u011bd\u010den\u00fdch o hodnot\u00e1ch solidarity a vz\u00e1jemn\u00e9 pomoci. O jeden\u00e1ct let pozd\u011bji se tito vizion\u00e1\u0159\u0161t\u00ed vina\u0159i pod\u00edleli na vytvo\u0159en\u00ed prvn\u00ed apelace ve Francii: CH\u00c2TEAUNEUF-DU-PAPE.<br \/>\n189 vina\u0159\u016f z CELLIER DES PRINCES, kte\u0159\u00ed byli na po\u010d\u00e1tku sjednoceni, je hrd\u00fdch na to, \u017ee mohou sv\u00e1 v\u00edna prod\u00e1vat na v\u0161ech p\u011bti kontinentech a p\u0159ed\u00e1vat sv\u00e9 hodnoty, jako je pohostinnost a dokonalost.<\/p>\n<p>ODR\u016eDY<br \/>\nMerlot 100%<\/p>\n","protected":false},"featured_media":25224,"comment_status":"closed","ping_status":"closed","template":"","meta":[],"product_brand":[],"product_cat":[383,394,435,439,385,388],"product_tag":[],"class_list":{"0":"post-726","1":"product","2":"type-product","3":"status-publish","4":"has-post-thumbnail","6":"product_cat-vina","7":"product_cat-regiony","8":"product_cat-vallee-du-rhone-cs","9":"product_cat-principaute-dorange-et-vaucluse-cs","10":"product_cat-barva","11":"product_cat-cervena-vina","13":"first","14":"instock","15":"taxable","16":"shipping-taxable","17":"purchasable","18":"product-type-simple"},"jetpack_sharing_enabled":true,"_links":{"self":[{"href":"https:\/\/france-gastronomie.shop\/cs\/wp-json\/wp\/v2\/product\/726","targetHints":{"allow":["GET"]}}],"collection":[{"href":"https:\/\/france-gastronomie.shop\/cs\/wp-json\/wp\/v2\/product"}],"about":[{"href":"https:\/\/france-gastronomie.shop\/cs\/wp-json\/wp\/v2\/types\/product"}],"replies":[{"embeddable":true,"href":"https:\/\/france-gastronomie.shop\/cs\/wp-json\/wp\/v2\/comments?post=726"}],"wp:featuredmedia":[{"embeddable":true,"href":"https:\/\/france-gastronomie.shop\/cs\/wp-json\/wp\/v2\/media\/25224"}],"wp:attachment":[{"href":"https:\/\/france-gastronomie.shop\/cs\/wp-json\/wp\/v2\/media?parent=726"}],"wp:term":[{"taxonomy":"product_brand","embeddable":true,"href":"https:\/\/france-gastronomie.shop\/cs\/wp-json\/wp\/v2\/product_brand?post=726"},{"taxonomy":"product_cat","embeddable":true,"href":"https:\/\/france-gastronomie.shop\/cs\/wp-json\/wp\/v2\/product_cat?post=726"},{"taxonomy":"product_tag","embeddable":true,"href":"https:\/\/france-gastronomie.shop\/cs\/wp-json\/wp\/v2\/product_tag?post=726"}],"curies":[{"name":"wp","href":"https:\/\/api.w.org\/{rel}","templated":true}]}}