{"id":716,"date":"2020-08-06T18:48:45","date_gmt":"2020-08-06T18:48:45","guid":{"rendered":"https:\/\/france-gastronomie.shop\/product\/le-cellier-des-princes-vpo\/"},"modified":"2024-11-04T11:39:40","modified_gmt":"2024-11-04T11:39:40","slug":"le-cellier-des-princes-vpo","status":"publish","type":"product","link":"https:\/\/france-gastronomie.shop\/cs\/produit\/le-cellier-des-princes-vpo\/","title":{"rendered":"Triporteur<br\/> IGP Vaucluse"},"content":{"rendered":"<h5>Triporteur<\/h5>\n<h5>IGP Vaucluse<\/h5>\n<p>P\u016fvod<br \/>\nPodlo\u017e\u00ed j\u00edlovo k\u0159emi\u010dit\u00e9<\/p>\n<p>Vinifikace<br \/>\nPo obr\u00e1n\u00ed jsou hrozny nalo\u017eeny 6 -8 dn\u00ed, pak jsou p\u0159e\u010derp\u00e1ny. Teplota kva\u0161en\u00ed 26 a\u017e 28\u00b0 C.<\/p>\n<p>Zr\u00e1n\u00ed<br \/>\n6 m\u011bs\u00edc\u016f v n\u00e1dr\u017ei<\/p>\n<p>Odr\u016fdy<br \/>\nGrenache 70% &#8211; Syrah, Caladoc, Carignan 30%<\/p>\n<p>Chu\u0165ov\u00e9 pozn\u00e1mky od na\u0161eho enologa<br \/>\nBarva je t\u0159esnov\u011b \u010derven\u00e1 s odrazem fialov\u00e9. Intenzivn\u00ed v\u016fn\u011b t\u0159e\u0161n\u00ed a \u010dern\u00e9ho ryb\u00edzu. Na pat\u0159e zjist\u00edme chu\u0165 drobn\u00e9ho nakysl\u00e9ho \u010derven\u00e9ho ovoce. P\u0159\u00edjemn\u00e9 k pit\u00ed mlad\u00e9, kr\u00e1sn\u011b p\u016fsob\u00ed na patro , je to v\u00edno jemn\u00e9 a ovocn\u00e9.<\/p>\n<p>Rady k degustaci<br \/>\nUchov\u00e1vat: 2-3 roky. Teplota 14\u00b0-16\u00b0C<\/p>\n<p>Doporu\u010den\u00ed<br \/>\nHod\u00ed se k uzenin\u00e1m, ke grilov\u00e1n\u00ed a obecn\u011b ke v\u0161em pokrm\u016fm st\u0159edomo\u0159sk\u00e9 kuchyn\u011b.<\/p>\n","protected":false},"excerpt":{"rendered":"<h5>IGP Vaucluse<\/h5>\n<p>V roce 1925 se spojila skupina vina\u0159\u016f p\u0159esv\u011bd\u010den\u00fdch o hodnot\u00e1ch solidarity a vz\u00e1jemn\u00e9 pomoci. O jeden\u00e1ct let pozd\u011bji se tito vizion\u00e1\u0159\u0161t\u00ed vina\u0159i pod\u00edleli na vytvo\u0159en\u00ed prvn\u00ed apelace ve Francii: CH\u00c2TEAUNEUF-DU-PAPE.<br \/>\n189 vina\u0159\u016f z CELLIER DES PRINCES, kte\u0159\u00ed byli na po\u010d\u00e1tku sjednoceni, je hrd\u00fdch na to, \u017ee mohou sv\u00e1 v\u00edna prod\u00e1vat na v\u0161ech p\u011bti kontinentech a p\u0159ed\u00e1vat sv\u00e9 hodnoty, jako je pohostinnost a dokonalost.<\/p>\n<p>Odr\u016fdy<br \/>\nGrenache 70% &#8211; Syrah, Caladoc, Carignan 30%<\/p>\n","protected":false},"featured_media":14539,"comment_status":"closed","ping_status":"closed","template":"","meta":[],"product_brand":[],"product_cat":[383,394,435,439,385,388],"product_tag":[],"class_list":{"0":"post-716","1":"product","2":"type-product","3":"status-publish","4":"has-post-thumbnail","6":"product_cat-vina","7":"product_cat-regiony","8":"product_cat-vallee-du-rhone-cs","9":"product_cat-principaute-dorange-et-vaucluse-cs","10":"product_cat-barva","11":"product_cat-cervena-vina","13":"first","14":"instock","15":"taxable","16":"shipping-taxable","17":"purchasable","18":"product-type-simple"},"jetpack_sharing_enabled":true,"_links":{"self":[{"href":"https:\/\/france-gastronomie.shop\/cs\/wp-json\/wp\/v2\/product\/716","targetHints":{"allow":["GET"]}}],"collection":[{"href":"https:\/\/france-gastronomie.shop\/cs\/wp-json\/wp\/v2\/product"}],"about":[{"href":"https:\/\/france-gastronomie.shop\/cs\/wp-json\/wp\/v2\/types\/product"}],"replies":[{"embeddable":true,"href":"https:\/\/france-gastronomie.shop\/cs\/wp-json\/wp\/v2\/comments?post=716"}],"wp:featuredmedia":[{"embeddable":true,"href":"https:\/\/france-gastronomie.shop\/cs\/wp-json\/wp\/v2\/media\/14539"}],"wp:attachment":[{"href":"https:\/\/france-gastronomie.shop\/cs\/wp-json\/wp\/v2\/media?parent=716"}],"wp:term":[{"taxonomy":"product_brand","embeddable":true,"href":"https:\/\/france-gastronomie.shop\/cs\/wp-json\/wp\/v2\/product_brand?post=716"},{"taxonomy":"product_cat","embeddable":true,"href":"https:\/\/france-gastronomie.shop\/cs\/wp-json\/wp\/v2\/product_cat?post=716"},{"taxonomy":"product_tag","embeddable":true,"href":"https:\/\/france-gastronomie.shop\/cs\/wp-json\/wp\/v2\/product_tag?post=716"}],"curies":[{"name":"wp","href":"https:\/\/api.w.org\/{rel}","templated":true}]}}