{"id":710,"date":"2020-08-06T18:30:49","date_gmt":"2020-08-06T18:30:49","guid":{"rendered":"https:\/\/france-gastronomie.shop\/product\/le-triporteur-v-p-o\/"},"modified":"2024-11-04T10:46:28","modified_gmt":"2024-11-04T10:46:28","slug":"le-triporteur-v-p-o","status":"publish","type":"product","link":"https:\/\/france-gastronomie.shop\/cs\/produit\/le-triporteur-v-p-o\/","title":{"rendered":"Bag In Box 3L <br\/> Le Triporteur"},"content":{"rendered":"<h5>Le Triporteur<\/h5>\n<h5>2017<br \/>\nIGP Vaucluse<\/h5>\n<p>Terroir<br \/>\nJ\u00edlov\u00e1 a k\u0159emi\u010dit\u00e1 p\u016fda. Poch\u00e1z\u00ed z pozemk\u016f v okol\u00ed Ch\u00e2teauneuf du Pape<\/p>\n<p>Vinifikace<br \/>\nObr\u00e1n\u00ed, 6 a\u017e 8 dn\u00ed fementace, p\u0159e\u010derp\u00e1v\u00e1n\u00ed. \u0158\u00edzen\u00e1 teplota 26 a\u017e 28\u00b0 C.<\/p>\n<p>Zr\u00e1n\u00ed<br \/>\n6 m\u011bs\u00edc\u016f v n\u00e1dr\u017ei<\/p>\n<p>Odr\u016fdy<br \/>\nGrenache 70%, Syrah, Caladoc, Carignan 30%<\/p>\n<p>Degustace<br \/>\nToto v\u00edno m\u00e1 t\u0159e\u0161\u0148ov\u011b \u010dervenou barvu s purpurov\u00fdmi n\u00e1dechy, intenzivn\u00ed v\u016fni t\u0159e\u0161n\u00ed a \u010dern\u00e9ho ryb\u00edzu a chu\u0165 drobn\u00e9ho sladk\u00e9ho \u010derven\u00e9ho ovoce.<br \/>\nM\u00e1 siln\u00fd n\u00e1stup v \u00fastech, je poddajn\u00e9 a ovocn\u00e9, p\u0159\u00edjemn\u011b se pije, kdy\u017e je mlad\u00e9.<br \/>\nSt\u00e1\u010deno do lahv\u00ed ve vina\u0159stv\u00ed.<\/p>\n<p>Rady k degustaci<br \/>\nM\u016f\u017eete si ho vychutnat hned nebo uchov\u00e1vat do 2 &#8211; 3 let. Pod\u00e1vejte p\u0159i 14\u00b0-16\u00b0C.<\/p>\n<p>Doporu\u010den\u00ed<br \/>\nNejlep\u0161\u00ed bude k pizz\u00e1m, uzenin\u00e1m, grilovan\u00fdm mas\u016fm a obecn\u011b ke v\u0161em typ\u016fm st\u0159edomo\u0159sk\u00e9 kuchyn\u011b. Je to typick\u00e9 v\u00edno pro ka\u017edodenn\u00ed pit\u00ed.<\/p>\n","protected":false},"excerpt":{"rendered":"<h5>2017<br \/>\nIGP Vaucluse<\/h5>\n<p>ODR\u016eDY<br \/>\nGrenache 70%, Syrah, Caladoc, Carignan 30%<\/p>\n","protected":false},"featured_media":9794,"comment_status":"closed","ping_status":"closed","template":"","meta":[],"product_brand":[],"product_cat":[570,383,394,435,439,385,388],"product_tag":[],"class_list":{"0":"post-710","1":"product","2":"type-product","3":"status-publish","4":"has-post-thumbnail","6":"product_cat-bag-in-box-3l-cs","7":"product_cat-vina","8":"product_cat-regiony","9":"product_cat-vallee-du-rhone-cs","10":"product_cat-principaute-dorange-et-vaucluse-cs","11":"product_cat-barva","12":"product_cat-cervena-vina","14":"first","15":"instock","16":"taxable","17":"shipping-taxable","18":"purchasable","19":"product-type-simple"},"jetpack_sharing_enabled":true,"_links":{"self":[{"href":"https:\/\/france-gastronomie.shop\/cs\/wp-json\/wp\/v2\/product\/710","targetHints":{"allow":["GET"]}}],"collection":[{"href":"https:\/\/france-gastronomie.shop\/cs\/wp-json\/wp\/v2\/product"}],"about":[{"href":"https:\/\/france-gastronomie.shop\/cs\/wp-json\/wp\/v2\/types\/product"}],"replies":[{"embeddable":true,"href":"https:\/\/france-gastronomie.shop\/cs\/wp-json\/wp\/v2\/comments?post=710"}],"wp:featuredmedia":[{"embeddable":true,"href":"https:\/\/france-gastronomie.shop\/cs\/wp-json\/wp\/v2\/media\/9794"}],"wp:attachment":[{"href":"https:\/\/france-gastronomie.shop\/cs\/wp-json\/wp\/v2\/media?parent=710"}],"wp:term":[{"taxonomy":"product_brand","embeddable":true,"href":"https:\/\/france-gastronomie.shop\/cs\/wp-json\/wp\/v2\/product_brand?post=710"},{"taxonomy":"product_cat","embeddable":true,"href":"https:\/\/france-gastronomie.shop\/cs\/wp-json\/wp\/v2\/product_cat?post=710"},{"taxonomy":"product_tag","embeddable":true,"href":"https:\/\/france-gastronomie.shop\/cs\/wp-json\/wp\/v2\/product_tag?post=710"}],"curies":[{"name":"wp","href":"https:\/\/api.w.org\/{rel}","templated":true}]}}