{"id":701,"date":"2020-08-06T18:06:36","date_gmt":"2020-08-06T18:06:36","guid":{"rendered":"https:\/\/france-gastronomie.shop\/product\/701\/"},"modified":"2026-01-23T19:16:19","modified_gmt":"2026-01-23T18:16:19","slug":"701","status":"publish","type":"product","link":"https:\/\/france-gastronomie.shop\/cs\/produit\/701\/","title":{"rendered":"Cellier des Princes<br>Vaucluse Syrah"},"content":{"rendered":"<h5>IGP Vaucluse Syrah<\/h5>\n<p>P\u016eDA<br \/>\nJ\u00edlov\u00e1 a k\u0159emi\u010dit\u00e1. Poch\u00e1z\u00ed z pozemk\u016f obklopuj\u00edc\u00edch Ch\u00e2teauneuf du Pape.<\/p>\n<p>VINIFIKACE<br \/>\nObr\u00e1n\u00ed, fermentace 15 dn\u00ed. Tradi\u010dn\u00ed vinifikace s p\u0159e\u010derp\u00e1v\u00e1n\u00edm a propichov\u00e1n\u00edm. \u0158\u00edzen\u00e1 teplota 26 &#8211; 28\u00b0 C.<\/p>\n<p>ZR\u00c1N\u00cd<br \/>\n6 m\u011bs\u00edc\u016f v n\u00e1dr\u017ei<\/p>\n<p>ODR\u016eDY<br \/>\nSyrah 100%<\/p>\n<p>DEGUSTACE<br \/>\nToto v\u00edno syt\u00e9 barvy je rafinovan\u00fdm p\u0159\u00edkladem Syrah se siln\u00fdmi aromaty \u010dern\u00e9ho ryb\u00edzu, \u010derstv\u011b mlet\u00e9ho pep\u0159e, fialek a l\u00e9ko\u0159ice.<br \/>\nV\u00edno je poddajn\u00e9, ovocn\u00e9 a velmi dob\u0159e vyv\u00e1\u017een\u00e9.<br \/>\nSt\u00e1\u010deno do lahv\u00ed ve vina\u0159stv\u00ed.<\/p>\n<p>RADY K DEGUSTACI<br \/>\nUskladn\u011bn\u00ed 2 &#8211; 3 roky. 14\u00b0-16\u00b0C<\/p>\n<p>DOPORU\u010cEN\u00cd<br \/>\nVychutnejte si ho jako mlad\u00e9, hod\u00ed se perfektn\u011b ke grilovan\u00e9mu jehn\u011b\u010d\u00edmu, barbecue a s\u00fdr\u016fm.<\/p>\n","protected":false},"excerpt":{"rendered":"<h5>IGP Vaucluse Syrah<\/h5>\n<p>V roce 1925 se spojila skupina vina\u0159\u016f p\u0159esv\u011bd\u010den\u00fdch o hodnot\u00e1ch solidarity a vz\u00e1jemn\u00e9 pomoci. O jeden\u00e1ct let pozd\u011bji se tito vizion\u00e1\u0159\u0161t\u00ed vina\u0159i pod\u00edleli na vytvo\u0159en\u00ed prvn\u00ed apelace ve Francii: CH\u00c2TEAUNEUF-DU-PAPE.<br \/>\n189 vina\u0159\u016f z CELLIER DES PRINCES, kte\u0159\u00ed byli na po\u010d\u00e1tku sjednoceni, je hrd\u00fdch na to, \u017ee mohou sv\u00e1 v\u00edna prod\u00e1vat na v\u0161ech p\u011bti kontinentech a p\u0159ed\u00e1vat sv\u00e9 hodnoty, jako je pohostinnost a dokonalost.<\/p>\n<p>ODR\u016eDY<br \/>\nSyrah 100%<\/p>\n","protected":false},"featured_media":25228,"comment_status":"closed","ping_status":"closed","template":"","meta":[],"product_brand":[],"product_cat":[383,394,435,439,385,388],"product_tag":[],"class_list":{"0":"post-701","1":"product","2":"type-product","3":"status-publish","4":"has-post-thumbnail","6":"product_cat-vina","7":"product_cat-regiony","8":"product_cat-vallee-du-rhone-cs","9":"product_cat-principaute-dorange-et-vaucluse-cs","10":"product_cat-barva","11":"product_cat-cervena-vina","13":"first","14":"instock","15":"sale","16":"taxable","17":"shipping-taxable","18":"purchasable","19":"product-type-simple"},"jetpack_sharing_enabled":true,"_links":{"self":[{"href":"https:\/\/france-gastronomie.shop\/cs\/wp-json\/wp\/v2\/product\/701","targetHints":{"allow":["GET"]}}],"collection":[{"href":"https:\/\/france-gastronomie.shop\/cs\/wp-json\/wp\/v2\/product"}],"about":[{"href":"https:\/\/france-gastronomie.shop\/cs\/wp-json\/wp\/v2\/types\/product"}],"replies":[{"embeddable":true,"href":"https:\/\/france-gastronomie.shop\/cs\/wp-json\/wp\/v2\/comments?post=701"}],"wp:featuredmedia":[{"embeddable":true,"href":"https:\/\/france-gastronomie.shop\/cs\/wp-json\/wp\/v2\/media\/25228"}],"wp:attachment":[{"href":"https:\/\/france-gastronomie.shop\/cs\/wp-json\/wp\/v2\/media?parent=701"}],"wp:term":[{"taxonomy":"product_brand","embeddable":true,"href":"https:\/\/france-gastronomie.shop\/cs\/wp-json\/wp\/v2\/product_brand?post=701"},{"taxonomy":"product_cat","embeddable":true,"href":"https:\/\/france-gastronomie.shop\/cs\/wp-json\/wp\/v2\/product_cat?post=701"},{"taxonomy":"product_tag","embeddable":true,"href":"https:\/\/france-gastronomie.shop\/cs\/wp-json\/wp\/v2\/product_tag?post=701"}],"curies":[{"name":"wp","href":"https:\/\/api.w.org\/{rel}","templated":true}]}}