{"id":639,"date":"2020-08-05T19:16:17","date_gmt":"2020-08-05T19:16:17","guid":{"rendered":"https:\/\/france-gastronomie.shop\/?post_type=product&#038;p=639"},"modified":"2025-11-27T11:24:44","modified_gmt":"2025-11-27T11:24:44","slug":"m-de-montagne-montagne-saint-emilion","status":"publish","type":"product","link":"https:\/\/france-gastronomie.shop\/cs\/produit\/m-de-montagne-montagne-saint-emilion\/","title":{"rendered":"M de Montagne <br\/> Montagne St Emilion"},"content":{"rendered":"<h5>M de Montagne<\/h5>\n<h5>AOC Montagne Saint-\u00c9milion<\/h5>\n<p>P\u016eVOD<br \/>\nSaint-Emilion je nejstar\u0161\u00ed vina\u0159sk\u00e1 oblast v Bordeaux. Teritorium SaintEmilion bylo uvedeno na seznam sv\u011btov\u00e9ho d\u011bdictv\u00ed UNESCO. SaintEmiloion je pova\u017eov\u00e1no za jedno z nejsiln\u011bj\u0161\u00edch v\u00edn z Bordeaux. Toto v\u00edno je bohat\u00e9 chuti, v\u00fdrazn\u00e9 barvy a vyzr\u00e1v\u00e1 rychleji ne\u017e jin\u00e1 \u010derven\u00e1 v\u00edna z Bordeaux. Tyto velkolep\u00e9 vinice dominuj\u00ed centru Saint-Emilionnais, Montagne (co\u017e ve francouz\u0161tin\u011b znamen\u00e1 \u00ab\u00a0hora\u00a0\u00bb). V\u011b\u017e rom\u00e1nsk\u00e9ho kostela v sam\u00e9m srdci vesnice Montagne poskytuje \u00fachvatn\u00fd v\u00fdhled na 1500 hektar\u016f vinic.<\/p>\n<p>ODR\u016eDY<br \/>\nMerlot 75%, Cabernet Franc 15%, Cabernet Sauvignon 10%<\/p>\n<p>DEGUSTACE<br \/>\nPurpurov\u00e1 barva &#8211; Ko\u0159en\u011bn\u00e1 v\u016fn\u011b. V\u00fdrazn\u00e1 chu\u0165 s ovocn\u00fdmi podt\u00f3ny.<\/p>\n<p>SERV\u00cdROV\u00c1N\u00cd<br \/>\nSkv\u011ble se hod\u00ed nap\u0159\u00edklad k pe\u010den\u00e9mu telec\u00edmu na li\u0161k\u00e1ch, kachn\u00edm prs\u016fm a s\u00fdr\u016fm.<\/p>\n<p>TEPLOTA<br \/>\n18\u00b0C<\/p>\n","protected":false},"excerpt":{"rendered":"<h5>AOC Montagne Saint-\u00c9milion<\/h5>\n<p>Maison Le Star je realizac\u00ed snu a vyj\u00e1d\u0159en\u00edm v\u00e1\u0161n\u011b.<br \/>\nObklopeni t\u00fdmem profesion\u00e1l\u016f, enolog\u016f a sommelier\u016f, kte\u0159\u00ed zaru\u010duj\u00ed kvalitu n\u00e1mi vyr\u00e1b\u011bn\u00fdch a vybran\u00fdch v\u00edn, nab\u00edz\u00edme budouc\u00edm milovn\u00edk\u016fm a znalc\u016fm v\u00edna z cel\u00e9ho sv\u011bta kvalitn\u00ed francouzsk\u00e1 v\u00edna za odpov\u00eddaj\u00edc\u00ed cenu.<\/p>\n<p>ODR\u016eDY<br \/>\nMerlot 75%, Cabernet Franc 15%, Cabernet Sauvignon 10%<\/p>\n","protected":false},"featured_media":8850,"comment_status":"closed","ping_status":"closed","template":"","meta":[],"product_brand":[],"product_cat":[383,394,400,409,385,388],"product_tag":[],"class_list":{"0":"post-639","1":"product","2":"type-product","3":"status-publish","4":"has-post-thumbnail","6":"product_cat-vina","7":"product_cat-regiony","8":"product_cat-bordeaux-cs","9":"product_cat-montagne-saint-emilion-cs","10":"product_cat-barva","11":"product_cat-cervena-vina","13":"first","14":"instock","15":"taxable","16":"shipping-taxable","17":"purchasable","18":"product-type-simple"},"jetpack_sharing_enabled":true,"_links":{"self":[{"href":"https:\/\/france-gastronomie.shop\/cs\/wp-json\/wp\/v2\/product\/639","targetHints":{"allow":["GET"]}}],"collection":[{"href":"https:\/\/france-gastronomie.shop\/cs\/wp-json\/wp\/v2\/product"}],"about":[{"href":"https:\/\/france-gastronomie.shop\/cs\/wp-json\/wp\/v2\/types\/product"}],"replies":[{"embeddable":true,"href":"https:\/\/france-gastronomie.shop\/cs\/wp-json\/wp\/v2\/comments?post=639"}],"wp:featuredmedia":[{"embeddable":true,"href":"https:\/\/france-gastronomie.shop\/cs\/wp-json\/wp\/v2\/media\/8850"}],"wp:attachment":[{"href":"https:\/\/france-gastronomie.shop\/cs\/wp-json\/wp\/v2\/media?parent=639"}],"wp:term":[{"taxonomy":"product_brand","embeddable":true,"href":"https:\/\/france-gastronomie.shop\/cs\/wp-json\/wp\/v2\/product_brand?post=639"},{"taxonomy":"product_cat","embeddable":true,"href":"https:\/\/france-gastronomie.shop\/cs\/wp-json\/wp\/v2\/product_cat?post=639"},{"taxonomy":"product_tag","embeddable":true,"href":"https:\/\/france-gastronomie.shop\/cs\/wp-json\/wp\/v2\/product_tag?post=639"}],"curies":[{"name":"wp","href":"https:\/\/api.w.org\/{rel}","templated":true}]}}