{"id":627,"date":"2020-08-05T11:25:40","date_gmt":"2020-08-05T11:25:40","guid":{"rendered":"https:\/\/france-gastronomie.shop\/?post_type=product&#038;p=627"},"modified":"2026-01-15T11:35:08","modified_gmt":"2026-01-15T10:35:08","slug":"chateau-picon-1070-bordeaux-superieur","status":"publish","type":"product","link":"https:\/\/france-gastronomie.shop\/cs\/produit\/chateau-picon-1070-bordeaux-superieur\/","title":{"rendered":"Ch. Picon 1070 <br\/> Bordeaux Superieur"},"content":{"rendered":"<h5>Ch\u00e2teau Picon 1070<\/h5>\n<h5>AOC Bordeaux Sup\u00e9rieur<\/h5>\n<p>P\u016eVOD<br \/>\nV sou\u010dasnosti zauj\u00edmaj\u00ed vinice 81 hektar\u016f okolo mal\u00e9ho les\u00edku a maj\u00ed pr\u016fm\u011brn\u00e9 st\u00e1\u0159\u00ed 35 let. Jsou os\u00e1zen\u00e9 na p\u016fd\u011b, kter\u00e1 je p\u0159ev\u00e1\u017en\u011b obl\u00e1zkov\u00e1, a na j\u00edlovo-v\u00e1penat\u00e9m podlo\u017e\u00ed a t\u011b\u0161\u00ed se z vina\u0159sk\u00e9 pr\u00e1ce s ohledem na p\u0159\u00edrodn\u00ed prost\u0159ed\u00ed. Ch\u00e2teau Picon m\u00e1 v\u00a0tomto ohledu certifikaci uv\u00e1\u017een\u00e9ho zem\u011bd\u011blstv\u00ed.<\/p>\n<p>P\u011aSTOV\u00c1N\u00cd R\u00c9VY<br \/>\nV\u00fdsadba a obd\u011bl\u00e1v\u00e1n\u00ed p\u016fdy. Odstra\u0148ov\u00e1n\u00ed v\u00fdhonk\u016f a ob\u00edr\u00e1n\u00ed list\u016f.<\/p>\n<p>VINIFIKACE<br \/>\nV\u00fdb\u011br podle pozemk\u016f. Strojn\u00ed sklize\u0148, t\u0159\u00edd\u011bn\u00ed hrozn\u016f. Tradi\u010dn\u00ed vinifikace v\u00a0nerezov\u00fdch n\u00e1dr\u017e\u00edch s \u0159\u00edzenou teplotou. Zr\u00e1n\u00ed ve d\u0159ev\u011b.<\/p>\n<p>ODR\u016eDY<br \/>\n57% Merlot, 20% Cabernet Sauvignon, 12% Cabernet Franc, 11% Malbec<\/p>\n<p>DEGUSTACE<br \/>\nBarva je z\u00e1\u0159iv\u00e1 a syt\u00e1 rub\u00ednov\u00e1. V\u016fn\u011b je jemn\u011b d\u0159evit\u00e1, s lehce ope\u010den\u00fdmi aromaty vanilky, kter\u00e9 pr\u00e1v\u011b podpo\u0159ily siln\u00e9 t\u00f3ny zral\u00e9ho ovoce. Chu\u0165 je sametov\u00e1 a strukturovan\u00e1, dob\u0159e vyv\u00e1\u017een\u00e1 na uzav\u0159en\u00fdch a zral\u00fdch taninech.<\/p>\n<p>TEPLOTA<br \/>\n18\u00b0C.<\/p>\n","protected":false},"excerpt":{"rendered":"<h5>AOC Bordeaux Sup\u00e9rieur<\/h5>\n<p>Maison Le Star je realizac\u00ed snu a vyj\u00e1d\u0159en\u00edm v\u00e1\u0161n\u011b.<br \/>\nObklopeni t\u00fdmem profesion\u00e1l\u016f, enolog\u016f a sommelier\u016f, kte\u0159\u00ed zaru\u010duj\u00ed kvalitu n\u00e1mi vyr\u00e1b\u011bn\u00fdch a vybran\u00fdch v\u00edn, nab\u00edz\u00edme budouc\u00edm milovn\u00edk\u016fm a znalc\u016fm v\u00edna z cel\u00e9ho sv\u011bta kvalitn\u00ed francouzsk\u00e1 v\u00edna za odpov\u00eddaj\u00edc\u00ed cenu.<\/p>\n<p>ODR\u016eDY<br \/>\n57% Merlot, 20% Cabernet Sauvignon, 12% Cabernet Franc, 11% Malbec<\/p>\n","protected":false},"featured_media":8834,"comment_status":"closed","ping_status":"closed","template":"","meta":[],"product_brand":[],"product_cat":[383,394,400,403,385,388],"product_tag":[],"class_list":{"0":"post-627","1":"product","2":"type-product","3":"status-publish","4":"has-post-thumbnail","6":"product_cat-vina","7":"product_cat-regiony","8":"product_cat-bordeaux-cs","9":"product_cat-bordeaux-superieur-cs","10":"product_cat-barva","11":"product_cat-cervena-vina","13":"first","14":"instock","15":"taxable","16":"shipping-taxable","17":"purchasable","18":"product-type-simple"},"jetpack_sharing_enabled":true,"_links":{"self":[{"href":"https:\/\/france-gastronomie.shop\/cs\/wp-json\/wp\/v2\/product\/627","targetHints":{"allow":["GET"]}}],"collection":[{"href":"https:\/\/france-gastronomie.shop\/cs\/wp-json\/wp\/v2\/product"}],"about":[{"href":"https:\/\/france-gastronomie.shop\/cs\/wp-json\/wp\/v2\/types\/product"}],"replies":[{"embeddable":true,"href":"https:\/\/france-gastronomie.shop\/cs\/wp-json\/wp\/v2\/comments?post=627"}],"wp:featuredmedia":[{"embeddable":true,"href":"https:\/\/france-gastronomie.shop\/cs\/wp-json\/wp\/v2\/media\/8834"}],"wp:attachment":[{"href":"https:\/\/france-gastronomie.shop\/cs\/wp-json\/wp\/v2\/media?parent=627"}],"wp:term":[{"taxonomy":"product_brand","embeddable":true,"href":"https:\/\/france-gastronomie.shop\/cs\/wp-json\/wp\/v2\/product_brand?post=627"},{"taxonomy":"product_cat","embeddable":true,"href":"https:\/\/france-gastronomie.shop\/cs\/wp-json\/wp\/v2\/product_cat?post=627"},{"taxonomy":"product_tag","embeddable":true,"href":"https:\/\/france-gastronomie.shop\/cs\/wp-json\/wp\/v2\/product_tag?post=627"}],"curies":[{"name":"wp","href":"https:\/\/api.w.org\/{rel}","templated":true}]}}