{"id":625,"date":"2020-08-05T11:22:00","date_gmt":"2020-08-05T11:22:00","guid":{"rendered":"https:\/\/france-gastronomie.shop\/?post_type=product&#038;p=625"},"modified":"2025-12-15T09:51:31","modified_gmt":"2025-12-15T09:51:31","slug":"chateau-picon-la-reserve-bordeaux-superieur","status":"publish","type":"product","link":"https:\/\/france-gastronomie.shop\/cs\/produit\/chateau-picon-la-reserve-bordeaux-superieur\/","title":{"rendered":"Ch\u00e2teau Picon MAGNUM <br\/> Bordeaux Sup\u00e9rieur"},"content":{"rendered":"<h5>Ch\u00e2teau Picon La R\u00e9serve<\/h5>\n<p>MAGNUM 1,5L<\/p>\n<h5>AOC Bordeaux Sup\u00e9rieur<\/h5>\n<p>P\u016eVOD<br \/>\nV sou\u010dasnosti zauj\u00edmaj\u00ed vinice 81 hektar\u016f okolo mal\u00e9ho les\u00edku a maj\u00ed pr\u016fm\u011brn\u00e9 st\u00e1\u0159\u00ed 35 let. Jsou os\u00e1zen\u00e9 na p\u016fd\u011b, kter\u00e1 je p\u0159ev\u00e1\u017en\u011b obl\u00e1zkov\u00e1 na j\u00edlovo-v\u00e1penat\u00e9m podlo\u017e\u00ed a t\u011b\u0161\u00ed se z vina\u0159sk\u00e9 pr\u00e1ce s\u00a0ohledem na p\u0159\u00edrodn\u00ed prost\u0159ed\u00ed. Ch\u00e2teau Picon m\u00e1 v\u00a0tomto ohledu certifikaci uv\u00e1\u017een\u00e9ho zem\u011bd\u011blstv\u00ed.<\/p>\n<p>P\u011aSTOV\u00c1N\u00cd R\u00c9VY<br \/>\n\u00dazkostliv\u00e1 p\u00e9\u010de o vinici, v\u00fdsadbu a obd\u011bl\u00e1v\u00e1n\u00ed p\u016fdy. Zelen\u00e1 sklize\u0148 a ob\u00edr\u00e1n\u00ed list\u016f.<\/p>\n<p>VINIFIKACE<br \/>\nV\u00fdb\u011br nejlep\u0161\u00edch pozemk\u016f. Sledov\u00e1n\u00ed v\u00fdnos\u016f.<\/p>\n<p>ZR\u00c1N\u00cd<br \/>\n100% v\u00a0sudech z\u00a0francouzsk\u00e9ho dubu po dobu 15 m\u011bs\u00edc\u016f.<\/p>\n<p>ODR\u016eDY<br \/>\n60% Merlot, 40% Cabernet Sauvignon<\/p>\n<p>DEGUSTACE<br \/>\nBarva je karm\u00ednov\u011b \u010derven\u00e1, tmav\u00e1 a hlubok\u00e1. V\u016fn\u011b je jemn\u00e1 a komplexn\u00ed, s\u00a0aromaty \u010derven\u00e9ho ovoce a pra\u017een\u00ed.<br \/>\nChu\u0165 je siln\u00e1, koncentrovan\u00e1 a bohat\u00e1. Aromata velmi zral\u00e9ho ovoce se m\u00eds\u00ed s\u00a0grilovan\u00fdmi a vanilkov\u00fdmi t\u00f3ny.<br \/>\nZ\u00e1rove\u0148 je komplexn\u00ed a harmonick\u00e9, to je jeden z\u00a0odkaz\u016f na tento n\u00e1zev.<\/p>\n<p>TEPLOTA<br \/>\n18\u00b0C.<\/p>\n","protected":false},"excerpt":{"rendered":"<h5>AOC Bordeaux Sup\u00e9rieur<\/h5>\n<h4><strong><span class=\"HwtZe\" lang=\"cs\"><span class=\"jCAhz ChMk0b\"><span class=\"ryNqvb\">D\u0159ev\u011bn\u00e1 bedna<\/span><\/span><\/span><\/strong><\/h4>\n<p>MAGNUM 1,5L<\/p>\n<p>Maison Le Star je realizac\u00ed snu a vyj\u00e1d\u0159en\u00edm v\u00e1\u0161n\u011b.<br \/>\nObklopeni t\u00fdmem profesion\u00e1l\u016f, enolog\u016f a sommelier\u016f, kte\u0159\u00ed zaru\u010duj\u00ed kvalitu n\u00e1mi vyr\u00e1b\u011bn\u00fdch a vybran\u00fdch v\u00edn, nab\u00edz\u00edme budouc\u00edm milovn\u00edk\u016fm a znalc\u016fm v\u00edna z cel\u00e9ho sv\u011bta kvalitn\u00ed francouzsk\u00e1 v\u00edna za odpov\u00eddaj\u00edc\u00ed cenu.<\/p>\n<p>ODR\u016eDY<br \/>\n60% Merlot, 40% Cabernet Sauvignon<\/p>\n","protected":false},"featured_media":25987,"comment_status":"closed","ping_status":"closed","template":"","meta":[],"product_brand":[],"product_cat":[383,394,400,403,385,388],"product_tag":[],"class_list":{"0":"post-625","1":"product","2":"type-product","3":"status-publish","4":"has-post-thumbnail","6":"product_cat-vina","7":"product_cat-regiony","8":"product_cat-bordeaux-cs","9":"product_cat-bordeaux-superieur-cs","10":"product_cat-barva","11":"product_cat-cervena-vina","13":"first","14":"instock","15":"taxable","16":"shipping-taxable","17":"purchasable","18":"product-type-simple"},"jetpack_sharing_enabled":true,"_links":{"self":[{"href":"https:\/\/france-gastronomie.shop\/cs\/wp-json\/wp\/v2\/product\/625","targetHints":{"allow":["GET"]}}],"collection":[{"href":"https:\/\/france-gastronomie.shop\/cs\/wp-json\/wp\/v2\/product"}],"about":[{"href":"https:\/\/france-gastronomie.shop\/cs\/wp-json\/wp\/v2\/types\/product"}],"replies":[{"embeddable":true,"href":"https:\/\/france-gastronomie.shop\/cs\/wp-json\/wp\/v2\/comments?post=625"}],"wp:featuredmedia":[{"embeddable":true,"href":"https:\/\/france-gastronomie.shop\/cs\/wp-json\/wp\/v2\/media\/25987"}],"wp:attachment":[{"href":"https:\/\/france-gastronomie.shop\/cs\/wp-json\/wp\/v2\/media?parent=625"}],"wp:term":[{"taxonomy":"product_brand","embeddable":true,"href":"https:\/\/france-gastronomie.shop\/cs\/wp-json\/wp\/v2\/product_brand?post=625"},{"taxonomy":"product_cat","embeddable":true,"href":"https:\/\/france-gastronomie.shop\/cs\/wp-json\/wp\/v2\/product_cat?post=625"},{"taxonomy":"product_tag","embeddable":true,"href":"https:\/\/france-gastronomie.shop\/cs\/wp-json\/wp\/v2\/product_tag?post=625"}],"curies":[{"name":"wp","href":"https:\/\/api.w.org\/{rel}","templated":true}]}}