{"id":620,"date":"2020-08-05T11:09:14","date_gmt":"2020-08-05T11:09:14","guid":{"rendered":"https:\/\/france-gastronomie.shop\/?post_type=product&#038;p=620"},"modified":"2025-11-27T11:20:47","modified_gmt":"2025-11-27T11:20:47","slug":"chateau-guillaume-blanc-bordeaux-superieur-2","status":"publish","type":"product","link":"https:\/\/france-gastronomie.shop\/cs\/produit\/chateau-guillaume-blanc-bordeaux-superieur-2\/","title":{"rendered":"Ch. Guillaume Blanc <br\/> La R\u00e9serve"},"content":{"rendered":"<h5>Ch\u00e2teau Guillaume Blanc La R\u00e9serve<\/h5>\n<h5>AOC Bordeaux Sup\u00e9rieur<\/h5>\n<p>P\u016eVOD<br \/>\nLe Ch\u00e2teau Guillaume Blanc dnes zauj\u00edm\u00e1 celkem 65 hektar\u016f a sest\u00e1v\u00e1 z nes\u010detn\u00e9ho mno\u017estv\u00ed pozemk\u016f.<br \/>\nKamenit\u011bj\u0161\u00ed pozemky jsou os\u00e1zeny Cabernetem, j\u00edlovo- v\u00e1penat\u00e9 svahy Merlotem.<\/p>\n<p>VINIFIKACE<br \/>\nV\u00fdb\u011br nejlep\u0161\u00edch pozemk\u016f s Merlotem.<br \/>\nSledovan\u00e9 v\u00fdnosy.<br \/>\nPostupn\u00e9 t\u0159\u00edd\u011bn\u00ed hrozn\u016f.<br \/>\nFermentace v n\u00e1dr\u017e\u00edch s \u0159\u00edzenou teplotou.<br \/>\nTradi\u010dn\u00ed vinifikace.<\/p>\n<p>ZR\u00c1N\u00cd<br \/>\n100% v\u00a0sudech z\u00a0francouzsk\u00e9ho dubu po dobu 15 m\u011bs\u00edc\u016f.<\/p>\n<p>ODR\u016eDY<br \/>\n100% Merlot<\/p>\n<p>DEGUSTACE<br \/>\nBarva je z\u00e1\u0159iv\u00e1 purpurov\u00e1. V\u016fn\u011b je intenzivn\u00ed a gurm\u00e1nsk\u00e1 po \u010derven\u00e9m a \u010dern\u00e9m zral\u00e9m ovoci, l\u00e9ko\u0159ici a ko\u0159en\u00ed.<br \/>\nToto v\u00edno zachutn\u00e1 pro svou kulatost, hedv\u00e1bn\u00e9 a rozpu\u0161t\u011bn\u00e9 taniny, jemn\u00fd lesn\u00ed n\u00e1dech s\u00a0respektem k\u00a0ovoci<br \/>\na dlouh\u00fd a vo\u0148av\u00fd z\u00e1v\u011br.<\/p>\n<p>TEPLOTA 18\u00b0C.<\/p>\n","protected":false},"excerpt":{"rendered":"<h5>AOC Bordeaux Sup\u00e9rieur<\/h5>\n<p>Maison Le Star je realizac\u00ed snu a vyj\u00e1d\u0159en\u00edm v\u00e1\u0161n\u011b.<br \/>\nObklopeni t\u00fdmem profesion\u00e1l\u016f, enolog\u016f a sommelier\u016f, kte\u0159\u00ed zaru\u010duj\u00ed kvalitu n\u00e1mi vyr\u00e1b\u011bn\u00fdch a vybran\u00fdch v\u00edn, nab\u00edz\u00edme budouc\u00edm milovn\u00edk\u016fm a znalc\u016fm v\u00edna z cel\u00e9ho sv\u011bta kvalitn\u00ed francouzsk\u00e1 v\u00edna za odpov\u00eddaj\u00edc\u00ed cenu.<\/p>\n<p>ODR\u016eDY<br \/>\n100% Merlot<\/p>\n","protected":false},"featured_media":8826,"comment_status":"closed","ping_status":"closed","template":"","meta":[],"product_brand":[],"product_cat":[383,394,400,403,385,388],"product_tag":[],"class_list":{"0":"post-620","1":"product","2":"type-product","3":"status-publish","4":"has-post-thumbnail","6":"product_cat-vina","7":"product_cat-regiony","8":"product_cat-bordeaux-cs","9":"product_cat-bordeaux-superieur-cs","10":"product_cat-barva","11":"product_cat-cervena-vina","13":"first","14":"outofstock","15":"taxable","16":"shipping-taxable","17":"purchasable","18":"product-type-simple"},"jetpack_sharing_enabled":true,"_links":{"self":[{"href":"https:\/\/france-gastronomie.shop\/cs\/wp-json\/wp\/v2\/product\/620","targetHints":{"allow":["GET"]}}],"collection":[{"href":"https:\/\/france-gastronomie.shop\/cs\/wp-json\/wp\/v2\/product"}],"about":[{"href":"https:\/\/france-gastronomie.shop\/cs\/wp-json\/wp\/v2\/types\/product"}],"replies":[{"embeddable":true,"href":"https:\/\/france-gastronomie.shop\/cs\/wp-json\/wp\/v2\/comments?post=620"}],"wp:featuredmedia":[{"embeddable":true,"href":"https:\/\/france-gastronomie.shop\/cs\/wp-json\/wp\/v2\/media\/8826"}],"wp:attachment":[{"href":"https:\/\/france-gastronomie.shop\/cs\/wp-json\/wp\/v2\/media?parent=620"}],"wp:term":[{"taxonomy":"product_brand","embeddable":true,"href":"https:\/\/france-gastronomie.shop\/cs\/wp-json\/wp\/v2\/product_brand?post=620"},{"taxonomy":"product_cat","embeddable":true,"href":"https:\/\/france-gastronomie.shop\/cs\/wp-json\/wp\/v2\/product_cat?post=620"},{"taxonomy":"product_tag","embeddable":true,"href":"https:\/\/france-gastronomie.shop\/cs\/wp-json\/wp\/v2\/product_tag?post=620"}],"curies":[{"name":"wp","href":"https:\/\/api.w.org\/{rel}","templated":true}]}}