{"id":6189,"date":"2021-02-08T08:19:09","date_gmt":"2021-02-08T08:19:09","guid":{"rendered":"https:\/\/france-gastronomie.shop\/produit\/hruskovo-orechovy-dzem-bio\/"},"modified":"2023-12-20T00:25:03","modified_gmt":"2023-12-20T00:25:03","slug":"hruskovo-orechovy-dzem-bio","status":"publish","type":"product","link":"https:\/\/france-gastronomie.shop\/cs\/produit\/hruskovo-orechovy-dzem-bio\/","title":{"rendered":"Hru\u0161kovo-o\u0159echov\u00fd <br\/> d\u017eem"},"content":{"rendered":"<h5>Hru\u0161kovo-o\u0159echov\u00fd d\u017eem<br \/>\nBIOLOKLOCK<\/h5>\n<p>N\u00e1\u0161 d\u017eem p\u0159ipraven\u00fd s francouzsk\u00fdmi hru\u0161kami a o\u0159echy v\u00e1s okouzl\u00ed t\u00edmto sladk\u00fdm a k\u0159upav\u00fdm spojen\u00edm.<\/p>\n<p>Tato d\u017eemov\u00e1 pochoutka je balena v elegantn\u00ed 230g recyklovateln\u00e9 sklenici.<br \/>\nTento BIO d\u017eem z hru\u0161ky a o\u0159echu v\u00e1s okouzl\u00ed u\u017e u sn\u00eddan\u011b a bude za\u010dlen\u011bn do mnoha dezert\u016f nebo sladk\u00fdch\/slan\u00fdch pokrm\u016f a bude v\u00e1s tak nad\u00e1le sv\u00e1d\u011bt po cel\u00fd den.<br \/>\nV\u0161echny na\u0161e d\u017eemy jsou p\u0159ipravov\u00e1ny postaru, v mal\u00e9m mno\u017estv\u00ed, nad\u0161enci ekologick\u00e9ho zem\u011bd\u011blstv\u00ed, respektu k \u017eivotn\u00edmu prost\u0159ed\u00ed a zdrav\u00ed; rodinn\u00e9 d\u011bdictv\u00ed je p\u0159ed\u00e1van\u00e9 z generace na generaci s hlubok\u00fdm p\u0159esv\u011bd\u010den\u00edm.<\/p>\n<p>V\u00fdhody<br \/>\nKombinace sladkosti hru\u0161ky a k\u0159upavosti o\u0159ech\u016f funguje \u00fa\u017easn\u011b!<br \/>\nZ mnoha p\u0159ednost\u00ed t\u00e9to sm\u011bsi uvedeme jej\u00ed remineraliza\u010dn\u00ed, \u010distic\u00ed, v\u00fd\u017eivn\u00e9, alkalizuj\u00edc\u00ed, antiseptick\u00e9, regenera\u010dn\u00ed vlastnosti.<br \/>\n(Tyto ctnosti, kter\u00e9 se p\u0159ipisuj\u00ed ka\u017ed\u00e9mu z t\u011bchto druh\u016f ovoce, jsou uzn\u00e1v\u00e1ny po cel\u00e9 generace, ale nemohou nahradit l\u00e9\u010dbu p\u0159edepsanou zdravotn\u00edka).<br \/>\nTradice uv\u00e1d\u00ed, \u017ee panovn\u00edci, kter\u00e9 se chystali korunovat v katedr\u00e1le Notre-Dame de Reims, dostali jako dary hru\u0161ku a sklenku \u0161ampa\u0148sk\u00e9ho.<br \/>\nV 10. stolet\u00ed platili roln\u00edci sv\u00e9 dluhy o\u0159echy nebo dokonce o\u0159echov\u00fdm olejem. Byly pova\u017eov\u00e1ny za velmi cennou komoditu.<\/p>\n<p>Slo\u017een\u00ed<br \/>\nHru\u0161ky 58% * a o\u0159echy 6% *, sv\u011btl\u00fd t\u0159tinov\u00fd cukr (fair trade) * 36%. * Ingredience z ekologick\u00e9ho zem\u011bd\u011blstv\u00ed.<br \/>\nP\u0159id\u00e1v\u00e1me pouze nezbytn\u00fd BIO cukr po\u017eadovan\u00fd francouzsk\u00fdmi pr\u00e1vn\u00edmi p\u0159edpisy, tj. alespo\u0148 55% celkov\u00e9ho cukru (v\u010detn\u011b ovocn\u00e9ho cukru).<br \/>\nV jin\u00e9m p\u0159\u00edpad\u011b se nejedn\u00e1 o d\u017eem. V\u011bt\u0161inu d\u017eem\u016f p\u0159ipravujeme s maximem ovoce: 55 &#8211; 65%.<br \/>\n\u017d\u00e1dn\u00fd pektin. \u017d\u00e1dn\u00e1 \u017eelatina\u010dn\u00ed p\u0159\u00edsada. \u017d\u00e1dn\u00e9 jin\u00e9 p\u0159\u00edsady. N\u00e1\u0161 d\u017eem je p\u0159ipraven z 64 g ovoce na 100 g hotov\u00e9ho produktu.<br \/>\nCelkov\u00fd obsah cukru cca. 56 g &#8211; 100 g. P\u0159es na\u0161i maxim\u00e1ln\u00ed p\u00e9\u010di m\u016f\u017ee tento v\u00fdrobek obsahovat jad\u00e9rka, nebo jejich kousky.<\/p>\n<p>Skladov\u00e1n\u00ed<br \/>\nPo otev\u0159en\u00ed uchov\u00e1vejte v chladu.<\/p>\n<p>Nutri\u010dn\u00ed hodnoty<\/p>\n<table width=\"541\">\n<tbody>\n<tr>\n<td width=\"235\">Energie (kcal) ve 100 g<\/td>\n<td width=\"306\">283,3<\/td>\n<\/tr>\n<tr>\n<td>Energie (kJ)<\/td>\n<td>1196,8<\/td>\n<\/tr>\n<tr>\n<td>Tuky<\/td>\n<td>5,2 g<\/td>\n<\/tr>\n<tr>\n<td>nasycen\u00e9 mastn\u00e9 kyseliny<\/td>\n<td>0,5 g<\/td>\n<\/tr>\n<tr>\n<td>Sacharidy<\/td>\n<td>56,0 g<\/td>\n<\/tr>\n<tr>\n<td>z toho cukry<\/td>\n<td>55,7 g<\/td>\n<\/tr>\n<tr>\n<td>Vl\u00e1knina<\/td>\n<td>2,8 g<\/td>\n<\/tr>\n<tr>\n<td>Proteiny<\/td>\n<td>1,4 g<\/td>\n<\/tr>\n<tr>\n<td>S\u016fl<\/td>\n<td>0,0<\/td>\n<\/tr>\n<\/tbody>\n<\/table>\n","protected":false},"excerpt":{"rendered":"<h5>BIOLOKLOCK<\/h5>\n<p>Bioloklock je rodinn\u00e1 \u0159emesln\u00e1 firma, jej\u00ed\u017e kvalitn\u00ed produkty jsou v\u00fdsledkem dlouhodob\u00e9ho zapojen\u00ed rodiny do ekologick\u00e9ho zem\u011bd\u011blstv\u00ed, a to ji\u017e od po\u010d\u00e1tku 60. let.<\/p>\n","protected":false},"featured_media":6286,"comment_status":"open","ping_status":"closed","template":"","meta":[],"product_brand":[],"product_cat":[585,441,384],"product_tag":[],"class_list":{"0":"post-6189","1":"product","2":"type-product","3":"status-publish","4":"has-post-thumbnail","6":"product_cat-dzemy","7":"product_cat-potraviny","8":"product_cat-bio-cs","10":"first","11":"outofstock","12":"taxable","13":"shipping-taxable","14":"purchasable","15":"product-type-simple"},"jetpack_sharing_enabled":true,"_links":{"self":[{"href":"https:\/\/france-gastronomie.shop\/cs\/wp-json\/wp\/v2\/product\/6189","targetHints":{"allow":["GET"]}}],"collection":[{"href":"https:\/\/france-gastronomie.shop\/cs\/wp-json\/wp\/v2\/product"}],"about":[{"href":"https:\/\/france-gastronomie.shop\/cs\/wp-json\/wp\/v2\/types\/product"}],"replies":[{"embeddable":true,"href":"https:\/\/france-gastronomie.shop\/cs\/wp-json\/wp\/v2\/comments?post=6189"}],"wp:featuredmedia":[{"embeddable":true,"href":"https:\/\/france-gastronomie.shop\/cs\/wp-json\/wp\/v2\/media\/6286"}],"wp:attachment":[{"href":"https:\/\/france-gastronomie.shop\/cs\/wp-json\/wp\/v2\/media?parent=6189"}],"wp:term":[{"taxonomy":"product_brand","embeddable":true,"href":"https:\/\/france-gastronomie.shop\/cs\/wp-json\/wp\/v2\/product_brand?post=6189"},{"taxonomy":"product_cat","embeddable":true,"href":"https:\/\/france-gastronomie.shop\/cs\/wp-json\/wp\/v2\/product_cat?post=6189"},{"taxonomy":"product_tag","embeddable":true,"href":"https:\/\/france-gastronomie.shop\/cs\/wp-json\/wp\/v2\/product_tag?post=6189"}],"curies":[{"name":"wp","href":"https:\/\/api.w.org\/{rel}","templated":true}]}}