{"id":6182,"date":"2021-02-05T09:31:24","date_gmt":"2021-02-05T09:31:24","guid":{"rendered":"https:\/\/france-gastronomie.shop\/produit\/fikovo-orechovy-dzem\/"},"modified":"2023-12-20T00:25:02","modified_gmt":"2023-12-20T00:25:02","slug":"fikovo-orechovy-dzem","status":"publish","type":"product","link":"https:\/\/france-gastronomie.shop\/cs\/produit\/fikovo-orechovy-dzem\/","title":{"rendered":"F\u00edky-o\u0159echy <br\/> d\u017eem"},"content":{"rendered":"<h5>F\u00edkovo-o\u0159echov\u00fd d\u017eem<br \/>\nBIOLOKLOCK<\/h5>\n<p>N\u00e1\u0161 d\u017eem p\u0159ipraven\u00fd z francouzsk\u00fdch o\u0159ech\u016f a f\u00edk\u016f v\u00e1s p\u0159ekvap\u00ed lahodnou chut\u00ed.<\/p>\n<p>Tento kr\u00e9mov\u00fd a sladk\u00fd d\u017eem je k dispozici v recyklovateln\u00e9 sklenici o obsahu 230 g.<br \/>\nM\u016f\u017eete si jej vychutn\u00e1vat l\u017ei\u010dkou, na toastu nebo jako dopln\u011bk k uzenin\u00e1m, masu, dr\u016fbe\u017ei, s\u00fdr\u016fm a dezert\u016fm.<br \/>\nV\u0161echny na\u0161e d\u017eemy jsou p\u0159ipravov\u00e1ny postaru, v mal\u00e9m mno\u017estv\u00ed, nad\u0161enci ekologick\u00e9ho zem\u011bd\u011blstv\u00ed, respektu k \u017eivotn\u00edmu prost\u0159ed\u00ed a zdrav\u00ed; rodinn\u00e9 d\u011bdictv\u00ed je p\u0159ed\u00e1van\u00e9 z generace na generaci s hlubok\u00fdm p\u0159esv\u011bd\u010den\u00edm.<\/p>\n<p>V\u00fdhody<br \/>\nV tomto sluncem napln\u011bn\u00e9m d\u017eemu pozn\u00e1te jemnou chu\u0165 o\u0159ech\u016f v kombinaci s lahodnou chut\u00ed f\u00edk\u016f, a\u0165 u\u017e zelen\u00fdch (nebo b\u00edl\u00fdch), fialov\u00fdch (nebo \u010dern\u00fdch), \u010derven\u00fdch (nebo \u0161ed\u00fdch).<br \/>\nVlastnosti f\u00edku spojen\u00e9 s vlastnostmi vla\u0161sk\u00e9ho o\u0159echu nab\u00edzej\u00ed \u0159adu v\u00fdhod (energick\u00fd, tonizuj\u00edc\u00ed, stimuluj\u00edc\u00ed r\u016fst u d\u011bt\u00ed, zdroj oligo-prvk\u016f, miner\u00e1l\u016f, vitam\u00edn\u016f, vl\u00e1kniny &#8230;).<br \/>\n(Tyto ctnosti, kter\u00e9 se p\u0159ipisuj\u00ed ka\u017ed\u00e9mu z t\u011bchto druh\u016f ovoce, jsou uzn\u00e1v\u00e1ny po cel\u00e9 generace, ale nemohou nahradit l\u00e9\u010dbu p\u0159edepsanou zdravotn\u00edka).<br \/>\nN\u00e1\u0161 f\u00edkovo-o\u0159echov\u00fd d\u017eem byl porotou 100 spot\u0159ebitel\u016f ocen\u011bn jako NEJLEP\u0160\u00cd BIO V\u00ddROBEK roku 2014.<\/p>\n<p>Slo\u017een\u00ed<br \/>\nF\u00edky * 58,8% a o\u0159echy * 4,7%, sv\u011btl\u00fd t\u0159tinov\u00fd cukr * 36,5%. * Ingredience z ekologick\u00e9ho zem\u011bd\u011blstv\u00ed.<br \/>\nP\u0159id\u00e1v\u00e1me pouze nezbytn\u00fd BIO cukr po\u017eadovan\u00fd francouzsk\u00fdmi pr\u00e1vn\u00edmi p\u0159edpisy, tj. alespo\u0148 55% celkov\u00e9ho cukru (v\u010detn\u011b ovocn\u00e9ho cukru).<br \/>\nV jin\u00e9m p\u0159\u00edpad\u011b se nejedn\u00e1 o d\u017eem. V\u011bt\u0161inu d\u017eem\u016f p\u0159ipravujeme s maximem ovoce: 55 &#8211; 65%.<br \/>\n\u017d\u00e1dn\u00fd pektin. \u017d\u00e1dn\u00e1 \u017eelatina\u010dn\u00ed p\u0159\u00edsada. \u017d\u00e1dn\u00e9 jin\u00e9 p\u0159\u00edsady. N\u00e1\u0161 f\u00edkovo-o\u0159echov\u00fd d\u017eem je p\u0159ipraven z 63,5 g ovoce na 100 g hotov\u00e9ho produktu.<br \/>\nCelkov\u00fd obsah cukru cca. 56 g &#8211; 100 g. P\u0159es na\u0161i maxim\u00e1ln\u00ed p\u00e9\u010di m\u016f\u017ee tento v\u00fdrobek obsahovat kousky sko\u0159\u00e1pek z o\u0159ech\u016f.<\/p>\n<p>Skladov\u00e1n\u00ed<br \/>\nPo otev\u0159en\u00ed uchov\u00e1vejte v chladu.<\/p>\n<p>Nutri\u010dn\u00ed hodnoty<\/p>\n<table width=\"541\">\n<tbody>\n<tr>\n<td width=\"235\">Energie (kcal) ve 100 g<\/td>\n<td width=\"306\">321,2<\/td>\n<\/tr>\n<tr>\n<td>Energie (kJ)<\/td>\n<td>1353,4<\/td>\n<\/tr>\n<tr>\n<td>Tuky<\/td>\n<td>9,1 g<\/td>\n<\/tr>\n<tr>\n<td>nasycen\u00e9 mastn\u00e9 kyseliny<\/td>\n<td>0,9 g<\/td>\n<\/tr>\n<tr>\n<td>Sacharidy<\/td>\n<td>56,0 g<\/td>\n<\/tr>\n<tr>\n<td>z toho cukry<\/td>\n<td>54,7 g<\/td>\n<\/tr>\n<tr>\n<td>Vl\u00e1knina<\/td>\n<td>3,0 g<\/td>\n<\/tr>\n<tr>\n<td>Proteiny<\/td>\n<td>2,4 g<\/td>\n<\/tr>\n<tr>\n<td>S\u016fl<\/td>\n<td>0 g<\/td>\n<\/tr>\n<\/tbody>\n<\/table>\n","protected":false},"excerpt":{"rendered":"<h5>BIOLOKLOCK<\/h5>\n<p>Bioloklock je rodinn\u00e1 \u0159emesln\u00e1 firma, jej\u00ed\u017e kvalitn\u00ed produkty jsou v\u00fdsledkem dlouhodob\u00e9ho zapojen\u00ed rodiny do ekologick\u00e9ho zem\u011bd\u011blstv\u00ed, a to ji\u017e od po\u010d\u00e1tku 60. let.<\/p>\n","protected":false},"featured_media":6269,"comment_status":"open","ping_status":"closed","template":"","meta":[],"product_brand":[],"product_cat":[585,441,384],"product_tag":[],"class_list":{"0":"post-6182","1":"product","2":"type-product","3":"status-publish","4":"has-post-thumbnail","6":"product_cat-dzemy","7":"product_cat-potraviny","8":"product_cat-bio-cs","10":"first","11":"outofstock","12":"taxable","13":"shipping-taxable","14":"purchasable","15":"product-type-simple"},"jetpack_sharing_enabled":true,"_links":{"self":[{"href":"https:\/\/france-gastronomie.shop\/cs\/wp-json\/wp\/v2\/product\/6182","targetHints":{"allow":["GET"]}}],"collection":[{"href":"https:\/\/france-gastronomie.shop\/cs\/wp-json\/wp\/v2\/product"}],"about":[{"href":"https:\/\/france-gastronomie.shop\/cs\/wp-json\/wp\/v2\/types\/product"}],"replies":[{"embeddable":true,"href":"https:\/\/france-gastronomie.shop\/cs\/wp-json\/wp\/v2\/comments?post=6182"}],"wp:featuredmedia":[{"embeddable":true,"href":"https:\/\/france-gastronomie.shop\/cs\/wp-json\/wp\/v2\/media\/6269"}],"wp:attachment":[{"href":"https:\/\/france-gastronomie.shop\/cs\/wp-json\/wp\/v2\/media?parent=6182"}],"wp:term":[{"taxonomy":"product_brand","embeddable":true,"href":"https:\/\/france-gastronomie.shop\/cs\/wp-json\/wp\/v2\/product_brand?post=6182"},{"taxonomy":"product_cat","embeddable":true,"href":"https:\/\/france-gastronomie.shop\/cs\/wp-json\/wp\/v2\/product_cat?post=6182"},{"taxonomy":"product_tag","embeddable":true,"href":"https:\/\/france-gastronomie.shop\/cs\/wp-json\/wp\/v2\/product_tag?post=6182"}],"curies":[{"name":"wp","href":"https:\/\/api.w.org\/{rel}","templated":true}]}}