{"id":6181,"date":"2020-11-09T09:50:30","date_gmt":"2020-11-09T09:50:30","guid":{"rendered":"https:\/\/france-gastronomie.shop\/produit\/dzem-z-cerneho-rybizu-bio\/"},"modified":"2025-12-22T06:54:32","modified_gmt":"2025-12-22T05:54:32","slug":"dzem-z-cerneho-rybizu-bio","status":"publish","type":"product","link":"https:\/\/france-gastronomie.shop\/cs\/produit\/dzem-z-cerneho-rybizu-bio\/","title":{"rendered":"\u010cern\u00fd ryb\u00edz <br\/> d\u017eem"},"content":{"rendered":"<h5>D\u017eem z \u010dern\u00e9ho ryb\u00edzu BIO<\/h5>\n<h5>BIOLOKLOCK<\/h5>\n<p>N\u00e1\u0161 d\u017eem, p\u0159ipraven\u00fd z francouzsk\u00e9ho \u010dern\u00e9ho ryb\u00edzu, ohrom\u00ed va\u0161e chu\u0165ov\u00e9 poh\u00e1rky d\u00edky sv\u00e9 kyselkav\u00e9 chuti.<\/p>\n<p>Tento chutn\u00fd d\u017eem je zabalen v elegantn\u00ed 230g recyklovateln\u00e9 sklenici.<br \/>\nN\u00e1\u0161 organick\u00fd d\u017eem z \u010dern\u00e9ho ryb\u00edzu v\u00e1s nikdy nezklame. Je v\u00fdborn\u00fd na chlebu s m\u00e1slem, ope\u010den\u00e9m toastu, v pala\u010dince, vafle, jogurtu, tvarohu&#8230; nebo jako p\u0159\u00edloha k va\u0161im slan\u00fdm pokrm\u016fm.<br \/>\nV\u0161echny na\u0161e d\u017eemy jsou p\u0159ipravov\u00e1ny postaru, v mal\u00e9m mno\u017estv\u00ed, nad\u0161enci ekologick\u00e9ho zem\u011bd\u011blstv\u00ed, respektu k \u017eivotn\u00edmu prost\u0159ed\u00ed a zdrav\u00ed; rodinn\u00e9 d\u011bdictv\u00ed je p\u0159ed\u00e1van\u00e9 z generace na generaci.<\/p>\n<p>V\u00fdhody<br \/>\nJeho \u0161tiplav\u00e1, velmi aromatick\u00e1 chu\u0165 umo\u017e\u0148uje pou\u017eit\u00ed \u010dern\u00e9ho ryb\u00edzu se sladk\u00fdm i slan\u00fdm. M\u016f\u017eete jej nekone\u010dn\u011b kombinovat a dos\u00e1hnout tak velmi rafinovan\u00fdch jemn\u00fdch pokrm\u016f.<br \/>\n\u010cern\u00fd ryb\u00edz je bohat\u00fd na vitam\u00edny C a E, antioxidanty, vl\u00e1kninu, miner\u00e1ly.<br \/>\n(Tyto ctnosti, kter\u00e9 se p\u0159ipisuj\u00ed ka\u017ed\u00e9mu z t\u011bchto druh\u016f ovoce, jsou uzn\u00e1v\u00e1ny po cel\u00e9 generace, ale nemohou nahradit l\u00e9\u010dbu p\u0159edepsanou zdravotn\u00edkem).<br \/>\nV 18. stolet\u00ed byl \u010dern\u00fd ryb\u00edz pova\u017eov\u00e1n za opravdov\u00fd v\u0161el\u00e9k, kter\u00fd l\u00e9\u010dil lidi a zv\u00ed\u0159ata z mnoha onemocn\u011bn\u00ed.<\/p>\n<p>Slo\u017een\u00ed<br \/>\n\u010cern\u00fd ryb\u00edz * 60,6%, sv\u011btl\u00fd t\u0159tinov\u00fd cukr (fair-trade)* 39,4%. * Ingredience z ekologick\u00e9ho zem\u011bd\u011blstv\u00ed.<br \/>\nP\u0159id\u00e1v\u00e1me pouze nezbytn\u00fd BIO cukr po\u017eadovan\u00fd francouzsk\u00fdmi pr\u00e1vn\u00edmi p\u0159edpisy, tj. alespo\u0148 55% celkov\u00e9ho cukru (v\u010detn\u011b ovocn\u00e9ho cukru).<br \/>\nV jin\u00e9m p\u0159\u00edpad\u011b se nejedn\u00e1 o d\u017eem. V\u011bt\u0161inu d\u017eem\u016f p\u0159ipravujeme s maximem ovoce: 55 &#8211; 65%.<br \/>\n\u017d\u00e1dn\u00fd pektin. \u017d\u00e1dn\u00e1 \u017eelatina\u010dn\u00ed p\u0159\u00edsada. \u017d\u00e1dn\u00e9 jin\u00e9 p\u0159\u00edsady. N\u00e1\u0161 d\u017eem z \u010dern\u00e9ho ryb\u00edzu je p\u0159ipraven z 60,6 g ovoce na 100 g hotov\u00e9ho produktu.<br \/>\nCelkov\u00fd obsah cukru cca. 56 g &#8211; 100 g.<\/p>\n<p>Skladov\u00e1n\u00ed<br \/>\nPo otev\u0159en\u00ed uchov\u00e1vejte v chladu.<\/p>\n<p>Nutri\u010dn\u00ed hodnoty<\/p>\n<table width=\"541\">\n<tbody>\n<tr>\n<td width=\"235\">Energie (kcal)<\/td>\n<td width=\"306\">246,5<\/td>\n<\/tr>\n<tr>\n<td>Energie (kJ)<\/td>\n<td>1044,8<\/td>\n<\/tr>\n<tr>\n<td>Tuky<\/td>\n<td>0,4 g<\/td>\n<\/tr>\n<tr>\n<td>nasycen\u00e9 mastn\u00e9 kyseliny<\/td>\n<td>0,1 g<\/td>\n<\/tr>\n<tr>\n<td>Sacharidy<\/td>\n<td>56 g<\/td>\n<\/tr>\n<tr>\n<td>z toho cukry<\/td>\n<td>53,2 g<\/td>\n<\/tr>\n<tr>\n<td>Vl\u00e1knina<\/td>\n<td>5,8 g<\/td>\n<\/tr>\n<tr>\n<td>Proteiny<\/td>\n<td>0,7 g<\/td>\n<\/tr>\n<tr>\n<td>S\u016fl<\/td>\n<td>0 g<\/td>\n<\/tr>\n<\/tbody>\n<\/table>\n","protected":false},"excerpt":{"rendered":"<h5>BIOLOKLOCK<\/h5>\n<p>Bioloklock je rodinn\u00e1 \u0159emesln\u00e1 firma, jej\u00ed\u017e kvalitn\u00ed produkty jsou v\u00fdsledkem dlouhodob\u00e9ho zapojen\u00ed rodiny do ekologick\u00e9ho zem\u011bd\u011blstv\u00ed, a to ji\u017e od po\u010d\u00e1tku 60. let.<\/p>\n","protected":false},"featured_media":3623,"comment_status":"open","ping_status":"closed","template":"","meta":[],"product_brand":[],"product_cat":[585,441,384],"product_tag":[],"class_list":{"0":"post-6181","1":"product","2":"type-product","3":"status-publish","4":"has-post-thumbnail","6":"product_cat-dzemy","7":"product_cat-potraviny","8":"product_cat-bio-cs","10":"first","11":"instock","12":"taxable","13":"shipping-taxable","14":"purchasable","15":"product-type-simple"},"jetpack_sharing_enabled":true,"_links":{"self":[{"href":"https:\/\/france-gastronomie.shop\/cs\/wp-json\/wp\/v2\/product\/6181","targetHints":{"allow":["GET"]}}],"collection":[{"href":"https:\/\/france-gastronomie.shop\/cs\/wp-json\/wp\/v2\/product"}],"about":[{"href":"https:\/\/france-gastronomie.shop\/cs\/wp-json\/wp\/v2\/types\/product"}],"replies":[{"embeddable":true,"href":"https:\/\/france-gastronomie.shop\/cs\/wp-json\/wp\/v2\/comments?post=6181"}],"wp:featuredmedia":[{"embeddable":true,"href":"https:\/\/france-gastronomie.shop\/cs\/wp-json\/wp\/v2\/media\/3623"}],"wp:attachment":[{"href":"https:\/\/france-gastronomie.shop\/cs\/wp-json\/wp\/v2\/media?parent=6181"}],"wp:term":[{"taxonomy":"product_brand","embeddable":true,"href":"https:\/\/france-gastronomie.shop\/cs\/wp-json\/wp\/v2\/product_brand?post=6181"},{"taxonomy":"product_cat","embeddable":true,"href":"https:\/\/france-gastronomie.shop\/cs\/wp-json\/wp\/v2\/product_cat?post=6181"},{"taxonomy":"product_tag","embeddable":true,"href":"https:\/\/france-gastronomie.shop\/cs\/wp-json\/wp\/v2\/product_tag?post=6181"}],"curies":[{"name":"wp","href":"https:\/\/api.w.org\/{rel}","templated":true}]}}