{"id":6038,"date":"2021-02-02T07:36:18","date_gmt":"2021-02-02T07:36:18","guid":{"rendered":"https:\/\/france-gastronomie.shop\/produit\/gurmanska-priloha-k-salatu\/"},"modified":"2026-02-04T10:14:33","modified_gmt":"2026-02-04T09:14:33","slug":"gurmanska-priloha-k-salatu","status":"publish","type":"product","link":"https:\/\/france-gastronomie.shop\/cs\/produit\/gurmanska-priloha-k-salatu\/","title":{"rendered":"Gurm\u00e1nsk\u00e1 p\u0159\u00edloha do sal\u00e1tu"},"content":{"rendered":"<h5>Gurm\u00e1nsk\u00e1 p\u0159\u00edloha do sal\u00e1tu<br \/>\nCastaing Foie Gras<\/h5>\n<p>Vyrobeno v souladu s recepty na\u0161ich babi\u010dek, tradi\u010dn\u00edmi metodami s pou\u017eit\u00edm nejlep\u0161\u00edch m\u00edstn\u00edch surovin.<br \/>\nTyto speciality jsou ide\u00e1ln\u00ed pro p\u0159\u00edpravu dokonal\u00fdch p\u0159edkrm\u016f, labu\u017enick\u00fdch nebo venkovsk\u00fdch sal\u00e1t\u016f a uzeninov\u00fdch tal\u00ed\u0159\u016f.<\/p>\n<p>Slo\u017een\u00ed<br \/>\nSlune\u010dnicov\u00fd olej, konfitovan\u00e9 kachn\u00ed \u017ealudky, kachn\u00ed klob\u00e1sy (kachn\u00ed maso, vep\u0159ov\u00fd tuk, s\u016fl, b\u00edl\u00fd dr\u016fbe\u017e\u00ed v\u00fdvar (s\u016fl, aromata, bramborov\u00fd \u0161krob, ku\u0159ec\u00ed tuk, aromatick\u00e9 bylinky, bramborov\u00fd maltodextrin, gluk\u00f3zov\u00fd sirup, ko\u0159en\u00ed, dehydrovan\u00e9 ku\u0159e, antioxidant: extrakt z rozmar\u00fdnu), b\u00edl\u00e9 v\u00edno, ko\u0159en\u00ed, cukr, konzerva\u010dn\u00ed l\u00e1tka: dusitan sodn\u00fd), kachn\u00ed maso, kachn\u00ed srdce, cibule, s\u016fl, piniov\u00e9 o\u0159\u00ed\u0161ky, \u010desnek, pep\u0159.<\/p>\n<p>Alergeny<br \/>\nNe<\/p>\n<p>GMO<br \/>\nNe<\/p>\n<p>Balen\u00ed<br \/>\nSklenice<\/p>\n<p>Hmotnost<br \/>\n180 g<\/p>\n<p>Skladov\u00e1n\u00ed<br \/>\nSkladovat na chladn\u00e9m a such\u00e9m m\u00edst\u011b.<\/p>\n<p>Nutri\u010dn\u00ed hodnoty<\/p>\n<table width=\"246\">\n<tbody>\n<tr>\n<td width=\"166\">Energie\/100g kJ<\/td>\n<td width=\"80\">2600<\/td>\n<\/tr>\n<tr>\n<td>Energie\/100g kcal<\/td>\n<td>479<\/td>\n<\/tr>\n<tr>\n<td>Matieres grasses<\/td>\n<td>47g<\/td>\n<\/tr>\n<tr>\n<td>dont acides gras satur\u00e9s<\/td>\n<td>6,1g<\/td>\n<\/tr>\n<tr>\n<td>Glucides<\/td>\n<td>1,1g<\/td>\n<\/tr>\n<tr>\n<td>dont sucres<\/td>\n<td>&lt;0,5g<\/td>\n<\/tr>\n<tr>\n<td>Proteines<\/td>\n<td>11g<\/td>\n<\/tr>\n<tr>\n<td>Sel<\/td>\n<td>1,7g<\/td>\n<\/tr>\n<\/tbody>\n<\/table>\n","protected":false},"excerpt":{"rendered":"<h5>Castaing Foie Gras<\/h5>\n<p>CASTAING FOIE-GRAS pou\u017e\u00edv\u00e1 nejlep\u0161\u00ed kachnu na foie gras, kachnu<br \/>\nMULARD, vyzna\u010duje se velk\u00fdm t\u011blesn\u00fdm r\u00e1mcem, a mohutn\u00fdmi j\u00e1try.<br \/>\nKachny jsou chovan\u00e9 tradi\u010dn\u00edm zp\u016fsobem pod \u0161ir\u00fdm nebem<br \/>\na krmen\u00e9 100% p\u0159\u00edrodn\u011b na mal\u00fdch venkovsk\u00fdch farm\u00e1ch.<br \/>\nNa\u0161i chovatel\u00e9 striktn\u011b dodr\u017euj\u00ed specifikace pro farm\u00e1\u0159skou kachnu<br \/>\n&#8222;Label Rouge &#8211; LANDES&#8220;.<br \/>\nV ka\u017ed\u00e9m na\u0161em v\u00fdrobku p\u0159ed\u00e1v\u00e1me know-how na\u0161ich p\u0159edk\u016f,<br \/>\nobohacen\u00e9 v\u00fdvojem technologie a chut\u00ed.<\/p>\n","protected":false},"featured_media":21177,"comment_status":"open","ping_status":"closed","template":"","meta":[],"product_brand":[],"product_cat":[441],"product_tag":[],"class_list":{"0":"post-6038","1":"product","2":"type-product","3":"status-publish","4":"has-post-thumbnail","6":"product_cat-potraviny","8":"first","9":"instock","10":"taxable","11":"shipping-taxable","12":"purchasable","13":"product-type-simple"},"jetpack_sharing_enabled":true,"_links":{"self":[{"href":"https:\/\/france-gastronomie.shop\/cs\/wp-json\/wp\/v2\/product\/6038","targetHints":{"allow":["GET"]}}],"collection":[{"href":"https:\/\/france-gastronomie.shop\/cs\/wp-json\/wp\/v2\/product"}],"about":[{"href":"https:\/\/france-gastronomie.shop\/cs\/wp-json\/wp\/v2\/types\/product"}],"replies":[{"embeddable":true,"href":"https:\/\/france-gastronomie.shop\/cs\/wp-json\/wp\/v2\/comments?post=6038"}],"wp:featuredmedia":[{"embeddable":true,"href":"https:\/\/france-gastronomie.shop\/cs\/wp-json\/wp\/v2\/media\/21177"}],"wp:attachment":[{"href":"https:\/\/france-gastronomie.shop\/cs\/wp-json\/wp\/v2\/media?parent=6038"}],"wp:term":[{"taxonomy":"product_brand","embeddable":true,"href":"https:\/\/france-gastronomie.shop\/cs\/wp-json\/wp\/v2\/product_brand?post=6038"},{"taxonomy":"product_cat","embeddable":true,"href":"https:\/\/france-gastronomie.shop\/cs\/wp-json\/wp\/v2\/product_cat?post=6038"},{"taxonomy":"product_tag","embeddable":true,"href":"https:\/\/france-gastronomie.shop\/cs\/wp-json\/wp\/v2\/product_tag?post=6038"}],"curies":[{"name":"wp","href":"https:\/\/api.w.org\/{rel}","templated":true}]}}