{"id":5971,"date":"2021-01-25T12:16:53","date_gmt":"2021-01-25T12:16:53","guid":{"rendered":"https:\/\/france-gastronomie.shop\/produit\/pinot-noir-weid\/"},"modified":"2024-05-22T09:18:59","modified_gmt":"2024-05-22T09:18:59","slug":"pinot-noir-weid","status":"publish","type":"product","link":"https:\/\/france-gastronomie.shop\/cs\/produit\/pinot-noir-weid\/","title":{"rendered":"Pinot Noir Weid <br\/> Grand Vin d&#8217;Alsace"},"content":{"rendered":"<h5>Pinot Noir Weid<br \/>\nAppellation Alsace Contr\u00f4l\u00e9e<\/h5>\n<h5>Lucien Albrecht od 1968<\/h5>\n<p>Tento Pinot Noir Weid poch\u00e1z\u00ed z r\u00e9vy s n\u00edzk\u00fdm v\u00fdnosem a je charakteristick\u00fd del\u0161\u00ed fermentac\u00ed a st\u00e1rnut\u00edm v dubov\u00fdch sudech.<\/p>\n<p>Degustace<br \/>\nIntenzivn\u00ed v\u016fn\u011b s t\u00f3ny k\u016f\u017ee a t\u0159e\u0161\u0148ov\u00e9ho alkoholu. Chu\u0165 je jasn\u00e1 se strukturovan\u00fdmi a hedv\u00e1bn\u00fdmi taniny. Nach\u00e1z\u00edme p\u0159\u00edtomnost vytrval\u00fdch empyreumatick\u00fdch not.<\/p>\n<p>P\u00e1rov\u00e1n\u00ed j\u00eddla a v\u00edna<br \/>\nHod\u00ed se ke grilovan\u00fdm \u010derven\u00fdm mas\u016fm, pe\u010den\u00fdm nebo v om\u00e1\u010dce, kachn\u00edm prs\u016fm, zv\u011b\u0159in\u011b a s\u00fdr\u016fm.<\/p>\n","protected":false},"excerpt":{"rendered":"<h5>Lucien Albrecht &#8211; \u0161pi\u010dkov\u00e1 v\u00edna z Alsaska od 1968<\/h5>\n<p>Historie spole\u010dnosti Lucien Albrecht sah\u00e1 a\u017e do roku 1698, kdy se Balthazar Albrecht usadil v Orschwihru, ji\u017en\u011b od Colmaru (68), mal\u00e9 alsask\u00e9 vesnici s ide\u00e1ln\u00ed polohou pro p\u011bstov\u00e1n\u00ed vinn\u00e9 r\u00e9vy. Osm generac\u00ed, kter\u00e9 se vyst\u0159\u00eddaly na tomto v\u00fdjime\u010dn\u00e9m terroiru, s odhodl\u00e1n\u00edm a v\u00e1\u0161n\u00ed zpracov\u00e1valo tuto p\u016fdu a vytvo\u0159ilo jm\u00e9no a typi\u010dnost alsask\u00fdch v\u00edn, kter\u00e1 jsou p\u0159\u00edtomn\u00e1 a uzn\u00e1van\u00e1 i za oce\u00e1nem.<\/p>\n","protected":false},"featured_media":5968,"comment_status":"open","ping_status":"closed","template":"","meta":[],"product_brand":[],"product_cat":[383,394,395,398,385,388],"product_tag":[],"class_list":{"0":"post-5971","1":"product","2":"type-product","3":"status-publish","4":"has-post-thumbnail","6":"product_cat-vina","7":"product_cat-regiony","8":"product_cat-alsace-cs","9":"product_cat-pinot-noir-cs","10":"product_cat-barva","11":"product_cat-cervena-vina","13":"first","14":"outofstock","15":"taxable","16":"shipping-taxable","17":"purchasable","18":"product-type-simple"},"jetpack_sharing_enabled":true,"_links":{"self":[{"href":"https:\/\/france-gastronomie.shop\/cs\/wp-json\/wp\/v2\/product\/5971","targetHints":{"allow":["GET"]}}],"collection":[{"href":"https:\/\/france-gastronomie.shop\/cs\/wp-json\/wp\/v2\/product"}],"about":[{"href":"https:\/\/france-gastronomie.shop\/cs\/wp-json\/wp\/v2\/types\/product"}],"replies":[{"embeddable":true,"href":"https:\/\/france-gastronomie.shop\/cs\/wp-json\/wp\/v2\/comments?post=5971"}],"wp:featuredmedia":[{"embeddable":true,"href":"https:\/\/france-gastronomie.shop\/cs\/wp-json\/wp\/v2\/media\/5968"}],"wp:attachment":[{"href":"https:\/\/france-gastronomie.shop\/cs\/wp-json\/wp\/v2\/media?parent=5971"}],"wp:term":[{"taxonomy":"product_brand","embeddable":true,"href":"https:\/\/france-gastronomie.shop\/cs\/wp-json\/wp\/v2\/product_brand?post=5971"},{"taxonomy":"product_cat","embeddable":true,"href":"https:\/\/france-gastronomie.shop\/cs\/wp-json\/wp\/v2\/product_cat?post=5971"},{"taxonomy":"product_tag","embeddable":true,"href":"https:\/\/france-gastronomie.shop\/cs\/wp-json\/wp\/v2\/product_tag?post=5971"}],"curies":[{"name":"wp","href":"https:\/\/api.w.org\/{rel}","templated":true}]}}