{"id":5964,"date":"2021-01-25T11:58:49","date_gmt":"2021-01-25T11:58:49","guid":{"rendered":"https:\/\/france-gastronomie.shop\/produit\/le-riesling-grand-cru-spiegel\/"},"modified":"2024-11-18T07:45:17","modified_gmt":"2024-11-18T07:45:17","slug":"le-riesling-grand-cru-spiegel","status":"publish","type":"product","link":"https:\/\/france-gastronomie.shop\/cs\/produit\/le-riesling-grand-cru-spiegel\/","title":{"rendered":"Le Riesling <br\/> Grand Cru Spiegel"},"content":{"rendered":"<h5>Le Riesling &#8211; Spiegel<br \/>\nAlsace Grand Cru<\/h5>\n<h5>Lucien Albrecht od 1968<\/h5>\n<p>Grand Cru Spiegel se nach\u00e1z\u00ed na st\u0159edn\u00edm svahu mezi Guebwillerem a Bergholtzem, ji\u017en\u011b od Alsask\u00e9 vina\u0159sk\u00e9 cesty a m\u00e1 p\u00eds\u010dito-hlinit\u00e9 p\u016fdy pokryt\u00e9 p\u00edskovcov\u00fdmi obl\u00e1zky. Reputace v\u00edna Grand Cru Spiegel sah\u00e1 a\u017e do 50. let, kdy vina\u0159i zavedli listiny kvality a p\u0159esn\u00e9 vlastnosti, d\u00edky nim\u017e dnes vyr\u00e1b\u011bj\u00ed origin\u00e1ln\u00ed v\u00edna charakterizovan\u00e1 trval\u00fdm aroma, n\u011bkdy robustn\u00edm, v z\u00e1vislosti na odr\u016fd\u011b.<\/p>\n<p>Vinifikace<br \/>\nPro v\u00fdrobu na\u0161ich Grands Crus pou\u017e\u00edv\u00e1me dokonale zral\u00e9 a zdrav\u00e9 hrozny z pe\u010dliv\u011b vybran\u00fdch vinic.<br \/>\nV\u00fdnosy jsou n\u00edzk\u00e9 a vinice jsou obvykle os\u00e1zeny starou vinnou r\u00e9vou.<br \/>\nU t\u011bchto v\u00edn up\u0159ednost\u0148ujeme terroir se v\u0161emi parametry, kter\u00e9 ovliv\u0148uj\u00ed jeho v\u016fn\u011b, slo\u017een\u00ed a typick\u00e9 chut\u011b.<\/p>\n<p>Ro\u010dn\u00edk 2017<br \/>\nI kdy\u017e byly v\u00fdnosy nejni\u017e\u0161\u00ed za posledn\u00edch 30 let, dobr\u00e9 pov\u011btrnostn\u00ed podm\u00ednky p\u0159isp\u011bly v roce 2017 k velmi dobr\u00e9 kvalit\u011b.<br \/>\nDobr\u00e1 \u00farove\u0148 kyselosti, dobr\u00e1 aromatick\u00e1 rovnov\u00e1ha a dobr\u00e1 zralost. Ro\u010dn\u00edk 2017 bude srovnateln\u00fd s nejv\u011bt\u0161\u00edmi ro\u010dn\u00edky.<\/p>\n<p>Degustace<br \/>\nSv\u011btle \u017elut\u00e1 barva se st\u0159\u00edbrn\u00fdmi odlesky, jemn\u00e1 a miner\u00e1ln\u00ed v\u016fn\u011b s t\u00f3ny b\u00edl\u00fdch kv\u011bt\u016f. Chu\u0165 je sv\u011b\u017e\u00ed a pikantn\u00ed, s kr\u00e1snou d\u00e9lkou s n\u00e1znakem m\u00e1ty peprn\u00e9<br \/>\nTeplota pod\u00e1v\u00e1n\u00ed: 8-10 \u00b0 C<br \/>\nM\u016f\u017ee se vyp\u00edt hned, nebo uchov\u00e1vat 3 a\u017e 5 let<\/p>\n<p>P\u00e1rov\u00e1n\u00ed j\u00eddla a v\u00edna<br \/>\nDelik\u00e1tn\u00ed aroma Rizlingu n\u00e1dhern\u011b lad\u00ed se syrov\u00fdmi nebo grilovan\u00fdmi rybami, pe\u010denou dr\u016fbe\u017e\u00ed.<\/p>\n<p>Anal\u00fdza<br \/>\nAlkohol: 12,9 % alk.\/obj.<br \/>\nZbytkov\u00fd cukr: 4,9 g\/l<br \/>\nCelkov\u00e1 kyselost: 3,95 g\/l<\/p>\n<p>Ocen\u011bn\u00ed<br \/>\nSt\u0159\u00edbrn\u00e1 medaile Mundus Vini &#8211; jaro 2019<br \/>\nSt\u0159\u00edbrn\u00e1 medaile International Wine Challenge 2019<\/p>\n","protected":false},"excerpt":{"rendered":"<h5>Lucien Albrecht &#8211; \u0161pi\u010dkov\u00e1 v\u00edna z Alsaska od 1968<\/h5>\n<p>Historie spole\u010dnosti Lucien Albrecht sah\u00e1 a\u017e do roku 1698, kdy se Balthazar Albrecht usadil v Orschwihru, ji\u017en\u011b od Colmaru (68), mal\u00e9 alsask\u00e9 vesnici s ide\u00e1ln\u00ed polohou pro p\u011bstov\u00e1n\u00ed vinn\u00e9 r\u00e9vy. Osm generac\u00ed, kter\u00e9 se vyst\u0159\u00eddaly na tomto v\u00fdjime\u010dn\u00e9m terroiru, s odhodl\u00e1n\u00edm a v\u00e1\u0161n\u00ed zpracov\u00e1valo tuto p\u016fdu a vytvo\u0159ilo jm\u00e9no a typi\u010dnost alsask\u00fdch v\u00edn, kter\u00e1 jsou p\u0159\u00edtomn\u00e1 a uzn\u00e1van\u00e1 i za oce\u00e1nem.<\/p>\n","protected":false},"featured_media":5961,"comment_status":"open","ping_status":"closed","template":"","meta":[],"product_brand":[],"product_cat":[383,389,394,395,402,385,386],"product_tag":[],"class_list":{"0":"post-5964","1":"product","2":"type-product","3":"status-publish","4":"has-post-thumbnail","6":"product_cat-vina","7":"product_cat-spickova-vina","8":"product_cat-regiony","9":"product_cat-alsace-cs","10":"product_cat-rielsing-cs","11":"product_cat-barva","12":"product_cat-bila-vina","14":"first","15":"outofstock","16":"taxable","17":"shipping-taxable","18":"purchasable","19":"product-type-simple"},"jetpack_sharing_enabled":true,"_links":{"self":[{"href":"https:\/\/france-gastronomie.shop\/cs\/wp-json\/wp\/v2\/product\/5964","targetHints":{"allow":["GET"]}}],"collection":[{"href":"https:\/\/france-gastronomie.shop\/cs\/wp-json\/wp\/v2\/product"}],"about":[{"href":"https:\/\/france-gastronomie.shop\/cs\/wp-json\/wp\/v2\/types\/product"}],"replies":[{"embeddable":true,"href":"https:\/\/france-gastronomie.shop\/cs\/wp-json\/wp\/v2\/comments?post=5964"}],"wp:featuredmedia":[{"embeddable":true,"href":"https:\/\/france-gastronomie.shop\/cs\/wp-json\/wp\/v2\/media\/5961"}],"wp:attachment":[{"href":"https:\/\/france-gastronomie.shop\/cs\/wp-json\/wp\/v2\/media?parent=5964"}],"wp:term":[{"taxonomy":"product_brand","embeddable":true,"href":"https:\/\/france-gastronomie.shop\/cs\/wp-json\/wp\/v2\/product_brand?post=5964"},{"taxonomy":"product_cat","embeddable":true,"href":"https:\/\/france-gastronomie.shop\/cs\/wp-json\/wp\/v2\/product_cat?post=5964"},{"taxonomy":"product_tag","embeddable":true,"href":"https:\/\/france-gastronomie.shop\/cs\/wp-json\/wp\/v2\/product_tag?post=5964"}],"curies":[{"name":"wp","href":"https:\/\/api.w.org\/{rel}","templated":true}]}}