{"id":5830,"date":"2021-01-21T10:31:14","date_gmt":"2021-01-21T10:31:14","guid":{"rendered":"https:\/\/france-gastronomie.shop\/produit\/terina-s-jemnym-sampanskym\/"},"modified":"2026-02-04T13:00:21","modified_gmt":"2026-02-04T12:00:21","slug":"terina-s-jemnym-sampanskym","status":"publish","type":"product","link":"https:\/\/france-gastronomie.shop\/cs\/produit\/terina-s-jemnym-sampanskym\/","title":{"rendered":"Terina <br\/> s jemn\u00fdm \u0161ampa\u0148sk\u00fdm"},"content":{"rendered":"<h5>Terina s jemn\u00fdm \u0161ampa\u0148sk\u00fdm<\/h5>\n<h5>ROGER VIDAL<\/h5>\n<p>\u010cist\u00e1 hmotnost<br \/>\n180 g<\/p>\n<p>Slo\u017een\u00ed<br \/>\nVep\u0159ov\u00e9 maso, vep\u0159ov\u00e1 j\u00e1tra, vejce, jemn\u00e9 \u0161ampa\u0148sk\u00e9 (ko\u0148ak) 3%, s\u016fl, su\u0161en\u00e1 cibule, pep\u0159.<\/p>\n<p>Skladov\u00e1n\u00ed<br \/>\nSkladujte p\u0159i pokojov\u00e9 teplot\u011b. Po otev\u0159en\u00ed m\u016f\u017eete uchov\u00e1vat v lednici po dobu 2 dn\u016f.<\/p>\n<p>GMO<br \/>\nNe<\/p>\n<p>Alergeny<br \/>\nVejce<\/p>\n<p>Nutri\u010dn\u00ed hodnoty<\/p>\n<table width=\"327\">\n<tbody>\n<tr>\n<td width=\"151\">Pr\u016fm. energetick\u00e1 hodnota na 100g<\/td>\n<td width=\"176\">432 Kcal<br \/>\n(1780 kj)<\/td>\n<\/tr>\n<tr>\n<td>Tuky<\/td>\n<td>42g<\/td>\n<\/tr>\n<tr>\n<td>Nasycen\u00e9 mastn\u00e9 kyseliny<\/td>\n<td>15g<\/td>\n<\/tr>\n<tr>\n<td>Sacharidy<\/td>\n<td>0,9g<\/td>\n<\/tr>\n<tr>\n<td>Cukry<\/td>\n<td>&lt;0,5g<\/td>\n<\/tr>\n<tr>\n<td>Proteiny<\/td>\n<td>11g<\/td>\n<\/tr>\n<tr>\n<td>S\u016fl<\/td>\n<td>1,6g<\/td>\n<\/tr>\n<\/tbody>\n<\/table>\n","protected":false},"excerpt":{"rendered":"<h5>ROGER VIDAL<\/h5>\n<p>Roger Vidal je rodinn\u00fd podnik se s\u00eddlem na jihu Aveyronu.<br \/>\nRespektuje tradi\u010dn\u00ed v\u00fdrobu &#8222;postaru&#8220; a vkl\u00e1d\u00e1 ve\u0161ker\u00e9 sv\u00e9 zku\u0161enosti do p\u0159\u00edpravy sv\u00fdch pa\u0161tik a terin.<br \/>\nRoger Vidal vyr\u00e1b\u00ed labu\u017enick\u00e9 v\u00fdrobky ji\u017e v\u00edce ne\u017e \u010dty\u0159icet let!<\/p>\n","protected":false},"featured_media":14051,"comment_status":"open","ping_status":"closed","template":"","meta":[],"product_brand":[],"product_cat":[594,441],"product_tag":[],"class_list":{"0":"post-5830","1":"product","2":"type-product","3":"status-publish","4":"has-post-thumbnail","6":"product_cat-teriny","7":"product_cat-potraviny","9":"first","10":"instock","11":"taxable","12":"shipping-taxable","13":"purchasable","14":"product-type-simple"},"jetpack_sharing_enabled":true,"_links":{"self":[{"href":"https:\/\/france-gastronomie.shop\/cs\/wp-json\/wp\/v2\/product\/5830","targetHints":{"allow":["GET"]}}],"collection":[{"href":"https:\/\/france-gastronomie.shop\/cs\/wp-json\/wp\/v2\/product"}],"about":[{"href":"https:\/\/france-gastronomie.shop\/cs\/wp-json\/wp\/v2\/types\/product"}],"replies":[{"embeddable":true,"href":"https:\/\/france-gastronomie.shop\/cs\/wp-json\/wp\/v2\/comments?post=5830"}],"wp:featuredmedia":[{"embeddable":true,"href":"https:\/\/france-gastronomie.shop\/cs\/wp-json\/wp\/v2\/media\/14051"}],"wp:attachment":[{"href":"https:\/\/france-gastronomie.shop\/cs\/wp-json\/wp\/v2\/media?parent=5830"}],"wp:term":[{"taxonomy":"product_brand","embeddable":true,"href":"https:\/\/france-gastronomie.shop\/cs\/wp-json\/wp\/v2\/product_brand?post=5830"},{"taxonomy":"product_cat","embeddable":true,"href":"https:\/\/france-gastronomie.shop\/cs\/wp-json\/wp\/v2\/product_cat?post=5830"},{"taxonomy":"product_tag","embeddable":true,"href":"https:\/\/france-gastronomie.shop\/cs\/wp-json\/wp\/v2\/product_tag?post=5830"}],"curies":[{"name":"wp","href":"https:\/\/api.w.org\/{rel}","templated":true}]}}