{"id":5459,"date":"2021-01-12T06:50:20","date_gmt":"2021-01-12T06:50:20","guid":{"rendered":"https:\/\/france-gastronomie.shop\/produit\/box-rybi-polevka-omacka-rouille-krutony\/"},"modified":"2026-02-04T14:08:30","modified_gmt":"2026-02-04T13:08:30","slug":"box-rybi-polevka-omacka-rouille-krutony","status":"publish","type":"product","link":"https:\/\/france-gastronomie.shop\/cs\/produit\/box-rybi-polevka-omacka-rouille-krutony\/","title":{"rendered":"Box Ryb\u00ed pol\u00e9vka <br\/> om\u00e1\u010dka Rouille &#038; Krutony"},"content":{"rendered":"<h5>Box P<strong>ol\u00e9vka z Pob\u0159e\u017en\u00edch Ryb,<\/strong> om\u00e1\u010dka Rouille, Krutony<br \/>\nLes Belles de Marseille<\/h5>\n<p>Rady k pou\u017eit\u00ed<br \/>\n<strong>Pol\u00e9vka z pob\u0159e\u017en\u00edch ryb:<\/strong> Jemn\u011b oh\u0159\u00e1t v kastrolu, nesm\u00ed va\u0159it. M\u016f\u017eete si uva\u0159it, \u0161pagety nebo t\u011bstovinovou pol\u00e9vku v tomto lahodn\u00e9m v\u00fdvaru nebo nal\u00edt hork\u00fd v\u00fdvar na krutony pot\u0159en\u00e9 \u010desnekem a rouille.<br \/>\n<strong>Rouille:<\/strong> krutony pot\u0159en\u00e9 \u010desnekem p\u0159elijeme om\u00e1\u010dkou a j\u00edme jako aperitiv.<br \/>\n<strong>Krutony:<\/strong> Konzumujte tak, jak jsou, jako p\u0159\u00edloha k ryb\u00ed pol\u00e9vce.<\/p>\n<p>Tipy pro skladov\u00e1n\u00ed<br \/>\nP\u0159ed otev\u0159en\u00edm skladovat p\u0159i pokojov\u00e9 teplot\u011b.<br \/>\nPo otev\u0159en\u00ed skladujte v chladu a rychle spot\u0159ebujte.<\/p>\n<p>Senzorick\u00e9 vlastnosti<br \/>\n<strong>Pol\u00e9vka z pob\u0159e\u017en\u00edch ryb:<\/strong> Pol\u00e9vka z ryb bez kousk\u016f, oran\u017eovo-hn\u011bd\u00e9 barvy. Z\u00e1pach a chu\u0165 charakteristick\u00e1 pro ryb\u00ed pol\u00e9vku.<br \/>\n<strong>Rouille:<\/strong> Pikantn\u00ed majon\u00e9za, bez kousk\u016f, oran\u017eov\u00e9 barvy.Z\u00e1pach a chu\u0165 charakteristick\u00e1 pro rouille.<\/p>\n<p>Slo\u017een\u00ed<br \/>\n<strong>Pol\u00e9vka z pob\u0159e\u017en\u00edch ryb<\/strong> &#8211; Voda, pob\u0159e\u017en\u00ed ryby 26,2%, zelenina (cibule, p\u00f3rek), raj\u010datov\u00fd koncentr\u00e1t, extra panensk\u00fd olivov\u00fd olej, \u0159epkov\u00fd olej, s\u016fl, modifikovan\u00fd kuku\u0159i\u010dn\u00fd \u0161krob, aromatick\u00e9 bylinky, ko\u0159en\u00ed se \u0161afr\u00e1nem.<br \/>\n<strong>Rouille:<\/strong>\u00a0Slune\u010dnicov\u00fd olej, voda, \u010desnek, raj\u010datov\u00fd koncentr\u00e1t, ho\u0159\u010dice, \u017eloutky, upraven\u00fd bramborov\u00fd \u0161krob, ml\u00e9\u010dn\u00e9 b\u00edlkoviny, s\u016fl, ko\u0159en\u00ed, ocet.<br \/>\n<strong>Krutony:<\/strong> P\u0161eni\u010dn\u00e1 mouka (p\u0161eni\u010dn\u00e1 mouka, lepek), sm\u011bs obilovin (\u017eito, je\u010dmen, kuku\u0159ice, oves, p\u0161enice, r\u00fd\u017ee, proso), slune\u010dnicov\u00fd olej, je\u010dmenn\u00fd sladov\u00fd v\u00fdta\u017eek, peka\u0159sk\u00e9 dro\u017ed\u00ed, s\u016fl, s\u00f3jov\u00e9 boby, len, emulg\u00e1tor: s\u00f3jov\u00fd lecitin, antioxidant: vitamin E.<\/p>\n<p>Alergeny<br \/>\nRyby, ho\u0159\u010dice, vejce, ml\u00e9\u010dn\u00e9 v\u00fdrobky, cere\u00e1ln\u00ed v\u00fdrobky, s\u00f3ja<\/p>\n<p>GMO<br \/>\nNe<\/p>\n<p>Ionizace<br \/>\nNe<\/p>\n<p>P\u0159idan\u00e9 barviva a konzervanty<br \/>\nNe<\/p>\n<p>Hmotnost<br \/>\n<strong>Pol\u00e9vka z pob\u0159e\u017en\u00edch ryb:<\/strong> 780 g<br \/>\n<strong>Rouille:<\/strong> 110 g<br \/>\n<strong>Krutony:<\/strong> 75 g<\/p>\n<p>Nutri\u010dn\u00ed hodnoty<\/p>\n<table width=\"716\">\n<tbody>\n<tr>\n<td width=\"179\"><\/td>\n<td width=\"179\"><strong>Ryb\u00ed pol\u00e9vka<\/strong><\/td>\n<td width=\"179\"><strong>Rouille<\/strong><\/td>\n<td width=\"179\"><strong>Krutony<\/strong><\/td>\n<\/tr>\n<tr>\n<td>Energ. hodnota (100g)<\/td>\n<td width=\"179\">153 kJ \/ 37 kcal<\/td>\n<td width=\"179\">1396 kJ \/ 338 kcal<\/td>\n<td width=\"179\">1648 kJ \/ 390 kcal<\/td>\n<\/tr>\n<tr>\n<td>Tuky<\/td>\n<td>2,6g<\/td>\n<td>33g<\/td>\n<td>5,3g<\/td>\n<\/tr>\n<tr>\n<td>nas. mastn\u00e9 kyseliny<\/td>\n<td>0,4g<\/td>\n<td>3,7g<\/td>\n<td>0,8g<\/td>\n<\/tr>\n<tr>\n<td>Sacharidy<\/td>\n<td>&lt;0,5g<\/td>\n<td>5,3g<\/td>\n<td>73g<\/td>\n<\/tr>\n<tr>\n<td>z toho cukry<\/td>\n<td>&lt;0,5g<\/td>\n<td>1,1g<\/td>\n<td>3,2g<\/td>\n<\/tr>\n<tr>\n<td>Proteiny<\/td>\n<td>3,1g<\/td>\n<td>3,6g<\/td>\n<td>13g<\/td>\n<\/tr>\n<tr>\n<td>S\u016fl<\/td>\n<td>0,83g<\/td>\n<td>2,1g<\/td>\n<td>1,8g<\/td>\n<\/tr>\n<\/tbody>\n<\/table>\n","protected":false},"excerpt":{"rendered":"<h5>Les Belles de Marseille<\/h5>\n<p>Bylo to v roce 1920, kdy za\u010dala \u201erodinn\u00e1 s\u00e1ga\u201c Ferrigno.<\/p>\n<p>Ryb\u00e1\u0159 ve St\u0159edomo\u0159\u00ed ji\u017e po t\u0159i generace, rybolov je pro n\u00e1s v\u00edce ne\u017e pr\u00e1ce, je to v\u00e1\u0161e\u0148.<br \/>\nAutentick\u00e1 chu\u0165 pro n\u00e1s nen\u00ed jen slogan, je pro n\u00e1s kl\u00ed\u010dov\u00e1&#8230;<\/p>\n<p>&nbsp;<\/p>\n","protected":false},"featured_media":14282,"comment_status":"open","ping_status":"closed","template":"","meta":[],"product_brand":[],"product_cat":[616,382],"product_tag":[],"class_list":{"0":"post-5459","1":"product","2":"type-product","3":"status-publish","4":"has-post-thumbnail","6":"product_cat-polevky-hotova-jidla","7":"product_cat-hotova-jidla","9":"first","10":"outofstock","11":"taxable","12":"shipping-taxable","13":"purchasable","14":"product-type-simple"},"jetpack_sharing_enabled":true,"_links":{"self":[{"href":"https:\/\/france-gastronomie.shop\/cs\/wp-json\/wp\/v2\/product\/5459","targetHints":{"allow":["GET"]}}],"collection":[{"href":"https:\/\/france-gastronomie.shop\/cs\/wp-json\/wp\/v2\/product"}],"about":[{"href":"https:\/\/france-gastronomie.shop\/cs\/wp-json\/wp\/v2\/types\/product"}],"replies":[{"embeddable":true,"href":"https:\/\/france-gastronomie.shop\/cs\/wp-json\/wp\/v2\/comments?post=5459"}],"wp:featuredmedia":[{"embeddable":true,"href":"https:\/\/france-gastronomie.shop\/cs\/wp-json\/wp\/v2\/media\/14282"}],"wp:attachment":[{"href":"https:\/\/france-gastronomie.shop\/cs\/wp-json\/wp\/v2\/media?parent=5459"}],"wp:term":[{"taxonomy":"product_brand","embeddable":true,"href":"https:\/\/france-gastronomie.shop\/cs\/wp-json\/wp\/v2\/product_brand?post=5459"},{"taxonomy":"product_cat","embeddable":true,"href":"https:\/\/france-gastronomie.shop\/cs\/wp-json\/wp\/v2\/product_cat?post=5459"},{"taxonomy":"product_tag","embeddable":true,"href":"https:\/\/france-gastronomie.shop\/cs\/wp-json\/wp\/v2\/product_tag?post=5459"}],"curies":[{"name":"wp","href":"https:\/\/api.w.org\/{rel}","templated":true}]}}