{"id":538,"date":"2020-08-03T11:06:30","date_gmt":"2020-08-03T11:06:30","guid":{"rendered":"https:\/\/france-gastronomie.shop\/?post_type=product&#038;p=538"},"modified":"2024-11-06T11:26:57","modified_gmt":"2024-11-06T11:26:57","slug":"chateau-cazeau-1560","status":"publish","type":"product","link":"https:\/\/france-gastronomie.shop\/cs\/produit\/chateau-cazeau-1560\/","title":{"rendered":"Ch\u00e2teau Cazeau <br\/> 1560"},"content":{"rendered":"<h5>Ch\u00e2teau Cazeau 1560<\/h5>\n<h5>AOC Vin de Bordeaux<\/h5>\n<p>P\u016eVOD<br \/>\nTento v\u00fdb\u011br byl vyroben v souvislosti s prvn\u00ed zm\u00ednkou o z\u00e1mku, datuj\u00edc\u00ed se 1560, a vzd\u00e1v\u00e1 poctu p\u011bti stolet\u00edm vina\u0159sk\u00e9 historie oblasti, kter\u00e1 p\u0159isp\u011bla k\u00a0vytvo\u0159en\u00ed sou\u010dasn\u00e9ho know-how.<\/p>\n<p>P\u011aSTOV\u00c1N\u00cd R\u00c9VY<br \/>\nUv\u00e1\u017eliv\u00e9 p\u011bstov\u00e1n\u00ed. Ru\u010dn\u00ed \u0159ez. P\u016fdy obohacen\u00e9 organick\u00fdmi hnojivy.<\/p>\n<p>VINIFIKACE<br \/>\nV\u00fdb\u011br hrozn\u016f podle pozemk\u016f mezi nejstar\u0161\u00edmi a nejkvalitn\u011bj\u0161\u00edmi.<br \/>\nOmezen\u00e9 v\u00fdnosy.<br \/>\nDlouhodob\u00e9 vyluhov\u00e1n\u00ed.<br \/>\nTradi\u010dn\u00ed vinifikace s \u0159\u00edzenou extrakc\u00ed a teplotou.<\/p>\n<p>ODR\u016eDY<br \/>\n50% Merlot, 30% Cabernet, Sauvignon, 20% Cabernet Sauvignon<\/p>\n<p>DEGUSTACE<br \/>\nCh\u00e2teau Cazeau 1560 vykazuje pr\u016fzra\u010dnou barvu s rub\u00ednov\u00fdmi odlesky.<br \/>\nN\u00e1stup je jemn\u00fd a p\u0159enech\u00e1v\u00e1 m\u00edsto elegantn\u00ed struktu\u0159e s p\u0159eva\u017euj\u00edc\u00edmi vanilkov\u00fdmi t\u00f3ny a protahuje se do dlouh\u00e9ho h\u0159ejiv\u00e9ho z\u00e1v\u011bru s aromaty f\u00edkov\u00e9 zava\u0159eniny.<\/p>\n<p>DOPORU\u010cEN\u00cd<br \/>\nCh\u00e2teau Cazeau 1560 lad\u00ed harmonicky s grilovan\u00fdmi \u010derven\u00fdmi masy, pe\u010denou dr\u016fbe\u017e\u00ed nebo s dezerty z \u010derven\u00e9ho ovoce.<\/p>\n<p>TEPLOTA 18\u00b0C<\/p>\n","protected":false},"excerpt":{"rendered":"<h5>AOC Vin de Bordeaux<\/h5>\n<p>Maison Le Star je realizac\u00ed snu a vyj\u00e1d\u0159en\u00edm v\u00e1\u0161n\u011b.<br \/>\nObklopeni t\u00fdmem profesion\u00e1l\u016f, enolog\u016f a sommelier\u016f, kte\u0159\u00ed zaru\u010duj\u00ed kvalitu n\u00e1mi vyr\u00e1b\u011bn\u00fdch a vybran\u00fdch v\u00edn, nab\u00edz\u00edme budouc\u00edm milovn\u00edk\u016fm a znalc\u016fm v\u00edna z cel\u00e9ho sv\u011bta kvalitn\u00ed francouzsk\u00e1 v\u00edna za odpov\u00eddaj\u00edc\u00ed cenu.<\/p>\n<p>ODR\u016eDY<br \/>\n50% Merlot, 30% Cabernet, Sauvignon, 20% Cabernet Sauvignon<\/p>\n","protected":false},"featured_media":8779,"comment_status":"closed","ping_status":"closed","template":"","meta":[],"product_brand":[],"product_cat":[383,394,400,419,385,388],"product_tag":[],"class_list":{"0":"post-538","1":"product","2":"type-product","3":"status-publish","4":"has-post-thumbnail","6":"product_cat-vina","7":"product_cat-regiony","8":"product_cat-bordeaux-cs","9":"product_cat-vins-de-bordeaux-cs","10":"product_cat-barva","11":"product_cat-cervena-vina","13":"first","14":"outofstock","15":"taxable","16":"shipping-taxable","17":"purchasable","18":"product-type-simple"},"jetpack_sharing_enabled":true,"_links":{"self":[{"href":"https:\/\/france-gastronomie.shop\/cs\/wp-json\/wp\/v2\/product\/538","targetHints":{"allow":["GET"]}}],"collection":[{"href":"https:\/\/france-gastronomie.shop\/cs\/wp-json\/wp\/v2\/product"}],"about":[{"href":"https:\/\/france-gastronomie.shop\/cs\/wp-json\/wp\/v2\/types\/product"}],"replies":[{"embeddable":true,"href":"https:\/\/france-gastronomie.shop\/cs\/wp-json\/wp\/v2\/comments?post=538"}],"wp:featuredmedia":[{"embeddable":true,"href":"https:\/\/france-gastronomie.shop\/cs\/wp-json\/wp\/v2\/media\/8779"}],"wp:attachment":[{"href":"https:\/\/france-gastronomie.shop\/cs\/wp-json\/wp\/v2\/media?parent=538"}],"wp:term":[{"taxonomy":"product_brand","embeddable":true,"href":"https:\/\/france-gastronomie.shop\/cs\/wp-json\/wp\/v2\/product_brand?post=538"},{"taxonomy":"product_cat","embeddable":true,"href":"https:\/\/france-gastronomie.shop\/cs\/wp-json\/wp\/v2\/product_cat?post=538"},{"taxonomy":"product_tag","embeddable":true,"href":"https:\/\/france-gastronomie.shop\/cs\/wp-json\/wp\/v2\/product_tag?post=538"}],"curies":[{"name":"wp","href":"https:\/\/api.w.org\/{rel}","templated":true}]}}