{"id":5378,"date":"2021-01-13T07:46:52","date_gmt":"2021-01-13T07:46:52","guid":{"rendered":"https:\/\/france-gastronomie.shop\/produit\/bouillabaisse\/"},"modified":"2026-02-04T14:07:17","modified_gmt":"2026-02-04T13:07:17","slug":"bouillabaisse","status":"publish","type":"product","link":"https:\/\/france-gastronomie.shop\/cs\/produit\/bouillabaisse\/","title":{"rendered":"Bujab\u00e9za <br\/> z Marseille"},"content":{"rendered":"<h5>Bujab\u00e9za<br \/>\nLes Belles de Marseille<\/h5>\n<p>Rady k degustaci<br \/>\nJemn\u011b oh\u0159\u00e1t v kastrolu, nesm\u00ed va\u0159it.<\/p>\n<p>Tipy pro skladov\u00e1n\u00ed<br \/>\nP\u0159ed otev\u0159en\u00edm skladovat p\u0159i pokojov\u00e9 teplot\u011b.<br \/>\nPo otev\u0159en\u00ed skladujte v chladu a rychle spot\u0159ebujte.<\/p>\n<p>Senzorick\u00e9 vlastnosti<br \/>\nPol\u00e9vka z ryb s kousky ryb, olihn\u011bmi a bramborami, oran\u017eov\u011b hn\u011bd\u00e9 barvy. Z\u00e1pach a chu\u0165 charakteristick\u00fd pro ryb\u00ed pol\u00e9vku.<\/p>\n<p>Slo\u017een\u00ed<br \/>\nV\u00fdvar 55%: voda, ryby 22%, zelenina (cibule, p\u00f3rek), raj\u010datov\u00fd koncentr\u00e1t, modifikovan\u00fd kuku\u0159i\u010dn\u00fd \u0161krob, extra panensk\u00fd olivov\u00fd olej, \u0159epkov\u00fd olej, s\u016fl, aromatick\u00e9 bylinky, ko\u0159en\u00ed se \u0161afr\u00e1nem.<br \/>\nObloha 45%: mo\u0159sk\u00fd \u00faho\u0159, Ostnatec jedovat\u00fd, brambory, mo\u0159sk\u00fd ocas, chobotnice.<br \/>\nRyby uloven\u00e9 ve St\u0159edozemn\u00edm mo\u0159i nebo v severov\u00fdchodn\u00edm Atlantiku. Chobotnice z Tich\u00e9ho oce\u00e1nu.<\/p>\n<p>Alergeny<br \/>\nRyby, m\u011bkk\u00fd\u0161i<\/p>\n<p>GMO<br \/>\nNe<\/p>\n<p>Ionizace<br \/>\nNe<\/p>\n<p>P\u0159idan\u00e9 barviva a konzervanty<br \/>\nNe<\/p>\n<p>Objem<br \/>\n850\/390 ml<\/p>\n<p>Nutri\u010dn\u00ed hodnoty<\/p>\n<table width=\"284\">\n<tbody>\n<tr>\n<td width=\"118\">Energetick\u00e1 hodnota (100g)<\/td>\n<td width=\"166\">303 kJ \/ 73 kcal<\/td>\n<\/tr>\n<tr>\n<td>Tuky<\/td>\n<td>3,1g<\/td>\n<\/tr>\n<tr>\n<td>nasycen\u00e9 mastn\u00e9 kyseliny<\/td>\n<td>0,8g<\/td>\n<\/tr>\n<tr>\n<td>Sacharidy<\/td>\n<td>&lt;0,5g<\/td>\n<\/tr>\n<tr>\n<td>z toho cukry<\/td>\n<td>&lt;0,5g<\/td>\n<\/tr>\n<tr>\n<td>Proteiny<\/td>\n<td>10g<\/td>\n<\/tr>\n<tr>\n<td>S\u016fl<\/td>\n<td>0,75g<\/td>\n<\/tr>\n<\/tbody>\n<\/table>\n","protected":false},"excerpt":{"rendered":"<h5>Les Belles de Marseille<\/h5>\n<p>Bylo to v roce 1920, kdy za\u010dala \u201erodinn\u00e1 s\u00e1ga\u201c Ferrigno.<\/p>\n<p>Ryb\u00e1\u0159 ve St\u0159edomo\u0159\u00ed ji\u017e po t\u0159i generace, rybolov je pro n\u00e1s v\u00edce ne\u017e pr\u00e1ce, je to v\u00e1\u0161e\u0148.<br \/>\nAutentick\u00e1 chu\u0165 pro n\u00e1s nen\u00ed jen slogan, je pro n\u00e1s kl\u00ed\u010dov\u00e1&#8230;<\/p>\n","protected":false},"featured_media":14301,"comment_status":"open","ping_status":"closed","template":"","meta":[],"product_brand":[],"product_cat":[616,441],"product_tag":[],"class_list":{"0":"post-5378","1":"product","2":"type-product","3":"status-publish","4":"has-post-thumbnail","6":"product_cat-polevky-hotova-jidla","7":"product_cat-potraviny","9":"first","10":"outofstock","11":"taxable","12":"shipping-taxable","13":"purchasable","14":"product-type-simple"},"jetpack_sharing_enabled":true,"_links":{"self":[{"href":"https:\/\/france-gastronomie.shop\/cs\/wp-json\/wp\/v2\/product\/5378","targetHints":{"allow":["GET"]}}],"collection":[{"href":"https:\/\/france-gastronomie.shop\/cs\/wp-json\/wp\/v2\/product"}],"about":[{"href":"https:\/\/france-gastronomie.shop\/cs\/wp-json\/wp\/v2\/types\/product"}],"replies":[{"embeddable":true,"href":"https:\/\/france-gastronomie.shop\/cs\/wp-json\/wp\/v2\/comments?post=5378"}],"wp:featuredmedia":[{"embeddable":true,"href":"https:\/\/france-gastronomie.shop\/cs\/wp-json\/wp\/v2\/media\/14301"}],"wp:attachment":[{"href":"https:\/\/france-gastronomie.shop\/cs\/wp-json\/wp\/v2\/media?parent=5378"}],"wp:term":[{"taxonomy":"product_brand","embeddable":true,"href":"https:\/\/france-gastronomie.shop\/cs\/wp-json\/wp\/v2\/product_brand?post=5378"},{"taxonomy":"product_cat","embeddable":true,"href":"https:\/\/france-gastronomie.shop\/cs\/wp-json\/wp\/v2\/product_cat?post=5378"},{"taxonomy":"product_tag","embeddable":true,"href":"https:\/\/france-gastronomie.shop\/cs\/wp-json\/wp\/v2\/product_tag?post=5378"}],"curies":[{"name":"wp","href":"https:\/\/api.w.org\/{rel}","templated":true}]}}