{"id":5350,"date":"2021-01-11T20:10:03","date_gmt":"2021-01-11T20:10:03","guid":{"rendered":"https:\/\/france-gastronomie.shop\/produit\/polevka-z-pobreznich-ryb\/"},"modified":"2026-02-04T14:08:47","modified_gmt":"2026-02-04T13:08:47","slug":"polevka-z-pobreznich-ryb","status":"publish","type":"product","link":"https:\/\/france-gastronomie.shop\/cs\/produit\/polevka-z-pobreznich-ryb\/","title":{"rendered":"Pol\u00e9vka z ryb <br\/> pob\u0159e\u017en\u00edch"},"content":{"rendered":"<h5>Pol\u00e9vka z Pob\u0159e\u017en\u00edch Ryb<br \/>\nLes Belles de Marseille<\/h5>\n<p>Tato pol\u00e9vka p\u0159ipraven\u00e1 podle tradi\u010dn\u00edho receptu se skl\u00e1d\u00e1 pouze z lisovan\u00fdch a nemlet\u00fdch ryb, d\u00edky nim\u017e je tak chutn\u00e1.<\/p>\n<p>Rady k pou\u017eit\u00ed<br \/>\nJemn\u011b oh\u0159\u00e1t v kastrolu, nesm\u00ed va\u0159it. M\u016f\u017eete si uva\u0159it, \u0161pagety nebo t\u011bstovinovou pol\u00e9vku v tomto lahodn\u00e9m v\u00fdvaru nebo nal\u00edt hork\u00fd v\u00fdvar na krutony pot\u0159en\u00e9 \u010desnekem.<\/p>\n<p>Tipy pro skladov\u00e1n\u00ed<br \/>\nP\u0159ed otev\u0159en\u00edm skladovat p\u0159i pokojov\u00e9 teplot\u011b.<br \/>\nPo otev\u0159en\u00ed skladujte v chladu a rychle spot\u0159ebujte.<\/p>\n<p>Senzorick\u00e9 vlastnosti<br \/>\nPol\u00e9vka z ryb bez kousk\u016f, oran\u017eovo-hn\u011bd\u00e9 barvy. Z\u00e1pach a chu\u0165 charakteristick\u00e1 pro ryb\u00ed pol\u00e9vku.<\/p>\n<p>Slo\u017een\u00ed<br \/>\nVoda, pob\u0159e\u017en\u00ed ryby 26,2%, zelenina (cibule, p\u00f3rek), raj\u010datov\u00fd koncentr\u00e1t, extra panensk\u00fd olivov\u00fd olej, \u0159epkov\u00fd olej, s\u016fl, modifikovan\u00fd kuku\u0159i\u010dn\u00fd \u0161krob, aromatick\u00e9 bylinky, ko\u0159en\u00ed se \u0161afr\u00e1nem.<br \/>\nRyby uloven\u00e9 ve St\u0159edozemn\u00edm mo\u0159i nebo v severov\u00fdchodn\u00edm Atlantiku.<\/p>\n<p>Alergeny<br \/>\nRyby<\/p>\n<p>GMO<br \/>\nNe<\/p>\n<p>Ionizace<br \/>\nNe<\/p>\n<p>P\u0159idan\u00e9 barviva a konzervanty<br \/>\nNe<\/p>\n<p>Objem<br \/>\n765 ml<\/p>\n<p>Nutri\u010dn\u00ed hodnoty<\/p>\n<table width=\"284\">\n<tbody>\n<tr>\n<td width=\"118\">Energetick\u00e1 hodnota (100g)<\/td>\n<td width=\"166\">153 kJ \/ 37 kcal<\/td>\n<\/tr>\n<tr>\n<td>Tuky<\/td>\n<td>2,6g<\/td>\n<\/tr>\n<tr>\n<td>nasycen\u00e9 mastn\u00e9 kyseliny<\/td>\n<td>0,4g<\/td>\n<\/tr>\n<tr>\n<td>Sacharidy<\/td>\n<td>&lt;0,5g<\/td>\n<\/tr>\n<tr>\n<td>z toho cukry<\/td>\n<td>&lt;0,5g<\/td>\n<\/tr>\n<tr>\n<td>Proteiny<\/td>\n<td>3,1g<\/td>\n<\/tr>\n<tr>\n<td>S\u016fl<\/td>\n<td>0,83g<\/td>\n<\/tr>\n<\/tbody>\n<\/table>\n","protected":false},"excerpt":{"rendered":"<h5>Les Belles de Marseille<\/h5>\n<p>Bylo to v roce 1920, kdy za\u010dala \u201erodinn\u00e1 s\u00e1ga\u201c Ferrigno.<\/p>\n<p>Ryb\u00e1\u0159 ve St\u0159edomo\u0159\u00ed ji\u017e po t\u0159i generace, rybolov je pro n\u00e1s v\u00edce ne\u017e pr\u00e1ce, je to v\u00e1\u0161e\u0148.<br \/>\nAutentick\u00e1 chu\u0165 pro n\u00e1s nen\u00ed jen slogan, je pro n\u00e1s kl\u00ed\u010dov\u00e1&#8230;<\/p>\n","protected":false},"featured_media":8871,"comment_status":"open","ping_status":"closed","template":"","meta":[],"product_brand":[],"product_cat":[382],"product_tag":[],"class_list":{"0":"post-5350","1":"product","2":"type-product","3":"status-publish","4":"has-post-thumbnail","6":"product_cat-hotova-jidla","8":"first","9":"instock","10":"taxable","11":"shipping-taxable","12":"purchasable","13":"product-type-simple"},"jetpack_sharing_enabled":true,"_links":{"self":[{"href":"https:\/\/france-gastronomie.shop\/cs\/wp-json\/wp\/v2\/product\/5350","targetHints":{"allow":["GET"]}}],"collection":[{"href":"https:\/\/france-gastronomie.shop\/cs\/wp-json\/wp\/v2\/product"}],"about":[{"href":"https:\/\/france-gastronomie.shop\/cs\/wp-json\/wp\/v2\/types\/product"}],"replies":[{"embeddable":true,"href":"https:\/\/france-gastronomie.shop\/cs\/wp-json\/wp\/v2\/comments?post=5350"}],"wp:featuredmedia":[{"embeddable":true,"href":"https:\/\/france-gastronomie.shop\/cs\/wp-json\/wp\/v2\/media\/8871"}],"wp:attachment":[{"href":"https:\/\/france-gastronomie.shop\/cs\/wp-json\/wp\/v2\/media?parent=5350"}],"wp:term":[{"taxonomy":"product_brand","embeddable":true,"href":"https:\/\/france-gastronomie.shop\/cs\/wp-json\/wp\/v2\/product_brand?post=5350"},{"taxonomy":"product_cat","embeddable":true,"href":"https:\/\/france-gastronomie.shop\/cs\/wp-json\/wp\/v2\/product_cat?post=5350"},{"taxonomy":"product_tag","embeddable":true,"href":"https:\/\/france-gastronomie.shop\/cs\/wp-json\/wp\/v2\/product_tag?post=5350"}],"curies":[{"name":"wp","href":"https:\/\/api.w.org\/{rel}","templated":true}]}}