{"id":535,"date":"2020-08-03T10:54:07","date_gmt":"2020-08-03T10:54:07","guid":{"rendered":"https:\/\/france-gastronomie.shop\/?post_type=product&#038;p=535"},"modified":"2026-04-13T11:38:33","modified_gmt":"2026-04-13T09:38:33","slug":"chateau-cazeau-le-moulin","status":"publish","type":"product","link":"https:\/\/france-gastronomie.shop\/cs\/produit\/chateau-cazeau-le-moulin\/","title":{"rendered":"Ch\u00e2teau Cazeau <br\/> Le Moulin"},"content":{"rendered":"<h5>Ch\u00e2teau Cazeau Le Moulin<\/h5>\n<h5>AOC Vin de Bordeaux<\/h5>\n<p>P\u016eVOD<br \/>\nTento v\u00fdb\u011br byl vyroben v souvislosti s prvn\u00ed zm\u00ednkou o z\u00e1mku, datuj\u00edc\u00ed se 1560, a vzd\u00e1v\u00e1 poctu p\u011bti stolet\u00edm vina\u0159sk\u00e9 historie oblasti, kter\u00e1 p\u0159isp\u011bla k\u00a0vytvo\u0159en\u00ed sou\u010dasn\u00e9ho know-how.<\/p>\n<p>P\u011aSTOV\u00c1N\u00cd R\u00c9VY<br \/>\nUv\u00e1\u017eliv\u00e9 p\u011bstov\u00e1n\u00ed. Ru\u010dn\u00ed \u0159ez. P\u016fdy obohacen\u00e9 organick\u00fdmi hnojivy.<\/p>\n<p>VINIFIKACE<br \/>\nV\u00fdb\u011br podle pozemk\u016f mezi nejkvalitn\u011bj\u0161\u00edmi a nejran\u011bj\u0161\u00edmi.<br \/>\nOmezen\u00e9 v\u00fdnosy.<br \/>\nVinifikace s vyu\u017eit\u00edm princip\u016f integr\u00e1ln\u00ed vinifikace v sudech: \u0159\u00edzen\u00fd p\u0159\u00edvod kysl\u00edku, v\u00fdznamn\u00fd p\u0159\u00ednos d\u0159eva, siln\u00e1 extrakce a \u010dast\u00e9 od\u010derp\u00e1v\u00e1n\u00ed.<\/p>\n<p>ODR\u016eDY<br \/>\n100% Merlot<\/p>\n<p>DEGUSTACE<br \/>\nLe Moulin m\u00e1 velmi hlubokou barvu, uvol\u0148uje \u010derstvou a elegantn\u00ed v\u016fni, p\u0159ipom\u00ednaj\u00edc\u00ed fialky, \u010dern\u00e9 bobule a t\u0159e\u0161n\u011b na ope\u010den\u00e9m podkladu. N\u00e1stup je \u0161irok\u00fd, kulat\u00fd a l\u00edbezn\u00fd, chu\u0165 z\u016fst\u00e1v\u00e1 bl\u00edzk\u00e1 ovoci, podlo\u017een\u00e1 uzav\u0159en\u00fdmi taniny, lesn\u00edm n\u00e1dechem a jemnou kyselost\u00ed, kter\u00e1 dod\u00e1v\u00e1 s\u00edlu a trv\u00e1n\u00ed.<\/p>\n<p>DOPORU\u010cEN\u00cd<br \/>\nCh\u00e2teau Cazeau Le Moulin bude ide\u00e1ln\u00edm dopl\u0148kem ke grilovan\u00fdm \u010derven\u00fdm mas\u016fm, b\u00edl\u00fdm mas\u016fm s om\u00e1\u010dkou nebo sladk\u00fdm s\u00fdr\u016fm.<\/p>\n<p>TEPLOTA 18\u00b0C.<\/p>\n<p>OCEN\u011aN\u00cd<br \/>\n2016: zlat\u00e1 mediale \u2013 Concours de Lyon 2018<\/p>\n","protected":false},"excerpt":{"rendered":"<h5>AOC Vin de Bordeaux<\/h5>\n<p>Maison Le Star je realizac\u00ed snu a vyj\u00e1d\u0159en\u00edm v\u00e1\u0161n\u011b.<br \/>\nObklopeni t\u00fdmem profesion\u00e1l\u016f, enolog\u016f a sommelier\u016f, kte\u0159\u00ed zaru\u010duj\u00ed kvalitu n\u00e1mi vyr\u00e1b\u011bn\u00fdch a vybran\u00fdch v\u00edn, nab\u00edz\u00edme budouc\u00edm milovn\u00edk\u016fm a znalc\u016fm v\u00edna z cel\u00e9ho sv\u011bta kvalitn\u00ed francouzsk\u00e1 v\u00edna za odpov\u00eddaj\u00edc\u00ed cenu.<\/p>\n<p>ODR\u016eDY<br \/>\n100% Merlot<\/p>\n","protected":false},"featured_media":8783,"comment_status":"closed","ping_status":"closed","template":"","meta":[],"product_brand":[],"product_cat":[383,394,400,419,385,388],"product_tag":[],"class_list":{"0":"post-535","1":"product","2":"type-product","3":"status-publish","4":"has-post-thumbnail","6":"product_cat-vina","7":"product_cat-regiony","8":"product_cat-bordeaux-cs","9":"product_cat-vins-de-bordeaux-cs","10":"product_cat-barva","11":"product_cat-cervena-vina","13":"first","14":"instock","15":"taxable","16":"shipping-taxable","17":"purchasable","18":"product-type-simple"},"jetpack_sharing_enabled":true,"_links":{"self":[{"href":"https:\/\/france-gastronomie.shop\/cs\/wp-json\/wp\/v2\/product\/535","targetHints":{"allow":["GET"]}}],"collection":[{"href":"https:\/\/france-gastronomie.shop\/cs\/wp-json\/wp\/v2\/product"}],"about":[{"href":"https:\/\/france-gastronomie.shop\/cs\/wp-json\/wp\/v2\/types\/product"}],"replies":[{"embeddable":true,"href":"https:\/\/france-gastronomie.shop\/cs\/wp-json\/wp\/v2\/comments?post=535"}],"wp:featuredmedia":[{"embeddable":true,"href":"https:\/\/france-gastronomie.shop\/cs\/wp-json\/wp\/v2\/media\/8783"}],"wp:attachment":[{"href":"https:\/\/france-gastronomie.shop\/cs\/wp-json\/wp\/v2\/media?parent=535"}],"wp:term":[{"taxonomy":"product_brand","embeddable":true,"href":"https:\/\/france-gastronomie.shop\/cs\/wp-json\/wp\/v2\/product_brand?post=535"},{"taxonomy":"product_cat","embeddable":true,"href":"https:\/\/france-gastronomie.shop\/cs\/wp-json\/wp\/v2\/product_cat?post=535"},{"taxonomy":"product_tag","embeddable":true,"href":"https:\/\/france-gastronomie.shop\/cs\/wp-json\/wp\/v2\/product_tag?post=535"}],"curies":[{"name":"wp","href":"https:\/\/api.w.org\/{rel}","templated":true}]}}