{"id":5259,"date":"2021-01-08T07:45:27","date_gmt":"2021-01-08T07:45:27","guid":{"rendered":"https:\/\/france-gastronomie.shop\/produit\/zelena-tapenada-bio\/"},"modified":"2026-02-04T14:09:57","modified_gmt":"2026-02-04T13:09:57","slug":"zelena-tapenada-bio","status":"publish","type":"product","link":"https:\/\/france-gastronomie.shop\/cs\/produit\/zelena-tapenada-bio\/","title":{"rendered":"Zelen\u00e1 tapen\u00e1da <br\/> BIO"},"content":{"rendered":"<h5>Zelen\u00e1 tapen\u00e1da &#8211; BIO<br \/>\nLa Bonne Mer<\/h5>\n<p>Rady k pou\u017eit\u00ed<br \/>\nK j\u00eddlu tak, jak je nebo k dochucen\u00ed kruton\u016f a toast\u016f na aperitiv, v sal\u00e1tu, na ryb\u011b nebo grilovan\u00e9m masu.<\/p>\n<p>Tipy pro skladov\u00e1n\u00ed<br \/>\nP\u0159ed otev\u0159en\u00edm skladovat p\u0159i pokojov\u00e9 teplot\u011b.<br \/>\nPo otev\u0159en\u00ed skladujte v chladu a rychle spot\u0159ebujte.<\/p>\n<p>Senzorick\u00e9 vlastnosti<br \/>\nOlivov\u00fd z\u00e1klad, bez kousk\u016f, zelen\u00e9 barvy. Z\u00e1pach a chu\u0165 charakteristick\u00e1 pro tapen\u00e1du.<\/p>\n<p>Slo\u017een\u00ed<br \/>\nZelen\u00e9 olivy * 87,5%, extra panensk\u00fd olivov\u00fd olej *, sardelov\u00e1 pasta, kapary *, aromatick\u00e9 bylinky *.<br \/>\n* Ingredience poch\u00e1z\u00ed z ekologick\u00e9ho zem\u011bd\u011blstv\u00ed.<br \/>\nCertifikov\u00e1no v Bureau Veritas Certification France &#8211; FR-BIO-10.<\/p>\n<p>Alergeny<br \/>\nRyby<\/p>\n<p>GMO<br \/>\nNe<\/p>\n<p>Ionizace<br \/>\nNe<\/p>\n<p>P\u0159idan\u00e9 barviva a konzervanty<br \/>\nNe<\/p>\n<p>Hmotnost<br \/>\n110 g<\/p>\n<p>Nutri\u010dn\u00ed hodnoty<\/p>\n<table width=\"284\">\n<tbody>\n<tr>\n<td width=\"118\">Energetick\u00e1 hodnota (100g)<\/td>\n<td width=\"166\">1089 kJ \/ 265 kcal<\/td>\n<\/tr>\n<tr>\n<td>Tuky<\/td>\n<td>28g<\/td>\n<\/tr>\n<tr>\n<td>nasycen\u00e9 mastn\u00e9 kyseliny<\/td>\n<td>3,8g<\/td>\n<\/tr>\n<tr>\n<td>Sacharidy<\/td>\n<td>&lt;0,5g<\/td>\n<\/tr>\n<tr>\n<td>z toho cukry<\/td>\n<td>&lt;0,5g<\/td>\n<\/tr>\n<tr>\n<td>Vl\u00e1knina<\/td>\n<td>4,9g<\/td>\n<\/tr>\n<tr>\n<td>Proteiny<\/td>\n<td>1,7g<\/td>\n<\/tr>\n<tr>\n<td>S\u016fl<\/td>\n<td>3,48g<\/td>\n<\/tr>\n<\/tbody>\n<\/table>\n","protected":false},"excerpt":{"rendered":"<h5>La Bonne Mer<\/h5>\n<p>Bylo to v roce 1920, kdy za\u010dala \u201erodinn\u00e1 s\u00e1ga\u201c Ferrigno.<\/p>\n<p>Ryb\u00e1\u0159 ve St\u0159edomo\u0159\u00ed ji\u017e po t\u0159i generace, rybolov je pro n\u00e1s v\u00edce ne\u017e pr\u00e1ce, je to v\u00e1\u0161e\u0148.<br \/>\nAutentick\u00e1 chu\u0165 pro n\u00e1s nen\u00ed jen slogan, je pro n\u00e1s kl\u00ed\u010dov\u00e1&#8230;<\/p>\n","protected":false},"featured_media":14182,"comment_status":"open","ping_status":"closed","template":"","meta":[],"product_brand":[],"product_cat":[604,594,441,384],"product_tag":[],"class_list":{"0":"post-5259","1":"product","2":"type-product","3":"status-publish","4":"has-post-thumbnail","6":"product_cat-k-namazani","7":"product_cat-teriny","8":"product_cat-potraviny","9":"product_cat-bio-cs","11":"first","12":"instock","13":"taxable","14":"shipping-taxable","15":"purchasable","16":"product-type-simple"},"jetpack_sharing_enabled":true,"_links":{"self":[{"href":"https:\/\/france-gastronomie.shop\/cs\/wp-json\/wp\/v2\/product\/5259","targetHints":{"allow":["GET"]}}],"collection":[{"href":"https:\/\/france-gastronomie.shop\/cs\/wp-json\/wp\/v2\/product"}],"about":[{"href":"https:\/\/france-gastronomie.shop\/cs\/wp-json\/wp\/v2\/types\/product"}],"replies":[{"embeddable":true,"href":"https:\/\/france-gastronomie.shop\/cs\/wp-json\/wp\/v2\/comments?post=5259"}],"wp:featuredmedia":[{"embeddable":true,"href":"https:\/\/france-gastronomie.shop\/cs\/wp-json\/wp\/v2\/media\/14182"}],"wp:attachment":[{"href":"https:\/\/france-gastronomie.shop\/cs\/wp-json\/wp\/v2\/media?parent=5259"}],"wp:term":[{"taxonomy":"product_brand","embeddable":true,"href":"https:\/\/france-gastronomie.shop\/cs\/wp-json\/wp\/v2\/product_brand?post=5259"},{"taxonomy":"product_cat","embeddable":true,"href":"https:\/\/france-gastronomie.shop\/cs\/wp-json\/wp\/v2\/product_cat?post=5259"},{"taxonomy":"product_tag","embeddable":true,"href":"https:\/\/france-gastronomie.shop\/cs\/wp-json\/wp\/v2\/product_tag?post=5259"}],"curies":[{"name":"wp","href":"https:\/\/api.w.org\/{rel}","templated":true}]}}