{"id":5247,"date":"2021-01-08T07:23:48","date_gmt":"2021-01-08T07:23:48","guid":{"rendered":"https:\/\/france-gastronomie.shop\/produit\/humri-polevka-bio\/"},"modified":"2026-02-04T14:10:46","modified_gmt":"2026-02-04T13:10:46","slug":"humri-polevka-bio","status":"publish","type":"product","link":"https:\/\/france-gastronomie.shop\/cs\/produit\/humri-polevka-bio\/","title":{"rendered":"Pol\u00e9vka\u00a0<br\/> z Humr\u016f"},"content":{"rendered":"<h5>Hum\u0159\u00ed pol\u00e9vka\u00a0s pramenitou vodou\u00a0&#8211; BIO<br \/>\nLa Bonne Mer<\/h5>\n<p>Tato pol\u00e9vka, p\u0159ipraven\u00e1 podle tradi\u010dn\u00ed receptury, je slo\u017eena pouze z humr\u016f a lisovan\u00fdch, nemlet\u00fdch \u200b\u200bryb, d\u00edky nim\u017e je tak chutn\u00e1.<br \/>\nHum\u0159i a divok\u00e9 ryby, pramenit\u00e1 voda a organick\u00e9 p\u0159\u00edsady.<\/p>\n<p>Tipy pro skladov\u00e1n\u00ed<br \/>\nP\u0159ed otev\u0159en\u00edm skladovat p\u0159i pokojov\u00e9 teplot\u011b.<br \/>\nPo otev\u0159en\u00ed skladujte v chladu a rychle spot\u0159ebujte.<\/p>\n<p>Rady k pou\u017eit\u00ed<br \/>\nJemn\u011b oh\u0159\u00e1t v kastrolu, nesm\u00ed va\u0159it. M\u016f\u017eete si uva\u0159it, \u0161pagety nebo t\u011bstovinovou pol\u00e9vku v tomto lahodn\u00e9m v\u00fdvaru nebo nal\u00edt hork\u00fd v\u00fdvar na krutony pot\u0159en\u00e9 \u010desnekem nebo na\u0161\u00ed rouille.<\/p>\n<p>Senzorick\u00e9 vlastnosti<br \/>\nHum\u0159\u00ed pol\u00e9vka bez kousk\u016f, oran\u017eovo-hn\u011bd\u00e9 barvy. V\u016fn\u011b a chu\u0165 charakteristick\u00e1 pro humra.<\/p>\n<p>Slo\u017een\u00ed<br \/>\nPramenit\u00e1 voda, humr 24%, mo\u0161t, raj\u010datov\u00fd koncentr\u00e1t *, r\u00fd\u017ee *, zelenina * (cibule *, mrkev *), modifikovan\u00fd kuku\u0159i\u010dn\u00fd \u0161krob *, extra panensk\u00fd olivov\u00fd olej *, \u0159epkov\u00fd olej *, b\u00edl\u00e9 v\u00edno *, s\u016fl, \u010derstv\u00e1 smetana *, brandy *, m\u00e1slo *, su\u0161en\u00e9 ml\u00e9ko *, cukr *,<br \/>\nko\u0159en\u00ed * a aromatick\u00e9 bylinky *.<br \/>\n* 28,1% p\u0159\u00edsad poch\u00e1z\u00ed z ekologick\u00e9ho zem\u011bd\u011blstv\u00ed.<br \/>\nCertifikov\u00e1no v Bureau Veritas Certification France &#8211; FR-BIO-10.<br \/>\nRyby uloven\u00e9 ve St\u0159edozemn\u00edm mo\u0159i nebo v severov\u00fdchodn\u00edm Atlantiku. Humr chycen\u00fd v severoz\u00e1padn\u00edm Atlantick\u00e9m oce\u00e1nu.<\/p>\n<p>Alergeny<br \/>\nRyby, kor\u00fd\u0161i, ml\u00e9ko<\/p>\n<p>GMO<br \/>\nNe<\/p>\n<p>Ionizace<br \/>\nNe<\/p>\n<p>P\u0159idan\u00e9 barviva a konzervanty<br \/>\nNe<\/p>\n<p>Objem<br \/>\n710 ml<\/p>\n<p>Nutri\u010dn\u00ed hodnoty<\/p>\n<table width=\"284\">\n<tbody>\n<tr>\n<td width=\"118\">Energetick\u00e1 hodnota (100g)<\/td>\n<td width=\"166\">160 kJ \/ 38 kcal<\/td>\n<\/tr>\n<tr>\n<td>Tuky<\/td>\n<td>2,1g<\/td>\n<\/tr>\n<tr>\n<td>nasycen\u00e9 mastn\u00e9 kyseliny<\/td>\n<td>0,5g<\/td>\n<\/tr>\n<tr>\n<td>Sacharidy<\/td>\n<td>3g<\/td>\n<\/tr>\n<tr>\n<td>z toho cukry<\/td>\n<td>&lt;0,5g<\/td>\n<\/tr>\n<tr>\n<td>Proteiny<\/td>\n<td>1,4g<\/td>\n<\/tr>\n<tr>\n<td>S\u016fl<\/td>\n<td>1,05g<\/td>\n<\/tr>\n<\/tbody>\n<\/table>\n","protected":false},"excerpt":{"rendered":"<h5>La Bonne Mer<\/h5>\n<p>Bylo to v roce 1920, kdy za\u010dala \u201erodinn\u00e1 s\u00e1ga\u201c Ferrigno.<\/p>\n<p>Ryb\u00e1\u0159 ve St\u0159edomo\u0159\u00ed ji\u017e po t\u0159i generace, rybolov je pro n\u00e1s v\u00edce ne\u017e pr\u00e1ce, je to v\u00e1\u0161e\u0148.<br \/>\nAutentick\u00e1 chu\u0165 pro n\u00e1s nen\u00ed jen slogan, je pro n\u00e1s kl\u00ed\u010dov\u00e1&#8230;<\/p>\n","protected":false},"featured_media":14239,"comment_status":"open","ping_status":"closed","template":"","meta":[],"product_brand":[],"product_cat":[616,382],"product_tag":[],"class_list":{"0":"post-5247","1":"product","2":"type-product","3":"status-publish","4":"has-post-thumbnail","6":"product_cat-polevky-hotova-jidla","7":"product_cat-hotova-jidla","9":"first","10":"instock","11":"taxable","12":"shipping-taxable","13":"purchasable","14":"product-type-simple"},"jetpack_sharing_enabled":true,"_links":{"self":[{"href":"https:\/\/france-gastronomie.shop\/cs\/wp-json\/wp\/v2\/product\/5247","targetHints":{"allow":["GET"]}}],"collection":[{"href":"https:\/\/france-gastronomie.shop\/cs\/wp-json\/wp\/v2\/product"}],"about":[{"href":"https:\/\/france-gastronomie.shop\/cs\/wp-json\/wp\/v2\/types\/product"}],"replies":[{"embeddable":true,"href":"https:\/\/france-gastronomie.shop\/cs\/wp-json\/wp\/v2\/comments?post=5247"}],"wp:featuredmedia":[{"embeddable":true,"href":"https:\/\/france-gastronomie.shop\/cs\/wp-json\/wp\/v2\/media\/14239"}],"wp:attachment":[{"href":"https:\/\/france-gastronomie.shop\/cs\/wp-json\/wp\/v2\/media?parent=5247"}],"wp:term":[{"taxonomy":"product_brand","embeddable":true,"href":"https:\/\/france-gastronomie.shop\/cs\/wp-json\/wp\/v2\/product_brand?post=5247"},{"taxonomy":"product_cat","embeddable":true,"href":"https:\/\/france-gastronomie.shop\/cs\/wp-json\/wp\/v2\/product_cat?post=5247"},{"taxonomy":"product_tag","embeddable":true,"href":"https:\/\/france-gastronomie.shop\/cs\/wp-json\/wp\/v2\/product_tag?post=5247"}],"curies":[{"name":"wp","href":"https:\/\/api.w.org\/{rel}","templated":true}]}}